{"id":39955,"date":"2025-09-25T11:56:42","date_gmt":"2025-09-25T09:56:42","guid":{"rendered":"https:\/\/studer-innotec.com\/kundendienst\/"},"modified":"2026-02-10T10:41:38","modified_gmt":"2026-02-10T09:41:38","slug":"kundendienst","status":"publish","type":"page","link":"https:\/\/studer-innotec.com\/de\/kundendienst\/","title":{"rendered":"Kundendienst"},"content":{"rendered":"\t\t<div data-elementor-type=\"wp-page\" data-elementor-id=\"39955\" class=\"elementor elementor-39955 elementor-30952\">\n\t\t\t\t\t\t<section class=\"elementor-section elementor-top-section elementor-element elementor-element-562be09 elementor-section-boxed elementor-section-height-default elementor-section-height-default sc_fly_static\" data-id=\"562be09\" data-element_type=\"section\" data-e-type=\"section\">\n\t\t\t\t\t\t<div class=\"elementor-container elementor-column-gap-extended\">\n\t\t\t\t\t<div class=\"elementor-column elementor-col-100 elementor-top-column elementor-element elementor-element-a43e879 sc_content_align_inherit sc_layouts_column_icons_position_left sc_fly_static\" data-id=\"a43e879\" data-element_type=\"column\" data-e-type=\"column\">\n\t\t\t<div class=\"elementor-widget-wrap elementor-element-populated\">\n\t\t\t\t\t\t<div class=\"elementor-element elementor-element-d3f4f7e sc_fly_static elementor-widget elementor-widget-spacer\" data-id=\"d3f4f7e\" data-element_type=\"widget\" data-e-type=\"widget\" data-widget_type=\"spacer.default\">\n\t\t\t\t<div class=\"elementor-widget-container\">\n\t\t\t\t\t\t\t<div class=\"elementor-spacer\">\n\t\t\t<div class=\"elementor-spacer-inner\"><\/div>\n\t\t<\/div>\n\t\t\t\t\t\t<\/div>\n\t\t\t\t<\/div>\n\t\t\t\t\t<\/div>\n\t\t<\/div>\n\t\t\t\t\t<\/div>\n\t\t<\/section>\n\t\t\t\t<section class=\"elementor-section elementor-top-section elementor-element elementor-element-663105c elementor-section-boxed elementor-section-height-default elementor-section-height-default sc_fly_static\" data-id=\"663105c\" data-element_type=\"section\" data-e-type=\"section\">\n\t\t\t\t\t\t<div class=\"elementor-container elementor-column-gap-extended\">\n\t\t\t\t\t<div class=\"elementor-column elementor-col-100 elementor-top-column elementor-element elementor-element-100460e sc_content_align_inherit sc_layouts_column_icons_position_left sc_fly_static\" data-id=\"100460e\" data-element_type=\"column\" data-e-type=\"column\" data-settings=\"{&quot;background_background&quot;:&quot;classic&quot;}\">\n\t\t\t<div class=\"elementor-widget-wrap elementor-element-populated\">\n\t\t\t\t\t\t<div class=\"elementor-element elementor-element-a118ec4 sc_fly_static elementor-widget elementor-widget-heading\" data-id=\"a118ec4\" data-element_type=\"widget\" data-e-type=\"widget\" data-widget_type=\"heading.default\">\n\t\t\t\t<div class=\"elementor-widget-container\">\n\t\t\t\t\t<h2 class=\"elementor-heading-title elementor-size-default\">Kundendienst<\/h2>\t\t\t\t<\/div>\n\t\t\t\t<\/div>\n\t\t\t\t\t<\/div>\n\t\t<\/div>\n\t\t\t\t\t<\/div>\n\t\t<\/section>\n\t\t\t\t<section class=\"elementor-section elementor-top-section elementor-element elementor-element-08477cd elementor-section-boxed elementor-section-height-default elementor-section-height-default sc_fly_static\" data-id=\"08477cd\" data-element_type=\"section\" data-e-type=\"section\">\n\t\t\t\t\t\t<div class=\"elementor-container elementor-column-gap-extended\">\n\t\t\t\t\t<div class=\"elementor-column elementor-col-100 elementor-top-column elementor-element elementor-element-2ab4c75 sc_content_align_inherit sc_layouts_column_icons_position_left sc_fly_static\" data-id=\"2ab4c75\" data-element_type=\"column\" data-e-type=\"column\">\n\t\t\t<div class=\"elementor-widget-wrap elementor-element-populated\">\n\t\t\t\t\t\t<div class=\"elementor-element elementor-element-ba3ca04 sc_height_large sc_fly_static elementor-widget elementor-widget-spacer\" data-id=\"ba3ca04\" data-element_type=\"widget\" data-e-type=\"widget\" data-widget_type=\"spacer.default\">\n\t\t\t\t<div class=\"elementor-widget-container\">\n\t\t\t\t\t\t\t<div class=\"elementor-spacer\">\n\t\t\t<div class=\"elementor-spacer-inner\"><\/div>\n\t\t<\/div>\n\t\t\t\t\t\t<\/div>\n\t\t\t\t<\/div>\n\t\t\t\t\t<\/div>\n\t\t<\/div>\n\t\t\t\t\t<\/div>\n\t\t<\/section>\n\t\t\t\t<section class=\"elementor-section elementor-top-section elementor-element elementor-element-59598c7 elementor-section-boxed elementor-section-height-default elementor-section-height-default sc_fly_static\" data-id=\"59598c7\" data-element_type=\"section\" data-e-type=\"section\" data-settings=\"{&quot;background_background&quot;:&quot;classic&quot;}\">\n\t\t\t\t\t\t<div class=\"elementor-container elementor-column-gap-extended\">\n\t\t\t\t\t<div class=\"elementor-column elementor-col-100 elementor-top-column elementor-element elementor-element-c1f86b6 sc_content_align_inherit sc_layouts_column_icons_position_left sc_fly_static\" data-id=\"c1f86b6\" data-element_type=\"column\" data-e-type=\"column\">\n\t\t\t<div class=\"elementor-widget-wrap elementor-element-populated\">\n\t\t\t\t\t\t<div class=\"elementor-element elementor-element-a81e319 sc_fly_static elementor-widget elementor-widget-text-editor\" data-id=\"a81e319\" data-element_type=\"widget\" data-e-type=\"widget\" data-widget_type=\"text-editor.default\">\n\t\t\t\t<div class=\"elementor-widget-container\">\n\t\t\t\t\t\t\t\t\t<h3>Qualifizierter Servicepartner<\/h3><p><strong>Finden Sie einen qualifizierten Studer-Servicepartner<br><\/strong>Unser Netzwerk aus Servicezentren und Partnern bietet Ihnen verschiedene Standorte, an denen Sie Ihre Studer-Ger\u00e4te bequem reparieren lassen k\u00f6nnen.<br><a href=\"https:\/\/studer-innotec.com\/de\/partner\/\">Partner (QSP, Servicezentrum)<\/a><\/p>\t\t\t\t\t\t\t\t<\/div>\n\t\t\t\t<\/div>\n\t\t\t\t\t<\/div>\n\t\t<\/div>\n\t\t\t\t\t<\/div>\n\t\t<\/section>\n\t\t\t\t<section class=\"elementor-section elementor-top-section elementor-element elementor-element-3ffb5c3 elementor-section-boxed elementor-section-height-default elementor-section-height-default sc_fly_static\" data-id=\"3ffb5c3\" data-element_type=\"section\" data-e-type=\"section\">\n\t\t\t\t\t\t<div class=\"elementor-container elementor-column-gap-extended\">\n\t\t\t\t\t<div class=\"elementor-column elementor-col-100 elementor-top-column elementor-element elementor-element-a197ae8 sc_content_align_inherit sc_layouts_column_icons_position_left sc_fly_static\" data-id=\"a197ae8\" data-element_type=\"column\" data-e-type=\"column\">\n\t\t\t<div class=\"elementor-widget-wrap elementor-element-populated\">\n\t\t\t\t\t\t<div class=\"elementor-element elementor-element-464ca1e sc_fly_static elementor-widget elementor-widget-spacer\" data-id=\"464ca1e\" data-element_type=\"widget\" data-e-type=\"widget\" data-widget_type=\"spacer.default\">\n\t\t\t\t<div class=\"elementor-widget-container\">\n\t\t\t\t\t\t\t<div class=\"elementor-spacer\">\n\t\t\t<div class=\"elementor-spacer-inner\"><\/div>\n\t\t<\/div>\n\t\t\t\t\t\t<\/div>\n\t\t\t\t<\/div>\n\t\t\t\t<section class=\"elementor-section elementor-inner-section elementor-element elementor-element-597cebc elementor-section-boxed elementor-section-height-default elementor-section-height-default sc_fly_static\" data-id=\"597cebc\" data-element_type=\"section\" data-e-type=\"section\">\n\t\t\t\t\t\t<div class=\"elementor-container elementor-column-gap-extended\">\n\t\t\t\t\t<div class=\"elementor-column elementor-col-100 elementor-inner-column elementor-element elementor-element-2173867 sc_content_align_inherit sc_layouts_column_icons_position_left sc_fly_static\" data-id=\"2173867\" data-element_type=\"column\" data-e-type=\"column\" data-settings=\"{&quot;background_background&quot;:&quot;classic&quot;}\">\n\t\t\t<div class=\"elementor-widget-wrap elementor-element-populated\">\n\t\t\t\t\t\t<div class=\"elementor-element elementor-element-aaf675a sc_fly_static elementor-widget elementor-widget-heading\" data-id=\"aaf675a\" data-element_type=\"widget\" data-e-type=\"widget\" data-widget_type=\"heading.default\">\n\t\t\t\t<div class=\"elementor-widget-container\">\n\t\t\t\t\t<h3 class=\"elementor-heading-title elementor-size-default\">Senden Sie Ihr Ger\u00e4t zur Reparatur oder f\u00fcr einen Wartungsservice an das Studer-Werk<\/h3>\t\t\t\t<\/div>\n\t\t\t\t<\/div>\n\t\t\t\t<div class=\"elementor-element elementor-element-be9af27 sc_fly_static elementor-widget elementor-widget-text-editor\" data-id=\"be9af27\" data-element_type=\"widget\" data-e-type=\"widget\" data-widget_type=\"text-editor.default\">\n\t\t\t\t<div class=\"elementor-widget-container\">\n\t\t\t\t\t\t\t\t\t<p>Sie k\u00f6nnen das Ger\u00e4t an unser Werk in der Schweiz senden. Wir werden das Ger\u00e4t analysieren und Ihnen einen Reparaturvorschlag unterbreiten. <\/p><h5><strong>Wie Sie Ihr Ger\u00e4t an Studer Innotec SA senden:<\/strong><\/h5><ol><li><h6><strong>F\u00fcllen Sie das Dokument<\/strong> <strong>\u201eR\u00fccksendeformular f\u00fcr Service\u201c aus.<\/strong><\/h6><p>(Ein Formular pro zur\u00fcckgesendetem Produkt)<br><strong>Laden Sie das Formular hier herunter:<\/strong> <a style=\"color: #d9c16c;\" href=\"https:\/\/studer-innotec.com\/wp-content\/uploads\/2025\/07\/SAV_form_EN.pdf\" target=\"_blank\" rel=\"noopener\">englische Version<\/a>, <a style=\"color: #d9c16c;\" href=\"https:\/\/studer-innotec.com\/wp-content\/uploads\/2025\/07\/SAV_form_FR.pdf\" target=\"_blank\" rel=\"noopener\">franz\u00f6sische Version<\/a> und <a style=\"color: #d9c16c;\" href=\"https:\/\/studer-innotec.com\/wp-content\/uploads\/2025\/07\/SAV_form_DE.pdf\" target=\"_blank\" rel=\"noopener\">deutsche Version<\/a><\/p><p><strong>Geben Sie bitte unbedingt die folgenden Informationen an:<\/strong><\/p><ul><li>Kontaktdaten:<br>Ihren vollst\u00e4ndigen Namen, den Ansprechpartner, Ihre vollst\u00e4ndige Adresse (physische Adresse, Telefonnummer, E-Mail-Adresse\u2026)<\/li><li>Vollst\u00e4ndige Ger\u00e4teinformationen:<ul><li>Name des Ger\u00e4ts (z. B.: next3, next1, xth 8000-48, vt65-175\u2026)<\/li><li>Seriennummer, z. B.: ZHBG55432<\/li><li>Ticketnummer (falls Kontakt mit unserem technischen Support-Team bestand)<\/li><\/ul><\/li><li>Umsatzsteuer-Identifikationsnummer und EORI-Nummer (nur f\u00fcr Unternehmen)<\/li><li>Beschreibung des Problems<\/li><\/ul><\/li><li><h6><strong>Verpackung des Produkts und Versand: <\/strong><\/h6><ul><li>Verwenden Sie einen f\u00fcr das Produkt geeigneten Karton, \u00fcberpr\u00fcfen Sie, ob die Verpackung optimal ist, und sch\u00fctzen Sie das Produkt gut, um Transportsch\u00e4den zu vermeiden. <br><strong>Wichtig: Bei Erhalt eines aufgrund mangelhafter Verpackung transportbesch\u00e4digten Ger\u00e4ts erlischt die Produktgarantie.<br><\/strong><\/li><li>Wenden Sie sich an ein Versandunternehmen und geben Sie Ihre vollst\u00e4ndigen Kontaktdaten, Ihre vollst\u00e4ndige Adresse und, falls abweichend, die Abholadresse an.<\/li><li>Wenn Sie dieses Paket aus einem anderen Land als der Schweiz versenden, legen Sie der Sendung eine Rechnung bei, um Unannehmlichkeiten mit dem Schweizer Zoll zu vermeiden. Auf der Rechnung muss der Wert des im Paket enthaltenen Ger\u00e4ts angegeben sein. Der Schweizer Zoll akzeptiert keine Pakete ohne Rechnung oder Rechnungen mit einem Betrag von 0 CHF\/EUR\/USD. Der Mindestwert f\u00fcr unsere Produkte betr\u00e4gt 50 CHF\/EUR\/USD. Wenn Sie ein Unternehmen sind, m\u00fcssen Sie Ihre Umsatzsteuer- oder EORI-Nummer in der Rechnung angeben. Die HS-Codes Ihrer Ger\u00e4te (z. B. 8504.90) m\u00fcssen auf der Rechnung angegeben sein. Der Rechnungsempf\u00e4nger muss Studer Innotec SA sein.    <\/li><li><strong>Senden Sie Ihr Paket an:<\/strong><br><strong>Studer Innotec SA<br>Rue des Casernes 57<br>1950 Sion<br>Schweiz<\/strong><\/li><\/ul><\/li><\/ol><p><strong>Wichtig:<\/strong><br>Senden Sie nach M\u00f6glichkeit das komplette Ger\u00e4t ein.<br>Das Zubeh\u00f6r muss vollst\u00e4ndig, einschlie\u00dflich der Kabel, eingesandt werden.<br>Wenn Sie nur die Leiterplattenkarten eines Ger\u00e4ts einsenden m\u00fcssen, senden Sie bitte alle Karten des Ger\u00e4ts ein.<\/p><p> <\/p>\t\t\t\t\t\t\t\t<\/div>\n\t\t\t\t<\/div>\n\t\t\t\t<div class=\"elementor-element elementor-element-b17afa7 sc_fly_static elementor-widget elementor-widget-spacer\" data-id=\"b17afa7\" data-element_type=\"widget\" data-e-type=\"widget\" data-widget_type=\"spacer.default\">\n\t\t\t\t<div class=\"elementor-widget-container\">\n\t\t\t\t\t\t\t<div class=\"elementor-spacer\">\n\t\t\t<div class=\"elementor-spacer-inner\"><\/div>\n\t\t<\/div>\n\t\t\t\t\t\t<\/div>\n\t\t\t\t<\/div>\n\t\t\t\t\t<\/div>\n\t\t<\/div>\n\t\t\t\t\t<\/div>\n\t\t<\/section>\n\t\t\t\t\t<\/div>\n\t\t<\/div>\n\t\t\t\t\t<\/div>\n\t\t<\/section>\n\t\t\t\t<section class=\"elementor-section elementor-top-section elementor-element elementor-element-4d6a611 elementor-section-boxed elementor-section-height-default elementor-section-height-default sc_fly_static\" data-id=\"4d6a611\" data-element_type=\"section\" data-e-type=\"section\">\n\t\t\t\t\t\t<div class=\"elementor-container elementor-column-gap-extended\">\n\t\t\t\t\t<div class=\"elementor-column elementor-col-100 elementor-top-column elementor-element elementor-element-c6b7ac0 sc_content_align_inherit sc_layouts_column_icons_position_left sc_fly_static\" data-id=\"c6b7ac0\" data-element_type=\"column\" data-e-type=\"column\">\n\t\t\t<div class=\"elementor-widget-wrap elementor-element-populated\">\n\t\t\t\t\t\t<div class=\"elementor-element elementor-element-b00fac2 sc_fly_static elementor-widget elementor-widget-spacer\" data-id=\"b00fac2\" data-element_type=\"widget\" data-e-type=\"widget\" data-widget_type=\"spacer.default\">\n\t\t\t\t<div class=\"elementor-widget-container\">\n\t\t\t\t\t\t\t<div class=\"elementor-spacer\">\n\t\t\t<div class=\"elementor-spacer-inner\"><\/div>\n\t\t<\/div>\n\t\t\t\t\t\t<\/div>\n\t\t\t\t<\/div>\n\t\t\t\t<div class=\"elementor-element elementor-element-14ec340 sc_fly_static elementor-widget elementor-widget-text-editor\" data-id=\"14ec340\" data-element_type=\"widget\" data-e-type=\"widget\" data-widget_type=\"text-editor.default\">\n\t\t\t\t<div class=\"elementor-widget-container\">\n\t\t\t\t\t\t\t\t\t<h3>Garantiebedingungen<\/h3><p>Erfahren Sie mehr \u00fcber die Bedingungen Ihrer beschr\u00e4nkten <a href=\"https:\/\/studer-innotec.com\/de\/downloads\/\">Studer-Garantie<\/a>.<\/p>\t\t\t\t\t\t\t\t<\/div>\n\t\t\t\t<\/div>\n\t\t\t\t\t<\/div>\n\t\t<\/div>\n\t\t\t\t\t<\/div>\n\t\t<\/section>\n\t\t\t\t<section class=\"elementor-section elementor-top-section elementor-element elementor-element-2438e46 elementor-section-boxed elementor-section-height-default elementor-section-height-default sc_fly_static\" data-id=\"2438e46\" data-element_type=\"section\" data-e-type=\"section\">\n\t\t\t\t\t\t<div class=\"elementor-container elementor-column-gap-extended\">\n\t\t\t\t\t<div class=\"elementor-column elementor-col-100 elementor-top-column elementor-element elementor-element-70b4a3c sc_content_align_inherit sc_layouts_column_icons_position_left sc_fly_static\" data-id=\"70b4a3c\" data-element_type=\"column\" data-e-type=\"column\">\n\t\t\t<div class=\"elementor-widget-wrap elementor-element-populated\">\n\t\t\t\t\t\t<div class=\"elementor-element elementor-element-8b8453c sc_fly_static elementor-widget elementor-widget-spacer\" data-id=\"8b8453c\" data-element_type=\"widget\" data-e-type=\"widget\" data-widget_type=\"spacer.default\">\n\t\t\t\t<div class=\"elementor-widget-container\">\n\t\t\t\t\t\t\t<div class=\"elementor-spacer\">\n\t\t\t<div class=\"elementor-spacer-inner\"><\/div>\n\t\t<\/div>\n\t\t\t\t\t\t<\/div>\n\t\t\t\t<\/div>\n\t\t\t\t\t<\/div>\n\t\t<\/div>\n\t\t\t\t\t<\/div>\n\t\t<\/section>\n\t\t\t\t<\/div>\n\t\t","protected":false},"excerpt":{"rendered":"<p>Kundendienst Qualifizierter Servicepartner Finden Sie einen qualifizierten Studer-ServicepartnerUnser Netzwerk aus Servicezentren und Partnern bietet Ihnen verschiedene Standorte, an denen Sie Ihre Studer-Ger\u00e4te bequem reparieren lassen k\u00f6nnen.Partner (QSP, Servicezentrum) Senden Sie&hellip;<\/p>\n","protected":false},"author":3,"featured_media":0,"parent":0,"menu_order":0,"comment_status":"closed","ping_status":"closed","template":"","meta":{"footnotes":""},"class_list":["post-39955","page","type-page","status-publish","hentry"],"yoast_head":"<!-- This site is optimized with the Yoast SEO plugin v27.3 - https:\/\/yoast.com\/product\/yoast-seo-wordpress\/ -->\n<title>Kundendienst - Studer Innotec<\/title>\n<meta name=\"description\" content=\"Kundendienst f\u00fcr Ihre Ger\u00e4te \u00fcber qualifizierte Partner oder durch direkten Wartungsservice in unserem Werk in der Schweiz.\" \/>\n<meta name=\"robots\" content=\"index, follow, max-snippet:-1, max-image-preview:large, max-video-preview:-1\" \/>\n<link rel=\"canonical\" href=\"https:\/\/studer-innotec.com\/de\/kundendienst\/\" \/>\n<meta property=\"og:locale\" content=\"de_DE\" \/>\n<meta property=\"og:type\" content=\"article\" \/>\n<meta property=\"og:title\" content=\"Wir begleiten Sie auf Ihrem langen Weg\" \/>\n<meta property=\"og:description\" content=\"Unser Engagement endet nicht nach Ihrem Kauf. Erfahren Sie mehr dar\u00fcber, wie Sie Ihr Ger\u00e4t zur Wartung an unser Werk senden k\u00f6nnen.\" \/>\n<meta property=\"og:url\" content=\"https:\/\/studer-innotec.com\/de\/kundendienst\/\" \/>\n<meta property=\"og:site_name\" content=\"Studer Innotec\" \/>\n<meta property=\"article:publisher\" content=\"https:\/\/www.facebook.com\/StuderInnotec\" \/>\n<meta property=\"article:modified_time\" content=\"2026-02-10T09:41:38+00:00\" \/>\n<meta property=\"og:image\" content=\"https:\/\/studer-innotec.com\/wp-content\/uploads\/2026\/01\/logo-studer-SEO.png\" \/>\n\t<meta property=\"og:image:width\" content=\"1200\" \/>\n\t<meta property=\"og:image:height\" content=\"675\" \/>\n\t<meta property=\"og:image:type\" content=\"image\/png\" \/>\n<meta name=\"twitter:card\" content=\"summary_large_image\" \/>\n<meta name=\"twitter:title\" content=\"Wir begleiten Sie auf Ihrem langen Weg\" \/>\n<meta name=\"twitter:description\" content=\"Unser Engagement endet nicht nach Ihrem Kauf. Erfahren Sie mehr dar\u00fcber, wie Sie Ihr Ger\u00e4t zur Wartung an unser Werk senden k\u00f6nnen.\" \/>\n<meta name=\"twitter:label1\" content=\"Gesch\u00e4tzte Lesezeit\" \/>\n\t<meta name=\"twitter:data1\" content=\"2\u00a0Minuten\" \/>\n<script type=\"application\/ld+json\" class=\"yoast-schema-graph\">{\"@context\":\"https:\\\/\\\/schema.org\",\"@graph\":[{\"@type\":\"WebPage\",\"@id\":\"https:\\\/\\\/studer-innotec.com\\\/de\\\/kundendienst\\\/\",\"url\":\"https:\\\/\\\/studer-innotec.com\\\/de\\\/kundendienst\\\/\",\"name\":\"Kundendienst - Studer Innotec\",\"isPartOf\":{\"@id\":\"https:\\\/\\\/studer-innotec.com\\\/de\\\/#website\"},\"datePublished\":\"2025-09-25T09:56:42+00:00\",\"dateModified\":\"2026-02-10T09:41:38+00:00\",\"description\":\"Kundendienst f\u00fcr Ihre Ger\u00e4te \u00fcber qualifizierte Partner oder durch direkten Wartungsservice in unserem Werk in der Schweiz.\",\"breadcrumb\":{\"@id\":\"https:\\\/\\\/studer-innotec.com\\\/de\\\/kundendienst\\\/#breadcrumb\"},\"inLanguage\":\"de\",\"potentialAction\":[{\"@type\":\"ReadAction\",\"target\":[\"https:\\\/\\\/studer-innotec.com\\\/de\\\/kundendienst\\\/\"]}]},{\"@type\":\"BreadcrumbList\",\"@id\":\"https:\\\/\\\/studer-innotec.com\\\/de\\\/kundendienst\\\/#breadcrumb\",\"itemListElement\":[{\"@type\":\"ListItem\",\"position\":1,\"name\":\"Home\",\"item\":\"https:\\\/\\\/studer-innotec.com\\\/de\\\/\"},{\"@type\":\"ListItem\",\"position\":2,\"name\":\"Kundendienst\"}]},{\"@type\":\"WebSite\",\"@id\":\"https:\\\/\\\/studer-innotec.com\\\/de\\\/#website\",\"url\":\"https:\\\/\\\/studer-innotec.com\\\/de\\\/\",\"name\":\"Studer Innotec\",\"description\":\"Leader in offgrid power management\",\"publisher\":{\"@id\":\"https:\\\/\\\/studer-innotec.com\\\/de\\\/#organization\"},\"alternateName\":\"Studer Innotec\",\"potentialAction\":[{\"@type\":\"SearchAction\",\"target\":{\"@type\":\"EntryPoint\",\"urlTemplate\":\"https:\\\/\\\/studer-innotec.com\\\/de\\\/?s={search_term_string}\"},\"query-input\":{\"@type\":\"PropertyValueSpecification\",\"valueRequired\":true,\"valueName\":\"search_term_string\"}}],\"inLanguage\":\"de\"},{\"@type\":\"Organization\",\"@id\":\"https:\\\/\\\/studer-innotec.com\\\/de\\\/#organization\",\"name\":\"Studer Innotec\",\"alternateName\":\"Studer Innotec\",\"url\":\"https:\\\/\\\/studer-innotec.com\\\/de\\\/\",\"logo\":{\"@type\":\"ImageObject\",\"inLanguage\":\"de\",\"@id\":\"https:\\\/\\\/studer-innotec.com\\\/de\\\/#\\\/schema\\\/logo\\\/image\\\/\",\"url\":\"https:\\\/\\\/studer-innotec.com\\\/wp-content\\\/uploads\\\/2024\\\/06\\\/logo-studer-noir-1.png\",\"contentUrl\":\"https:\\\/\\\/studer-innotec.com\\\/wp-content\\\/uploads\\\/2024\\\/06\\\/logo-studer-noir-1.png\",\"width\":182,\"height\":98,\"caption\":\"Studer Innotec\"},\"image\":{\"@id\":\"https:\\\/\\\/studer-innotec.com\\\/de\\\/#\\\/schema\\\/logo\\\/image\\\/\"},\"sameAs\":[\"https:\\\/\\\/www.facebook.com\\\/StuderInnotec\",\"https:\\\/\\\/www.linkedin.com\\\/company\\\/studer-innotec\\\/\",\"https:\\\/\\\/www.instagram.com\\\/studerinnotec\\\/\",\"https:\\\/\\\/www.youtube.com\\\/channel\\\/UCVV4mlwSrtnFWSbE6iIFRBg\"]}]}<\/script>\n<!-- \/ Yoast SEO plugin. -->","yoast_head_json":{"title":"Kundendienst - Studer Innotec","description":"Kundendienst f\u00fcr Ihre Ger\u00e4te \u00fcber qualifizierte Partner oder durch direkten Wartungsservice in unserem Werk in der Schweiz.","robots":{"index":"index","follow":"follow","max-snippet":"max-snippet:-1","max-image-preview":"max-image-preview:large","max-video-preview":"max-video-preview:-1"},"canonical":"https:\/\/studer-innotec.com\/de\/kundendienst\/","og_locale":"de_DE","og_type":"article","og_title":"Wir begleiten Sie auf Ihrem langen Weg","og_description":"Unser Engagement endet nicht nach Ihrem Kauf. Erfahren Sie mehr dar\u00fcber, wie Sie Ihr Ger\u00e4t zur Wartung an unser Werk senden k\u00f6nnen.","og_url":"https:\/\/studer-innotec.com\/de\/kundendienst\/","og_site_name":"Studer Innotec","article_publisher":"https:\/\/www.facebook.com\/StuderInnotec","article_modified_time":"2026-02-10T09:41:38+00:00","og_image":[{"width":1200,"height":675,"url":"https:\/\/studer-innotec.com\/wp-content\/uploads\/2026\/01\/logo-studer-SEO.png","type":"image\/png"}],"twitter_card":"summary_large_image","twitter_title":"Wir begleiten Sie auf Ihrem langen Weg","twitter_description":"Unser Engagement endet nicht nach Ihrem Kauf. Erfahren Sie mehr dar\u00fcber, wie Sie Ihr Ger\u00e4t zur Wartung an unser Werk senden k\u00f6nnen.","twitter_misc":{"Gesch\u00e4tzte Lesezeit":"2\u00a0Minuten"},"schema":{"@context":"https:\/\/schema.org","@graph":[{"@type":"WebPage","@id":"https:\/\/studer-innotec.com\/de\/kundendienst\/","url":"https:\/\/studer-innotec.com\/de\/kundendienst\/","name":"Kundendienst - Studer Innotec","isPartOf":{"@id":"https:\/\/studer-innotec.com\/de\/#website"},"datePublished":"2025-09-25T09:56:42+00:00","dateModified":"2026-02-10T09:41:38+00:00","description":"Kundendienst f\u00fcr Ihre Ger\u00e4te \u00fcber qualifizierte Partner oder durch direkten Wartungsservice in unserem Werk in der Schweiz.","breadcrumb":{"@id":"https:\/\/studer-innotec.com\/de\/kundendienst\/#breadcrumb"},"inLanguage":"de","potentialAction":[{"@type":"ReadAction","target":["https:\/\/studer-innotec.com\/de\/kundendienst\/"]}]},{"@type":"BreadcrumbList","@id":"https:\/\/studer-innotec.com\/de\/kundendienst\/#breadcrumb","itemListElement":[{"@type":"ListItem","position":1,"name":"Home","item":"https:\/\/studer-innotec.com\/de\/"},{"@type":"ListItem","position":2,"name":"Kundendienst"}]},{"@type":"WebSite","@id":"https:\/\/studer-innotec.com\/de\/#website","url":"https:\/\/studer-innotec.com\/de\/","name":"Studer Innotec","description":"Leader in offgrid power management","publisher":{"@id":"https:\/\/studer-innotec.com\/de\/#organization"},"alternateName":"Studer Innotec","potentialAction":[{"@type":"SearchAction","target":{"@type":"EntryPoint","urlTemplate":"https:\/\/studer-innotec.com\/de\/?s={search_term_string}"},"query-input":{"@type":"PropertyValueSpecification","valueRequired":true,"valueName":"search_term_string"}}],"inLanguage":"de"},{"@type":"Organization","@id":"https:\/\/studer-innotec.com\/de\/#organization","name":"Studer Innotec","alternateName":"Studer Innotec","url":"https:\/\/studer-innotec.com\/de\/","logo":{"@type":"ImageObject","inLanguage":"de","@id":"https:\/\/studer-innotec.com\/de\/#\/schema\/logo\/image\/","url":"https:\/\/studer-innotec.com\/wp-content\/uploads\/2024\/06\/logo-studer-noir-1.png","contentUrl":"https:\/\/studer-innotec.com\/wp-content\/uploads\/2024\/06\/logo-studer-noir-1.png","width":182,"height":98,"caption":"Studer Innotec"},"image":{"@id":"https:\/\/studer-innotec.com\/de\/#\/schema\/logo\/image\/"},"sameAs":["https:\/\/www.facebook.com\/StuderInnotec","https:\/\/www.linkedin.com\/company\/studer-innotec\/","https:\/\/www.instagram.com\/studerinnotec\/","https:\/\/www.youtube.com\/channel\/UCVV4mlwSrtnFWSbE6iIFRBg"]}]}},"_links":{"self":[{"href":"https:\/\/studer-innotec.com\/de\/wp-json\/wp\/v2\/pages\/39955","targetHints":{"allow":["GET"]}}],"collection":[{"href":"https:\/\/studer-innotec.com\/de\/wp-json\/wp\/v2\/pages"}],"about":[{"href":"https:\/\/studer-innotec.com\/de\/wp-json\/wp\/v2\/types\/page"}],"author":[{"embeddable":true,"href":"https:\/\/studer-innotec.com\/de\/wp-json\/wp\/v2\/users\/3"}],"replies":[{"embeddable":true,"href":"https:\/\/studer-innotec.com\/de\/wp-json\/wp\/v2\/comments?post=39955"}],"version-history":[{"count":5,"href":"https:\/\/studer-innotec.com\/de\/wp-json\/wp\/v2\/pages\/39955\/revisions"}],"predecessor-version":[{"id":43573,"href":"https:\/\/studer-innotec.com\/de\/wp-json\/wp\/v2\/pages\/39955\/revisions\/43573"}],"wp:attachment":[{"href":"https:\/\/studer-innotec.com\/de\/wp-json\/wp\/v2\/media?parent=39955"}],"curies":[{"name":"wp","href":"https:\/\/api.w.org\/{rel}","templated":true}]}}