{"id":40122,"date":"2024-08-05T11:43:40","date_gmt":"2024-08-05T09:43:40","guid":{"rendered":"https:\/\/studer-innotec.com\/studer-care\/"},"modified":"2026-01-19T10:44:18","modified_gmt":"2026-01-19T09:44:18","slug":"studer-care","status":"publish","type":"page","link":"https:\/\/studer-innotec.com\/de\/studer-care\/","title":{"rendered":"Studer Care"},"content":{"rendered":"\t\t<div data-elementor-type=\"wp-page\" data-elementor-id=\"40122\" class=\"elementor elementor-40122 elementor-20842\">\n\t\t\t\t\t\t<section class=\"elementor-section elementor-top-section elementor-element elementor-element-a810b11 elementor-section-stretched elementor-section-boxed elementor-section-height-default elementor-section-height-default sc_fly_static\" data-id=\"a810b11\" data-element_type=\"section\" data-e-type=\"section\" data-settings=\"{&quot;stretch_section&quot;:&quot;section-stretched&quot;}\">\n\t\t\t\t\t\t<div class=\"elementor-container elementor-column-gap-extended\">\n\t\t\t\t\t<div class=\"elementor-column elementor-col-100 elementor-top-column elementor-element elementor-element-e897643 sc_content_align_inherit sc_layouts_column_icons_position_left sc_fly_static\" data-id=\"e897643\" data-element_type=\"column\" data-e-type=\"column\">\n\t\t\t<div class=\"elementor-widget-wrap elementor-element-populated\">\n\t\t\t\t\t\t<div class=\"elementor-element elementor-element-39c9bd8 sc_fly_static elementor-widget elementor-widget-heading\" data-id=\"39c9bd8\" data-element_type=\"widget\" data-e-type=\"widget\" data-widget_type=\"heading.default\">\n\t\t\t\t<div class=\"elementor-widget-container\">\n\t\t\t\t\t<h1 class=\"elementor-heading-title elementor-size-default\">Studer Innotec \u2013 zeitlose Qualit\u00e4t<\/h1>\t\t\t\t<\/div>\n\t\t\t\t<\/div>\n\t\t\t\t<div class=\"elementor-element elementor-element-f2f5823 sc_fly_static elementor-widget elementor-widget-spacer\" data-id=\"f2f5823\" data-element_type=\"widget\" data-e-type=\"widget\" data-widget_type=\"spacer.default\">\n\t\t\t\t<div class=\"elementor-widget-container\">\n\t\t\t\t\t\t\t<div class=\"elementor-spacer\">\n\t\t\t<div class=\"elementor-spacer-inner\"><\/div>\n\t\t<\/div>\n\t\t\t\t\t\t<\/div>\n\t\t\t\t<\/div>\n\t\t\t\t<section class=\"elementor-section elementor-inner-section elementor-element elementor-element-17d995b elementor-section-boxed elementor-section-height-default elementor-section-height-default sc_fly_static\" data-id=\"17d995b\" data-element_type=\"section\" data-e-type=\"section\">\n\t\t\t\t\t\t<div class=\"elementor-container elementor-column-gap-extended\">\n\t\t\t\t\t<div class=\"elementor-column elementor-col-50 elementor-inner-column elementor-element elementor-element-12b36a9 sc_content_align_inherit sc_layouts_column_icons_position_left sc_fly_static\" data-id=\"12b36a9\" data-element_type=\"column\" data-e-type=\"column\">\n\t\t\t<div class=\"elementor-widget-wrap elementor-element-populated\">\n\t\t\t\t\t\t<div class=\"elementor-element elementor-element-6cfc0d2 sc_fly_static elementor-widget elementor-widget-text-editor\" data-id=\"6cfc0d2\" data-element_type=\"widget\" data-e-type=\"widget\" data-widget_type=\"text-editor.default\">\n\t\t\t\t<div class=\"elementor-widget-container\">\n\t\t\t\t\t\t\t\t\t<h3 style=\"color: white;\">10 Jahre Garantie<\/h3><p>Alle unsere Produkte und Zubeh\u00f6rteile aus den Serien aj, vario, xtender und next profitieren von einer der l\u00e4ngsten Garantiezeiten in der Branche f\u00fcr batteriebasierte Leistungselektronik: einer 10-j\u00e4hrigen Garantie, ohne dass weitere Formalit\u00e4ten erforderlich sind. Erfahren Sie mehr \u00fcber die Bedingungen der beschr\u00e4nkten Garantie von Studer. Erfahren Sie mehr \u00fcber die Bedingungen Ihrer beschr\u00e4nkten <a href=\"https:\/\/studer-innotec.com\/downloads\/#various\">Studer-Garantie<\/a>. <\/p>\t\t\t\t\t\t\t\t<\/div>\n\t\t\t\t<\/div>\n\t\t\t\t<div class=\"elementor-element elementor-element-ad77c9a sc_fly_static elementor-widget elementor-widget-text-editor\" data-id=\"ad77c9a\" data-element_type=\"widget\" data-e-type=\"widget\" data-widget_type=\"text-editor.default\">\n\t\t\t\t<div class=\"elementor-widget-container\">\n\t\t\t\t\t\t\t\t\t<h3>Support<\/h3><p>Dar\u00fcber hinaus verf\u00fcgen wir \u00fcber ein engagiertes Team f\u00fcr den technischen Support, das unsere professionellen Partner in allen Fragen rund um den Vor- und Nachverkauf unterst\u00fctzt. <a href=\"https:\/\/studer-innotec.com\/de\/support\/\">Besuchen Sie unseren Support-Bereich<\/a>, unsere Techniker helfen Ihnen gerne weiter. <\/p>\t\t\t\t\t\t\t\t<\/div>\n\t\t\t\t<\/div>\n\t\t\t\t\t<\/div>\n\t\t<\/div>\n\t\t\t\t<div class=\"elementor-column elementor-col-50 elementor-inner-column elementor-element elementor-element-473a3b4 sc_content_align_inherit sc_layouts_column_icons_position_left sc_fly_static\" data-id=\"473a3b4\" data-element_type=\"column\" data-e-type=\"column\" data-settings=\"{&quot;background_background&quot;:&quot;classic&quot;}\">\n\t\t\t<div class=\"elementor-widget-wrap elementor-element-populated\">\n\t\t\t\t\t\t<div class=\"elementor-element elementor-element-0e3a650 sc_fly_static elementor-widget elementor-widget-image\" data-id=\"0e3a650\" data-element_type=\"widget\" data-e-type=\"widget\" data-widget_type=\"image.default\">\n\t\t\t\t<div class=\"elementor-widget-container\">\n\t\t\t\t\t\t\t\t\t\t\t\t\t\t\t<img fetchpriority=\"high\" decoding=\"async\" width=\"600\" height=\"377\" src=\"https:\/\/studer-innotec.com\/wp-content\/uploads\/2025\/06\/care-warranty.svg\" class=\"attachment-large size-large wp-image-38238\" alt=\"warranty picto\" \/>\t\t\t\t\t\t\t\t\t\t\t\t\t\t\t<\/div>\n\t\t\t\t<\/div>\n\t\t\t\t\t<\/div>\n\t\t<\/div>\n\t\t\t\t\t<\/div>\n\t\t<\/section>\n\t\t\t\t\t<\/div>\n\t\t<\/div>\n\t\t\t\t\t<\/div>\n\t\t<\/section>\n\t\t\t\t<section class=\"elementor-section elementor-top-section elementor-element elementor-element-aad136b elementor-section-boxed elementor-section-height-default elementor-section-height-default sc_fly_static\" data-id=\"aad136b\" data-element_type=\"section\" data-e-type=\"section\">\n\t\t\t\t\t\t<div class=\"elementor-container elementor-column-gap-extended\">\n\t\t\t\t\t<div class=\"elementor-column elementor-col-100 elementor-top-column elementor-element elementor-element-3dadfd0 sc_content_align_inherit sc_layouts_column_icons_position_left sc_fly_static\" data-id=\"3dadfd0\" data-element_type=\"column\" data-e-type=\"column\">\n\t\t\t<div class=\"elementor-widget-wrap elementor-element-populated\">\n\t\t\t\t\t\t<div class=\"elementor-element elementor-element-aea121b sc_fly_static elementor-widget elementor-widget-spacer\" data-id=\"aea121b\" data-element_type=\"widget\" data-e-type=\"widget\" data-widget_type=\"spacer.default\">\n\t\t\t\t<div class=\"elementor-widget-container\">\n\t\t\t\t\t\t\t<div class=\"elementor-spacer\">\n\t\t\t<div class=\"elementor-spacer-inner\"><\/div>\n\t\t<\/div>\n\t\t\t\t\t\t<\/div>\n\t\t\t\t<\/div>\n\t\t\t\t\t<\/div>\n\t\t<\/div>\n\t\t\t\t\t<\/div>\n\t\t<\/section>\n\t\t\t\t<section class=\"elementor-section elementor-top-section elementor-element elementor-element-2cdfc47 elementor-section-stretched elementor-section-boxed elementor-section-height-default elementor-section-height-default sc_fly_static\" data-id=\"2cdfc47\" data-element_type=\"section\" data-e-type=\"section\" data-settings=\"{&quot;stretch_section&quot;:&quot;section-stretched&quot;}\">\n\t\t\t\t\t\t<div class=\"elementor-container elementor-column-gap-extended\">\n\t\t\t\t\t<div class=\"elementor-column elementor-col-100 elementor-top-column elementor-element elementor-element-0954298 sc_content_align_inherit sc_layouts_column_icons_position_left sc_fly_static\" data-id=\"0954298\" data-element_type=\"column\" data-e-type=\"column\" data-settings=\"{&quot;background_background&quot;:&quot;classic&quot;}\">\n\t\t\t<div class=\"elementor-widget-wrap elementor-element-populated\">\n\t\t\t\t\t\t<section class=\"elementor-section elementor-inner-section elementor-element elementor-element-35daa82 elementor-reverse-mobile elementor-section-boxed elementor-section-height-default elementor-section-height-default sc_fly_static\" data-id=\"35daa82\" data-element_type=\"section\" data-e-type=\"section\">\n\t\t\t\t\t\t<div class=\"elementor-container elementor-column-gap-extended\">\n\t\t\t\t\t<div class=\"elementor-column elementor-col-50 elementor-inner-column elementor-element elementor-element-5f4ca32 sc_content_align_inherit sc_layouts_column_icons_position_left sc_fly_static\" data-id=\"5f4ca32\" data-element_type=\"column\" data-e-type=\"column\">\n\t\t\t<div class=\"elementor-widget-wrap elementor-element-populated\">\n\t\t\t\t\t\t<div class=\"elementor-element elementor-element-b99b2a4 sc_fly_static elementor-widget elementor-widget-image\" data-id=\"b99b2a4\" data-element_type=\"widget\" data-e-type=\"widget\" data-widget_type=\"image.default\">\n\t\t\t\t<div class=\"elementor-widget-container\">\n\t\t\t\t\t\t\t\t\t\t\t\t\t\t\t<img decoding=\"async\" width=\"800\" height=\"600\" src=\"https:\/\/studer-innotec.com\/wp-content\/uploads\/2025\/09\/factory-sion-black.svg\" class=\"attachment-large size-large wp-image-38451\" alt=\"factory-sion - black\" \/>\t\t\t\t\t\t\t\t\t\t\t\t\t\t\t<\/div>\n\t\t\t\t<\/div>\n\t\t\t\t\t<\/div>\n\t\t<\/div>\n\t\t\t\t<div class=\"elementor-column elementor-col-50 elementor-inner-column elementor-element elementor-element-35618e1 sc_content_align_inherit sc_layouts_column_icons_position_left sc_fly_static\" data-id=\"35618e1\" data-element_type=\"column\" data-e-type=\"column\">\n\t\t\t<div class=\"elementor-widget-wrap elementor-element-populated\">\n\t\t\t\t\t\t<div class=\"elementor-element elementor-element-d2aac9a sc_fly_static elementor-widget elementor-widget-heading\" data-id=\"d2aac9a\" data-element_type=\"widget\" data-e-type=\"widget\" data-widget_type=\"heading.default\">\n\t\t\t\t<div class=\"elementor-widget-container\">\n\t\t\t\t\t<h3 class=\"elementor-heading-title elementor-size-default\">Stoppt die Obsoleszenz<\/h3>\t\t\t\t<\/div>\n\t\t\t\t<\/div>\n\t\t\t\t<div class=\"elementor-element elementor-element-8b788ad sc_fly_static elementor-widget elementor-widget-spacer\" data-id=\"8b788ad\" data-element_type=\"widget\" data-e-type=\"widget\" data-widget_type=\"spacer.default\">\n\t\t\t\t<div class=\"elementor-widget-container\">\n\t\t\t\t\t\t\t<div class=\"elementor-spacer\">\n\t\t\t<div class=\"elementor-spacer-inner\"><\/div>\n\t\t<\/div>\n\t\t\t\t\t\t<\/div>\n\t\t\t\t<\/div>\n\t\t\t\t<div class=\"elementor-element elementor-element-46a6c23 sc_fly_static elementor-widget elementor-widget-text-editor\" data-id=\"46a6c23\" data-element_type=\"widget\" data-e-type=\"widget\" data-widget_type=\"text-editor.default\">\n\t\t\t\t<div class=\"elementor-widget-container\">\n\t\t\t\t\t\t\t\t\t<p>Bei Studer versuchen wir, geplante Obsoleszenz als eine Frage des Respekts gegen\u00fcber unseren Kunden und unserem Planeten zu betrachten. Unsere hochwertigen Produkte sind auf Langlebigkeit ausgelegt. Sie k\u00f6nnen repariert werden und begleiten Sie \u00fcber eine ganze Generation hinweg. Unsere Produkte haben eine lange kommerzielle Lebensdauer (zum Beispiel kam der <a href=\"https:\/\/studer-innotec.com\/de\/xtender-xth\/\">xtender xth<\/a> 2007 und der <a href=\"https:\/\/studer-innotec.com\/de\/aj2100-2400\/\">aj<\/a> 1998 auf den Markt), was Systemerweiterungen f\u00fcr lange Zeit garantiert.   <\/p>\t\t\t\t\t\t\t\t<\/div>\n\t\t\t\t<\/div>\n\t\t\t\t\t<\/div>\n\t\t<\/div>\n\t\t\t\t\t<\/div>\n\t\t<\/section>\n\t\t\t\t\t<\/div>\n\t\t<\/div>\n\t\t\t\t\t<\/div>\n\t\t<\/section>\n\t\t\t\t<\/div>\n\t\t","protected":false},"excerpt":{"rendered":"<p>Studer Innotec \u2013 zeitlose Qualit\u00e4t 10 Jahre Garantie Alle unsere Produkte und Zubeh\u00f6rteile aus den Serien aj, vario, xtender und next profitieren von einer der l\u00e4ngsten Garantiezeiten in der Branche&hellip;<\/p>\n","protected":false},"author":3,"featured_media":0,"parent":0,"menu_order":0,"comment_status":"closed","ping_status":"closed","template":"","meta":{"footnotes":""},"class_list":["post-40122","page","type-page","status-publish","hentry"],"yoast_head":"<!-- This site is optimized with the Yoast SEO plugin v27.3 - https:\/\/yoast.com\/product\/yoast-seo-wordpress\/ -->\n<title>Studer care: Garantie und Service<\/title>\n<meta name=\"description\" content=\"Studer care bietet 10 Jahre Garantie, professionellen Support und langlebigen Service f\u00fcr Ihre Studer Ger\u00e4te.\" \/>\n<meta name=\"robots\" content=\"index, follow, max-snippet:-1, max-image-preview:large, max-video-preview:-1\" \/>\n<link rel=\"canonical\" href=\"https:\/\/studer-innotec.com\/de\/studer-care\/\" \/>\n<meta property=\"og:locale\" content=\"de_DE\" \/>\n<meta property=\"og:type\" content=\"article\" \/>\n<meta property=\"og:title\" content=\"Studer care: Garantie und Service\" \/>\n<meta property=\"og:description\" content=\"Studer care bietet 10 Jahre Garantie, professionellen Support und langlebigen Service f\u00fcr Ihre Studer Ger\u00e4te.\" \/>\n<meta property=\"og:url\" content=\"https:\/\/studer-innotec.com\/de\/studer-care\/\" \/>\n<meta property=\"og:site_name\" content=\"Studer Innotec\" \/>\n<meta property=\"article:publisher\" content=\"https:\/\/www.facebook.com\/StuderInnotec\" \/>\n<meta property=\"article:modified_time\" content=\"2026-01-19T09:44:18+00:00\" \/>\n<meta property=\"og:image\" content=\"https:\/\/studer-innotec.com\/wp-content\/uploads\/2025\/06\/care-warranty.svg\" \/>\n<meta name=\"twitter:card\" content=\"summary_large_image\" \/>\n<meta name=\"twitter:title\" content=\"Studer care: Garantie und Service\" \/>\n<meta name=\"twitter:description\" content=\"Studer care bietet 10 Jahre Garantie, professionellen Support und langlebigen Service f\u00fcr Ihre Studer Ger\u00e4te.\" \/>\n<meta name=\"twitter:label1\" content=\"Gesch\u00e4tzte Lesezeit\" \/>\n\t<meta name=\"twitter:data1\" content=\"2\u00a0Minuten\" \/>\n<script type=\"application\/ld+json\" class=\"yoast-schema-graph\">{\"@context\":\"https:\\\/\\\/schema.org\",\"@graph\":[{\"@type\":\"WebPage\",\"@id\":\"https:\\\/\\\/studer-innotec.com\\\/de\\\/studer-care\\\/\",\"url\":\"https:\\\/\\\/studer-innotec.com\\\/de\\\/studer-care\\\/\",\"name\":\"Studer care: Garantie und Service\",\"isPartOf\":{\"@id\":\"https:\\\/\\\/studer-innotec.com\\\/de\\\/#website\"},\"primaryImageOfPage\":{\"@id\":\"https:\\\/\\\/studer-innotec.com\\\/de\\\/studer-care\\\/#primaryimage\"},\"image\":{\"@id\":\"https:\\\/\\\/studer-innotec.com\\\/de\\\/studer-care\\\/#primaryimage\"},\"thumbnailUrl\":\"https:\\\/\\\/studer-innotec.com\\\/wp-content\\\/uploads\\\/2025\\\/06\\\/care-warranty.svg\",\"datePublished\":\"2024-08-05T09:43:40+00:00\",\"dateModified\":\"2026-01-19T09:44:18+00:00\",\"description\":\"Studer care bietet 10 Jahre Garantie, professionellen Support und langlebigen Service f\u00fcr Ihre Studer Ger\u00e4te.\",\"breadcrumb\":{\"@id\":\"https:\\\/\\\/studer-innotec.com\\\/de\\\/studer-care\\\/#breadcrumb\"},\"inLanguage\":\"de\",\"potentialAction\":[{\"@type\":\"ReadAction\",\"target\":[\"https:\\\/\\\/studer-innotec.com\\\/de\\\/studer-care\\\/\"]}]},{\"@type\":\"ImageObject\",\"inLanguage\":\"de\",\"@id\":\"https:\\\/\\\/studer-innotec.com\\\/de\\\/studer-care\\\/#primaryimage\",\"url\":\"https:\\\/\\\/studer-innotec.com\\\/wp-content\\\/uploads\\\/2025\\\/06\\\/care-warranty.svg\",\"contentUrl\":\"https:\\\/\\\/studer-innotec.com\\\/wp-content\\\/uploads\\\/2025\\\/06\\\/care-warranty.svg\"},{\"@type\":\"BreadcrumbList\",\"@id\":\"https:\\\/\\\/studer-innotec.com\\\/de\\\/studer-care\\\/#breadcrumb\",\"itemListElement\":[{\"@type\":\"ListItem\",\"position\":1,\"name\":\"Home\",\"item\":\"https:\\\/\\\/studer-innotec.com\\\/de\\\/\"},{\"@type\":\"ListItem\",\"position\":2,\"name\":\"Studer Care\"}]},{\"@type\":\"WebSite\",\"@id\":\"https:\\\/\\\/studer-innotec.com\\\/de\\\/#website\",\"url\":\"https:\\\/\\\/studer-innotec.com\\\/de\\\/\",\"name\":\"Studer Innotec\",\"description\":\"Leader in offgrid power management\",\"publisher\":{\"@id\":\"https:\\\/\\\/studer-innotec.com\\\/de\\\/#organization\"},\"alternateName\":\"Studer Innotec\",\"potentialAction\":[{\"@type\":\"SearchAction\",\"target\":{\"@type\":\"EntryPoint\",\"urlTemplate\":\"https:\\\/\\\/studer-innotec.com\\\/de\\\/?s={search_term_string}\"},\"query-input\":{\"@type\":\"PropertyValueSpecification\",\"valueRequired\":true,\"valueName\":\"search_term_string\"}}],\"inLanguage\":\"de\"},{\"@type\":\"Organization\",\"@id\":\"https:\\\/\\\/studer-innotec.com\\\/de\\\/#organization\",\"name\":\"Studer Innotec\",\"alternateName\":\"Studer Innotec\",\"url\":\"https:\\\/\\\/studer-innotec.com\\\/de\\\/\",\"logo\":{\"@type\":\"ImageObject\",\"inLanguage\":\"de\",\"@id\":\"https:\\\/\\\/studer-innotec.com\\\/de\\\/#\\\/schema\\\/logo\\\/image\\\/\",\"url\":\"https:\\\/\\\/studer-innotec.com\\\/wp-content\\\/uploads\\\/2024\\\/06\\\/logo-studer-noir-1.png\",\"contentUrl\":\"https:\\\/\\\/studer-innotec.com\\\/wp-content\\\/uploads\\\/2024\\\/06\\\/logo-studer-noir-1.png\",\"width\":182,\"height\":98,\"caption\":\"Studer Innotec\"},\"image\":{\"@id\":\"https:\\\/\\\/studer-innotec.com\\\/de\\\/#\\\/schema\\\/logo\\\/image\\\/\"},\"sameAs\":[\"https:\\\/\\\/www.facebook.com\\\/StuderInnotec\",\"https:\\\/\\\/www.linkedin.com\\\/company\\\/studer-innotec\\\/\",\"https:\\\/\\\/www.instagram.com\\\/studerinnotec\\\/\",\"https:\\\/\\\/www.youtube.com\\\/channel\\\/UCVV4mlwSrtnFWSbE6iIFRBg\"]}]}<\/script>\n<!-- \/ Yoast SEO plugin. -->","yoast_head_json":{"title":"Studer care: Garantie und Service","description":"Studer care bietet 10 Jahre Garantie, professionellen Support und langlebigen Service f\u00fcr Ihre Studer Ger\u00e4te.","robots":{"index":"index","follow":"follow","max-snippet":"max-snippet:-1","max-image-preview":"max-image-preview:large","max-video-preview":"max-video-preview:-1"},"canonical":"https:\/\/studer-innotec.com\/de\/studer-care\/","og_locale":"de_DE","og_type":"article","og_title":"Studer care: Garantie und Service","og_description":"Studer care bietet 10 Jahre Garantie, professionellen Support und langlebigen Service f\u00fcr Ihre Studer Ger\u00e4te.","og_url":"https:\/\/studer-innotec.com\/de\/studer-care\/","og_site_name":"Studer Innotec","article_publisher":"https:\/\/www.facebook.com\/StuderInnotec","article_modified_time":"2026-01-19T09:44:18+00:00","og_image":[{"url":"https:\/\/studer-innotec.com\/wp-content\/uploads\/2025\/06\/care-warranty.svg","type":"","width":"","height":""}],"twitter_card":"summary_large_image","twitter_title":"Studer care: Garantie und Service","twitter_description":"Studer care bietet 10 Jahre Garantie, professionellen Support und langlebigen Service f\u00fcr Ihre Studer Ger\u00e4te.","twitter_misc":{"Gesch\u00e4tzte Lesezeit":"2\u00a0Minuten"},"schema":{"@context":"https:\/\/schema.org","@graph":[{"@type":"WebPage","@id":"https:\/\/studer-innotec.com\/de\/studer-care\/","url":"https:\/\/studer-innotec.com\/de\/studer-care\/","name":"Studer care: Garantie und Service","isPartOf":{"@id":"https:\/\/studer-innotec.com\/de\/#website"},"primaryImageOfPage":{"@id":"https:\/\/studer-innotec.com\/de\/studer-care\/#primaryimage"},"image":{"@id":"https:\/\/studer-innotec.com\/de\/studer-care\/#primaryimage"},"thumbnailUrl":"https:\/\/studer-innotec.com\/wp-content\/uploads\/2025\/06\/care-warranty.svg","datePublished":"2024-08-05T09:43:40+00:00","dateModified":"2026-01-19T09:44:18+00:00","description":"Studer care bietet 10 Jahre Garantie, professionellen Support und langlebigen Service f\u00fcr Ihre Studer Ger\u00e4te.","breadcrumb":{"@id":"https:\/\/studer-innotec.com\/de\/studer-care\/#breadcrumb"},"inLanguage":"de","potentialAction":[{"@type":"ReadAction","target":["https:\/\/studer-innotec.com\/de\/studer-care\/"]}]},{"@type":"ImageObject","inLanguage":"de","@id":"https:\/\/studer-innotec.com\/de\/studer-care\/#primaryimage","url":"https:\/\/studer-innotec.com\/wp-content\/uploads\/2025\/06\/care-warranty.svg","contentUrl":"https:\/\/studer-innotec.com\/wp-content\/uploads\/2025\/06\/care-warranty.svg"},{"@type":"BreadcrumbList","@id":"https:\/\/studer-innotec.com\/de\/studer-care\/#breadcrumb","itemListElement":[{"@type":"ListItem","position":1,"name":"Home","item":"https:\/\/studer-innotec.com\/de\/"},{"@type":"ListItem","position":2,"name":"Studer Care"}]},{"@type":"WebSite","@id":"https:\/\/studer-innotec.com\/de\/#website","url":"https:\/\/studer-innotec.com\/de\/","name":"Studer Innotec","description":"Leader in offgrid power management","publisher":{"@id":"https:\/\/studer-innotec.com\/de\/#organization"},"alternateName":"Studer Innotec","potentialAction":[{"@type":"SearchAction","target":{"@type":"EntryPoint","urlTemplate":"https:\/\/studer-innotec.com\/de\/?s={search_term_string}"},"query-input":{"@type":"PropertyValueSpecification","valueRequired":true,"valueName":"search_term_string"}}],"inLanguage":"de"},{"@type":"Organization","@id":"https:\/\/studer-innotec.com\/de\/#organization","name":"Studer Innotec","alternateName":"Studer Innotec","url":"https:\/\/studer-innotec.com\/de\/","logo":{"@type":"ImageObject","inLanguage":"de","@id":"https:\/\/studer-innotec.com\/de\/#\/schema\/logo\/image\/","url":"https:\/\/studer-innotec.com\/wp-content\/uploads\/2024\/06\/logo-studer-noir-1.png","contentUrl":"https:\/\/studer-innotec.com\/wp-content\/uploads\/2024\/06\/logo-studer-noir-1.png","width":182,"height":98,"caption":"Studer Innotec"},"image":{"@id":"https:\/\/studer-innotec.com\/de\/#\/schema\/logo\/image\/"},"sameAs":["https:\/\/www.facebook.com\/StuderInnotec","https:\/\/www.linkedin.com\/company\/studer-innotec\/","https:\/\/www.instagram.com\/studerinnotec\/","https:\/\/www.youtube.com\/channel\/UCVV4mlwSrtnFWSbE6iIFRBg"]}]}},"_links":{"self":[{"href":"https:\/\/studer-innotec.com\/de\/wp-json\/wp\/v2\/pages\/40122","targetHints":{"allow":["GET"]}}],"collection":[{"href":"https:\/\/studer-innotec.com\/de\/wp-json\/wp\/v2\/pages"}],"about":[{"href":"https:\/\/studer-innotec.com\/de\/wp-json\/wp\/v2\/types\/page"}],"author":[{"embeddable":true,"href":"https:\/\/studer-innotec.com\/de\/wp-json\/wp\/v2\/users\/3"}],"replies":[{"embeddable":true,"href":"https:\/\/studer-innotec.com\/de\/wp-json\/wp\/v2\/comments?post=40122"}],"version-history":[{"count":5,"href":"https:\/\/studer-innotec.com\/de\/wp-json\/wp\/v2\/pages\/40122\/revisions"}],"predecessor-version":[{"id":42073,"href":"https:\/\/studer-innotec.com\/de\/wp-json\/wp\/v2\/pages\/40122\/revisions\/42073"}],"wp:attachment":[{"href":"https:\/\/studer-innotec.com\/de\/wp-json\/wp\/v2\/media?parent=40122"}],"curies":[{"name":"wp","href":"https:\/\/api.w.org\/{rel}","templated":true}]}}