{"id":40752,"date":"2024-08-05T11:43:40","date_gmt":"2024-08-05T09:43:40","guid":{"rendered":"https:\/\/studer-innotec.com\/studer-care\/"},"modified":"2026-01-19T17:14:49","modified_gmt":"2026-01-19T16:14:49","slug":"studer-care","status":"publish","type":"page","link":"https:\/\/studer-innotec.com\/es\/studer-care\/","title":{"rendered":"Studer Care"},"content":{"rendered":"\t\t<div data-elementor-type=\"wp-page\" data-elementor-id=\"40752\" class=\"elementor elementor-40752 elementor-20842\">\n\t\t\t\t\t\t<section class=\"elementor-section elementor-top-section elementor-element elementor-element-a810b11 elementor-section-stretched elementor-section-boxed elementor-section-height-default elementor-section-height-default sc_fly_static\" data-id=\"a810b11\" data-element_type=\"section\" data-e-type=\"section\" data-settings=\"{&quot;stretch_section&quot;:&quot;section-stretched&quot;}\">\n\t\t\t\t\t\t<div class=\"elementor-container elementor-column-gap-extended\">\n\t\t\t\t\t<div class=\"elementor-column elementor-col-100 elementor-top-column elementor-element elementor-element-e897643 sc_content_align_inherit sc_layouts_column_icons_position_left sc_fly_static\" data-id=\"e897643\" data-element_type=\"column\" data-e-type=\"column\">\n\t\t\t<div class=\"elementor-widget-wrap elementor-element-populated\">\n\t\t\t\t\t\t<div class=\"elementor-element elementor-element-39c9bd8 sc_fly_static elementor-widget elementor-widget-heading\" data-id=\"39c9bd8\" data-element_type=\"widget\" data-e-type=\"widget\" data-widget_type=\"heading.default\">\n\t\t\t\t<div class=\"elementor-widget-container\">\n\t\t\t\t\t<h1 class=\"elementor-heading-title elementor-size-default\">Studer Innotec, una calidad atemporal<\/h1>\t\t\t\t<\/div>\n\t\t\t\t<\/div>\n\t\t\t\t<div class=\"elementor-element elementor-element-f2f5823 sc_fly_static elementor-widget elementor-widget-spacer\" data-id=\"f2f5823\" data-element_type=\"widget\" data-e-type=\"widget\" data-widget_type=\"spacer.default\">\n\t\t\t\t<div class=\"elementor-widget-container\">\n\t\t\t\t\t\t\t<div class=\"elementor-spacer\">\n\t\t\t<div class=\"elementor-spacer-inner\"><\/div>\n\t\t<\/div>\n\t\t\t\t\t\t<\/div>\n\t\t\t\t<\/div>\n\t\t\t\t<section class=\"elementor-section elementor-inner-section elementor-element elementor-element-17d995b elementor-section-boxed elementor-section-height-default elementor-section-height-default sc_fly_static\" data-id=\"17d995b\" data-element_type=\"section\" data-e-type=\"section\">\n\t\t\t\t\t\t<div class=\"elementor-container elementor-column-gap-extended\">\n\t\t\t\t\t<div class=\"elementor-column elementor-col-50 elementor-inner-column elementor-element elementor-element-12b36a9 sc_content_align_inherit sc_layouts_column_icons_position_left sc_fly_static\" data-id=\"12b36a9\" data-element_type=\"column\" data-e-type=\"column\">\n\t\t\t<div class=\"elementor-widget-wrap elementor-element-populated\">\n\t\t\t\t\t\t<div class=\"elementor-element elementor-element-6cfc0d2 sc_fly_static elementor-widget elementor-widget-text-editor\" data-id=\"6cfc0d2\" data-element_type=\"widget\" data-e-type=\"widget\" data-widget_type=\"text-editor.default\">\n\t\t\t\t<div class=\"elementor-widget-container\">\n\t\t\t\t\t\t\t\t\t<h3 style=\"color: white;\">Garant\u00eda de 10 a\u00f1os<\/h3><p>Todos nuestros productos y accesorios de las series aj, vario, xtender y next se benefician de uno de los per\u00edodos de garant\u00eda m\u00e1s largos del sector de la electr\u00f3nica de potencia basada en bater\u00edas: 10 a\u00f1os de garant\u00eda, sin necesidad de ning\u00fan tr\u00e1mite adicional. Obtenga m\u00e1s informaci\u00f3n sobre las condiciones de <a href=\"https:\/\/studer-innotec.com\/downloads\/#various\">la garant\u00eda limitada de Studer<\/a>. <\/p>\t\t\t\t\t\t\t\t<\/div>\n\t\t\t\t<\/div>\n\t\t\t\t<div class=\"elementor-element elementor-element-ad77c9a sc_fly_static elementor-widget elementor-widget-text-editor\" data-id=\"ad77c9a\" data-element_type=\"widget\" data-e-type=\"widget\" data-widget_type=\"text-editor.default\">\n\t\t\t\t<div class=\"elementor-widget-container\">\n\t\t\t\t\t\t\t\t\t<h3>Soporte<\/h3><p>Adem\u00e1s, contamos con un equipo dedicado de soporte t\u00e9cnico que asiste a nuestros socios profesionales en todos los aspectos relacionados con la preventa y la posventa. <a href=\"https:\/\/studer-innotec.com\/es\/asistencia\/\">Visite nuestra secci\u00f3n de soporte<\/a>; nuestros t\u00e9cnicos estar\u00e1n encantados de ayudarle. <\/p>\t\t\t\t\t\t\t\t<\/div>\n\t\t\t\t<\/div>\n\t\t\t\t\t<\/div>\n\t\t<\/div>\n\t\t\t\t<div class=\"elementor-column elementor-col-50 elementor-inner-column elementor-element elementor-element-473a3b4 sc_content_align_inherit sc_layouts_column_icons_position_left sc_fly_static\" data-id=\"473a3b4\" data-element_type=\"column\" data-e-type=\"column\" data-settings=\"{&quot;background_background&quot;:&quot;classic&quot;}\">\n\t\t\t<div class=\"elementor-widget-wrap elementor-element-populated\">\n\t\t\t\t\t\t<div class=\"elementor-element elementor-element-0e3a650 sc_fly_static elementor-widget elementor-widget-image\" data-id=\"0e3a650\" data-element_type=\"widget\" data-e-type=\"widget\" data-widget_type=\"image.default\">\n\t\t\t\t<div class=\"elementor-widget-container\">\n\t\t\t\t\t\t\t\t\t\t\t\t\t\t\t<img fetchpriority=\"high\" decoding=\"async\" width=\"600\" height=\"377\" src=\"https:\/\/studer-innotec.com\/wp-content\/uploads\/2025\/06\/care-warranty.svg\" class=\"attachment-large size-large wp-image-35917\" alt=\"warranty picto\" \/>\t\t\t\t\t\t\t\t\t\t\t\t\t\t\t<\/div>\n\t\t\t\t<\/div>\n\t\t\t\t\t<\/div>\n\t\t<\/div>\n\t\t\t\t\t<\/div>\n\t\t<\/section>\n\t\t\t\t\t<\/div>\n\t\t<\/div>\n\t\t\t\t\t<\/div>\n\t\t<\/section>\n\t\t\t\t<section class=\"elementor-section elementor-top-section elementor-element elementor-element-aad136b elementor-section-boxed elementor-section-height-default elementor-section-height-default sc_fly_static\" data-id=\"aad136b\" data-element_type=\"section\" data-e-type=\"section\">\n\t\t\t\t\t\t<div class=\"elementor-container elementor-column-gap-extended\">\n\t\t\t\t\t<div class=\"elementor-column elementor-col-100 elementor-top-column elementor-element elementor-element-3dadfd0 sc_content_align_inherit sc_layouts_column_icons_position_left sc_fly_static\" data-id=\"3dadfd0\" data-element_type=\"column\" data-e-type=\"column\">\n\t\t\t<div class=\"elementor-widget-wrap elementor-element-populated\">\n\t\t\t\t\t\t<div class=\"elementor-element elementor-element-aea121b sc_fly_static elementor-widget elementor-widget-spacer\" data-id=\"aea121b\" data-element_type=\"widget\" data-e-type=\"widget\" data-widget_type=\"spacer.default\">\n\t\t\t\t<div class=\"elementor-widget-container\">\n\t\t\t\t\t\t\t<div class=\"elementor-spacer\">\n\t\t\t<div class=\"elementor-spacer-inner\"><\/div>\n\t\t<\/div>\n\t\t\t\t\t\t<\/div>\n\t\t\t\t<\/div>\n\t\t\t\t\t<\/div>\n\t\t<\/div>\n\t\t\t\t\t<\/div>\n\t\t<\/section>\n\t\t\t\t<section class=\"elementor-section elementor-top-section elementor-element elementor-element-2cdfc47 elementor-section-stretched elementor-section-boxed elementor-section-height-default elementor-section-height-default sc_fly_static\" data-id=\"2cdfc47\" data-element_type=\"section\" data-e-type=\"section\" data-settings=\"{&quot;stretch_section&quot;:&quot;section-stretched&quot;}\">\n\t\t\t\t\t\t<div class=\"elementor-container elementor-column-gap-extended\">\n\t\t\t\t\t<div class=\"elementor-column elementor-col-100 elementor-top-column elementor-element elementor-element-0954298 sc_content_align_inherit sc_layouts_column_icons_position_left sc_fly_static\" data-id=\"0954298\" data-element_type=\"column\" data-e-type=\"column\" data-settings=\"{&quot;background_background&quot;:&quot;classic&quot;}\">\n\t\t\t<div class=\"elementor-widget-wrap elementor-element-populated\">\n\t\t\t\t\t\t<section class=\"elementor-section elementor-inner-section elementor-element elementor-element-35daa82 elementor-reverse-mobile elementor-section-boxed elementor-section-height-default elementor-section-height-default sc_fly_static\" data-id=\"35daa82\" data-element_type=\"section\" data-e-type=\"section\">\n\t\t\t\t\t\t<div class=\"elementor-container elementor-column-gap-extended\">\n\t\t\t\t\t<div class=\"elementor-column elementor-col-50 elementor-inner-column elementor-element elementor-element-5f4ca32 sc_content_align_inherit sc_layouts_column_icons_position_left sc_fly_static\" data-id=\"5f4ca32\" data-element_type=\"column\" data-e-type=\"column\">\n\t\t\t<div class=\"elementor-widget-wrap elementor-element-populated\">\n\t\t\t\t\t\t<div class=\"elementor-element elementor-element-b99b2a4 sc_fly_static elementor-widget elementor-widget-image\" data-id=\"b99b2a4\" data-element_type=\"widget\" data-e-type=\"widget\" data-widget_type=\"image.default\">\n\t\t\t\t<div class=\"elementor-widget-container\">\n\t\t\t\t\t\t\t\t\t\t\t\t\t\t\t<img decoding=\"async\" width=\"800\" height=\"600\" src=\"https:\/\/studer-innotec.com\/wp-content\/uploads\/2025\/09\/factory-sion-black.svg\" class=\"attachment-large size-large wp-image-35922\" alt=\"factory-sion - black\" \/>\t\t\t\t\t\t\t\t\t\t\t\t\t\t\t<\/div>\n\t\t\t\t<\/div>\n\t\t\t\t\t<\/div>\n\t\t<\/div>\n\t\t\t\t<div class=\"elementor-column elementor-col-50 elementor-inner-column elementor-element elementor-element-35618e1 sc_content_align_inherit sc_layouts_column_icons_position_left sc_fly_static\" data-id=\"35618e1\" data-element_type=\"column\" data-e-type=\"column\">\n\t\t\t<div class=\"elementor-widget-wrap elementor-element-populated\">\n\t\t\t\t\t\t<div class=\"elementor-element elementor-element-d2aac9a sc_fly_static elementor-widget elementor-widget-heading\" data-id=\"d2aac9a\" data-element_type=\"widget\" data-e-type=\"widget\" data-widget_type=\"heading.default\">\n\t\t\t\t<div class=\"elementor-widget-container\">\n\t\t\t\t\t<h3 class=\"elementor-heading-title elementor-size-default\">Detener la obsolescencia<\/h3>\t\t\t\t<\/div>\n\t\t\t\t<\/div>\n\t\t\t\t<div class=\"elementor-element elementor-element-8b788ad sc_fly_static elementor-widget elementor-widget-spacer\" data-id=\"8b788ad\" data-element_type=\"widget\" data-e-type=\"widget\" data-widget_type=\"spacer.default\">\n\t\t\t\t<div class=\"elementor-widget-container\">\n\t\t\t\t\t\t\t<div class=\"elementor-spacer\">\n\t\t\t<div class=\"elementor-spacer-inner\"><\/div>\n\t\t<\/div>\n\t\t\t\t\t\t<\/div>\n\t\t\t\t<\/div>\n\t\t\t\t<div class=\"elementor-element elementor-element-46a6c23 sc_fly_static elementor-widget elementor-widget-text-editor\" data-id=\"46a6c23\" data-element_type=\"widget\" data-e-type=\"widget\" data-widget_type=\"text-editor.default\">\n\t\t\t\t<div class=\"elementor-widget-container\">\n\t\t\t\t\t\t\t\t\t<p>En Studer afrontamos la obsolescencia programada como una cuesti\u00f3n de respeto tanto hacia nuestros clientes como hacia nuestro planeta. Nuestros productos de alta calidad est\u00e1n dise\u00f1ados para durar. Son reparables y pueden acompa\u00f1arle durante m\u00e1s de una generaci\u00f3n. Nuestros productos tienen una larga vida comercial (por ejemplo, el x<a href=\"https:\/\/studer-innotec.com\/es\/xtender-xth\/\">tender xth<\/a> se lanz\u00f3 en 2007 y <a href=\"https:\/\/studer-innotec.com\/es\/aj2100-2400\/\">el aj en 1998<\/a>), lo que garantiza la posibilidad de ampliar los sistemas durante muchos a\u00f1os.   <\/p>\t\t\t\t\t\t\t\t<\/div>\n\t\t\t\t<\/div>\n\t\t\t\t\t<\/div>\n\t\t<\/div>\n\t\t\t\t\t<\/div>\n\t\t<\/section>\n\t\t\t\t\t<\/div>\n\t\t<\/div>\n\t\t\t\t\t<\/div>\n\t\t<\/section>\n\t\t\t\t<\/div>\n\t\t","protected":false},"excerpt":{"rendered":"<p>Studer Innotec, una calidad atemporal Garant\u00eda de 10 a\u00f1os Todos nuestros productos y accesorios de las series aj, vario, xtender y next se benefician de uno de los per\u00edodos de&hellip;<\/p>\n","protected":false},"author":3,"featured_media":0,"parent":0,"menu_order":0,"comment_status":"closed","ping_status":"closed","template":"","meta":{"footnotes":""},"class_list":["post-40752","page","type-page","status-publish","hentry"],"yoast_head":"<!-- This site is optimized with the Yoast SEO plugin v27.3 - https:\/\/yoast.com\/product\/yoast-seo-wordpress\/ -->\n<title>Studer care: garant\u00eda y servicio t\u00e9cnico - Studer Innotec<\/title>\n<meta name=\"description\" content=\"Studer care: garant\u00eda y servicio con 10 a\u00f1os de garant\u00eda, soporte profesional dedicado y servicio de larga duraci\u00f3n para sus equipos Studer.\" \/>\n<meta name=\"robots\" content=\"index, follow, max-snippet:-1, max-image-preview:large, max-video-preview:-1\" \/>\n<link rel=\"canonical\" href=\"https:\/\/studer-innotec.com\/es\/studer-care\/\" \/>\n<meta property=\"og:locale\" content=\"es_ES\" \/>\n<meta property=\"og:type\" content=\"article\" \/>\n<meta property=\"og:title\" content=\"Studer care: garant\u00eda y servicio\" \/>\n<meta property=\"og:description\" content=\"Studer care: garant\u00eda y servicio con 10 a\u00f1os de garant\u00eda, soporte profesional dedicado y servicio de larga duraci\u00f3n para sus equipos Studer.\" \/>\n<meta property=\"og:url\" content=\"https:\/\/studer-innotec.com\/es\/studer-care\/\" \/>\n<meta property=\"og:site_name\" content=\"Studer Innotec\" \/>\n<meta property=\"article:publisher\" content=\"https:\/\/www.facebook.com\/StuderInnotec\" \/>\n<meta property=\"article:modified_time\" content=\"2026-01-19T16:14:49+00:00\" \/>\n<meta property=\"og:image\" content=\"https:\/\/studer-innotec.com\/wp-content\/uploads\/2025\/06\/care-warranty.svg\" \/>\n<meta name=\"twitter:card\" content=\"summary_large_image\" \/>\n<meta name=\"twitter:title\" content=\"Studer care: garant\u00eda y servicio\" \/>\n<meta name=\"twitter:description\" content=\"Studer care: garant\u00eda y servicio con 10 a\u00f1os de garant\u00eda, soporte profesional dedicado y servicio de larga duraci\u00f3n para sus equipos Studer.\" \/>\n<meta name=\"twitter:label1\" content=\"Tiempo de lectura\" \/>\n\t<meta name=\"twitter:data1\" content=\"2 minutos\" \/>\n<script type=\"application\/ld+json\" class=\"yoast-schema-graph\">{\"@context\":\"https:\\\/\\\/schema.org\",\"@graph\":[{\"@type\":\"WebPage\",\"@id\":\"https:\\\/\\\/studer-innotec.com\\\/es\\\/studer-care\\\/\",\"url\":\"https:\\\/\\\/studer-innotec.com\\\/es\\\/studer-care\\\/\",\"name\":\"Studer care: garant\u00eda y servicio t\u00e9cnico - Studer Innotec\",\"isPartOf\":{\"@id\":\"https:\\\/\\\/studer-innotec.com\\\/es\\\/#website\"},\"primaryImageOfPage\":{\"@id\":\"https:\\\/\\\/studer-innotec.com\\\/es\\\/studer-care\\\/#primaryimage\"},\"image\":{\"@id\":\"https:\\\/\\\/studer-innotec.com\\\/es\\\/studer-care\\\/#primaryimage\"},\"thumbnailUrl\":\"https:\\\/\\\/studer-innotec.com\\\/wp-content\\\/uploads\\\/2025\\\/06\\\/care-warranty.svg\",\"datePublished\":\"2024-08-05T09:43:40+00:00\",\"dateModified\":\"2026-01-19T16:14:49+00:00\",\"description\":\"Studer care: garant\u00eda y servicio con 10 a\u00f1os de garant\u00eda, soporte profesional dedicado y servicio de larga duraci\u00f3n para sus equipos Studer.\",\"breadcrumb\":{\"@id\":\"https:\\\/\\\/studer-innotec.com\\\/es\\\/studer-care\\\/#breadcrumb\"},\"inLanguage\":\"es\",\"potentialAction\":[{\"@type\":\"ReadAction\",\"target\":[\"https:\\\/\\\/studer-innotec.com\\\/es\\\/studer-care\\\/\"]}]},{\"@type\":\"ImageObject\",\"inLanguage\":\"es\",\"@id\":\"https:\\\/\\\/studer-innotec.com\\\/es\\\/studer-care\\\/#primaryimage\",\"url\":\"https:\\\/\\\/studer-innotec.com\\\/wp-content\\\/uploads\\\/2025\\\/06\\\/care-warranty.svg\",\"contentUrl\":\"https:\\\/\\\/studer-innotec.com\\\/wp-content\\\/uploads\\\/2025\\\/06\\\/care-warranty.svg\"},{\"@type\":\"BreadcrumbList\",\"@id\":\"https:\\\/\\\/studer-innotec.com\\\/es\\\/studer-care\\\/#breadcrumb\",\"itemListElement\":[{\"@type\":\"ListItem\",\"position\":1,\"name\":\"Home\",\"item\":\"https:\\\/\\\/studer-innotec.com\\\/es\\\/\"},{\"@type\":\"ListItem\",\"position\":2,\"name\":\"Studer Care\"}]},{\"@type\":\"WebSite\",\"@id\":\"https:\\\/\\\/studer-innotec.com\\\/es\\\/#website\",\"url\":\"https:\\\/\\\/studer-innotec.com\\\/es\\\/\",\"name\":\"Studer Innotec\",\"description\":\"Leader in offgrid power management\",\"publisher\":{\"@id\":\"https:\\\/\\\/studer-innotec.com\\\/es\\\/#organization\"},\"alternateName\":\"Studer Innotec\",\"potentialAction\":[{\"@type\":\"SearchAction\",\"target\":{\"@type\":\"EntryPoint\",\"urlTemplate\":\"https:\\\/\\\/studer-innotec.com\\\/es\\\/?s={search_term_string}\"},\"query-input\":{\"@type\":\"PropertyValueSpecification\",\"valueRequired\":true,\"valueName\":\"search_term_string\"}}],\"inLanguage\":\"es\"},{\"@type\":\"Organization\",\"@id\":\"https:\\\/\\\/studer-innotec.com\\\/es\\\/#organization\",\"name\":\"Studer Innotec\",\"alternateName\":\"Studer Innotec\",\"url\":\"https:\\\/\\\/studer-innotec.com\\\/es\\\/\",\"logo\":{\"@type\":\"ImageObject\",\"inLanguage\":\"es\",\"@id\":\"https:\\\/\\\/studer-innotec.com\\\/es\\\/#\\\/schema\\\/logo\\\/image\\\/\",\"url\":\"https:\\\/\\\/studer-innotec.com\\\/wp-content\\\/uploads\\\/2024\\\/06\\\/logo-studer-noir-1.png\",\"contentUrl\":\"https:\\\/\\\/studer-innotec.com\\\/wp-content\\\/uploads\\\/2024\\\/06\\\/logo-studer-noir-1.png\",\"width\":182,\"height\":98,\"caption\":\"Studer Innotec\"},\"image\":{\"@id\":\"https:\\\/\\\/studer-innotec.com\\\/es\\\/#\\\/schema\\\/logo\\\/image\\\/\"},\"sameAs\":[\"https:\\\/\\\/www.facebook.com\\\/StuderInnotec\",\"https:\\\/\\\/www.linkedin.com\\\/company\\\/studer-innotec\\\/\",\"https:\\\/\\\/www.instagram.com\\\/studerinnotec\\\/\",\"https:\\\/\\\/www.youtube.com\\\/channel\\\/UCVV4mlwSrtnFWSbE6iIFRBg\"]}]}<\/script>\n<!-- \/ Yoast SEO plugin. -->","yoast_head_json":{"title":"Studer care: garant\u00eda y servicio t\u00e9cnico - Studer Innotec","description":"Studer care: garant\u00eda y servicio con 10 a\u00f1os de garant\u00eda, soporte profesional dedicado y servicio de larga duraci\u00f3n para sus equipos Studer.","robots":{"index":"index","follow":"follow","max-snippet":"max-snippet:-1","max-image-preview":"max-image-preview:large","max-video-preview":"max-video-preview:-1"},"canonical":"https:\/\/studer-innotec.com\/es\/studer-care\/","og_locale":"es_ES","og_type":"article","og_title":"Studer care: garant\u00eda y servicio","og_description":"Studer care: garant\u00eda y servicio con 10 a\u00f1os de garant\u00eda, soporte profesional dedicado y servicio de larga duraci\u00f3n para sus equipos Studer.","og_url":"https:\/\/studer-innotec.com\/es\/studer-care\/","og_site_name":"Studer Innotec","article_publisher":"https:\/\/www.facebook.com\/StuderInnotec","article_modified_time":"2026-01-19T16:14:49+00:00","og_image":[{"url":"https:\/\/studer-innotec.com\/wp-content\/uploads\/2025\/06\/care-warranty.svg","type":"","width":"","height":""}],"twitter_card":"summary_large_image","twitter_title":"Studer care: garant\u00eda y servicio","twitter_description":"Studer care: garant\u00eda y servicio con 10 a\u00f1os de garant\u00eda, soporte profesional dedicado y servicio de larga duraci\u00f3n para sus equipos Studer.","twitter_misc":{"Tiempo de lectura":"2 minutos"},"schema":{"@context":"https:\/\/schema.org","@graph":[{"@type":"WebPage","@id":"https:\/\/studer-innotec.com\/es\/studer-care\/","url":"https:\/\/studer-innotec.com\/es\/studer-care\/","name":"Studer care: garant\u00eda y servicio t\u00e9cnico - Studer Innotec","isPartOf":{"@id":"https:\/\/studer-innotec.com\/es\/#website"},"primaryImageOfPage":{"@id":"https:\/\/studer-innotec.com\/es\/studer-care\/#primaryimage"},"image":{"@id":"https:\/\/studer-innotec.com\/es\/studer-care\/#primaryimage"},"thumbnailUrl":"https:\/\/studer-innotec.com\/wp-content\/uploads\/2025\/06\/care-warranty.svg","datePublished":"2024-08-05T09:43:40+00:00","dateModified":"2026-01-19T16:14:49+00:00","description":"Studer care: garant\u00eda y servicio con 10 a\u00f1os de garant\u00eda, soporte profesional dedicado y servicio de larga duraci\u00f3n para sus equipos Studer.","breadcrumb":{"@id":"https:\/\/studer-innotec.com\/es\/studer-care\/#breadcrumb"},"inLanguage":"es","potentialAction":[{"@type":"ReadAction","target":["https:\/\/studer-innotec.com\/es\/studer-care\/"]}]},{"@type":"ImageObject","inLanguage":"es","@id":"https:\/\/studer-innotec.com\/es\/studer-care\/#primaryimage","url":"https:\/\/studer-innotec.com\/wp-content\/uploads\/2025\/06\/care-warranty.svg","contentUrl":"https:\/\/studer-innotec.com\/wp-content\/uploads\/2025\/06\/care-warranty.svg"},{"@type":"BreadcrumbList","@id":"https:\/\/studer-innotec.com\/es\/studer-care\/#breadcrumb","itemListElement":[{"@type":"ListItem","position":1,"name":"Home","item":"https:\/\/studer-innotec.com\/es\/"},{"@type":"ListItem","position":2,"name":"Studer Care"}]},{"@type":"WebSite","@id":"https:\/\/studer-innotec.com\/es\/#website","url":"https:\/\/studer-innotec.com\/es\/","name":"Studer Innotec","description":"Leader in offgrid power management","publisher":{"@id":"https:\/\/studer-innotec.com\/es\/#organization"},"alternateName":"Studer Innotec","potentialAction":[{"@type":"SearchAction","target":{"@type":"EntryPoint","urlTemplate":"https:\/\/studer-innotec.com\/es\/?s={search_term_string}"},"query-input":{"@type":"PropertyValueSpecification","valueRequired":true,"valueName":"search_term_string"}}],"inLanguage":"es"},{"@type":"Organization","@id":"https:\/\/studer-innotec.com\/es\/#organization","name":"Studer Innotec","alternateName":"Studer Innotec","url":"https:\/\/studer-innotec.com\/es\/","logo":{"@type":"ImageObject","inLanguage":"es","@id":"https:\/\/studer-innotec.com\/es\/#\/schema\/logo\/image\/","url":"https:\/\/studer-innotec.com\/wp-content\/uploads\/2024\/06\/logo-studer-noir-1.png","contentUrl":"https:\/\/studer-innotec.com\/wp-content\/uploads\/2024\/06\/logo-studer-noir-1.png","width":182,"height":98,"caption":"Studer Innotec"},"image":{"@id":"https:\/\/studer-innotec.com\/es\/#\/schema\/logo\/image\/"},"sameAs":["https:\/\/www.facebook.com\/StuderInnotec","https:\/\/www.linkedin.com\/company\/studer-innotec\/","https:\/\/www.instagram.com\/studerinnotec\/","https:\/\/www.youtube.com\/channel\/UCVV4mlwSrtnFWSbE6iIFRBg"]}]}},"_links":{"self":[{"href":"https:\/\/studer-innotec.com\/es\/wp-json\/wp\/v2\/pages\/40752","targetHints":{"allow":["GET"]}}],"collection":[{"href":"https:\/\/studer-innotec.com\/es\/wp-json\/wp\/v2\/pages"}],"about":[{"href":"https:\/\/studer-innotec.com\/es\/wp-json\/wp\/v2\/types\/page"}],"author":[{"embeddable":true,"href":"https:\/\/studer-innotec.com\/es\/wp-json\/wp\/v2\/users\/3"}],"replies":[{"embeddable":true,"href":"https:\/\/studer-innotec.com\/es\/wp-json\/wp\/v2\/comments?post=40752"}],"version-history":[{"count":6,"href":"https:\/\/studer-innotec.com\/es\/wp-json\/wp\/v2\/pages\/40752\/revisions"}],"predecessor-version":[{"id":42187,"href":"https:\/\/studer-innotec.com\/es\/wp-json\/wp\/v2\/pages\/40752\/revisions\/42187"}],"wp:attachment":[{"href":"https:\/\/studer-innotec.com\/es\/wp-json\/wp\/v2\/media?parent=40752"}],"curies":[{"name":"wp","href":"https:\/\/api.w.org\/{rel}","templated":true}]}}