{"id":40981,"date":"2025-09-25T11:56:42","date_gmt":"2025-09-25T09:56:42","guid":{"rendered":"https:\/\/studer-innotec.com\/servicio-posventa\/"},"modified":"2026-02-10T10:42:07","modified_gmt":"2026-02-10T09:42:07","slug":"servicio-posventa","status":"publish","type":"page","link":"https:\/\/studer-innotec.com\/es\/servicio-posventa\/","title":{"rendered":"Servicio posventa"},"content":{"rendered":"\t\t<div data-elementor-type=\"wp-page\" data-elementor-id=\"40981\" class=\"elementor elementor-40981 elementor-30952\">\n\t\t\t\t\t\t<section class=\"elementor-section elementor-top-section elementor-element elementor-element-562be09 elementor-section-boxed elementor-section-height-default elementor-section-height-default sc_fly_static\" data-id=\"562be09\" data-element_type=\"section\" data-e-type=\"section\">\n\t\t\t\t\t\t<div class=\"elementor-container elementor-column-gap-extended\">\n\t\t\t\t\t<div class=\"elementor-column elementor-col-100 elementor-top-column elementor-element elementor-element-a43e879 sc_content_align_inherit sc_layouts_column_icons_position_left sc_fly_static\" data-id=\"a43e879\" data-element_type=\"column\" data-e-type=\"column\">\n\t\t\t<div class=\"elementor-widget-wrap elementor-element-populated\">\n\t\t\t\t\t\t<div class=\"elementor-element elementor-element-d3f4f7e sc_fly_static elementor-widget elementor-widget-spacer\" data-id=\"d3f4f7e\" data-element_type=\"widget\" data-e-type=\"widget\" data-widget_type=\"spacer.default\">\n\t\t\t\t<div class=\"elementor-widget-container\">\n\t\t\t\t\t\t\t<div class=\"elementor-spacer\">\n\t\t\t<div class=\"elementor-spacer-inner\"><\/div>\n\t\t<\/div>\n\t\t\t\t\t\t<\/div>\n\t\t\t\t<\/div>\n\t\t\t\t\t<\/div>\n\t\t<\/div>\n\t\t\t\t\t<\/div>\n\t\t<\/section>\n\t\t\t\t<section class=\"elementor-section elementor-top-section elementor-element elementor-element-663105c elementor-section-boxed elementor-section-height-default elementor-section-height-default sc_fly_static\" data-id=\"663105c\" data-element_type=\"section\" data-e-type=\"section\">\n\t\t\t\t\t\t<div class=\"elementor-container elementor-column-gap-extended\">\n\t\t\t\t\t<div class=\"elementor-column elementor-col-100 elementor-top-column elementor-element elementor-element-100460e sc_content_align_inherit sc_layouts_column_icons_position_left sc_fly_static\" data-id=\"100460e\" data-element_type=\"column\" data-e-type=\"column\" data-settings=\"{&quot;background_background&quot;:&quot;classic&quot;}\">\n\t\t\t<div class=\"elementor-widget-wrap elementor-element-populated\">\n\t\t\t\t\t\t<div class=\"elementor-element elementor-element-a118ec4 sc_fly_static elementor-widget elementor-widget-heading\" data-id=\"a118ec4\" data-element_type=\"widget\" data-e-type=\"widget\" data-widget_type=\"heading.default\">\n\t\t\t\t<div class=\"elementor-widget-container\">\n\t\t\t\t\t<h2 class=\"elementor-heading-title elementor-size-default\">Servicio posventa<\/h2>\t\t\t\t<\/div>\n\t\t\t\t<\/div>\n\t\t\t\t\t<\/div>\n\t\t<\/div>\n\t\t\t\t\t<\/div>\n\t\t<\/section>\n\t\t\t\t<section class=\"elementor-section elementor-top-section elementor-element elementor-element-08477cd elementor-section-boxed elementor-section-height-default elementor-section-height-default sc_fly_static\" data-id=\"08477cd\" data-element_type=\"section\" data-e-type=\"section\">\n\t\t\t\t\t\t<div class=\"elementor-container elementor-column-gap-extended\">\n\t\t\t\t\t<div class=\"elementor-column elementor-col-100 elementor-top-column elementor-element elementor-element-2ab4c75 sc_content_align_inherit sc_layouts_column_icons_position_left sc_fly_static\" data-id=\"2ab4c75\" data-element_type=\"column\" data-e-type=\"column\">\n\t\t\t<div class=\"elementor-widget-wrap elementor-element-populated\">\n\t\t\t\t\t\t<div class=\"elementor-element elementor-element-ba3ca04 sc_height_large sc_fly_static elementor-widget elementor-widget-spacer\" data-id=\"ba3ca04\" data-element_type=\"widget\" data-e-type=\"widget\" data-widget_type=\"spacer.default\">\n\t\t\t\t<div class=\"elementor-widget-container\">\n\t\t\t\t\t\t\t<div class=\"elementor-spacer\">\n\t\t\t<div class=\"elementor-spacer-inner\"><\/div>\n\t\t<\/div>\n\t\t\t\t\t\t<\/div>\n\t\t\t\t<\/div>\n\t\t\t\t\t<\/div>\n\t\t<\/div>\n\t\t\t\t\t<\/div>\n\t\t<\/section>\n\t\t\t\t<section class=\"elementor-section elementor-top-section elementor-element elementor-element-59598c7 elementor-section-boxed elementor-section-height-default elementor-section-height-default sc_fly_static\" data-id=\"59598c7\" data-element_type=\"section\" data-e-type=\"section\" data-settings=\"{&quot;background_background&quot;:&quot;classic&quot;}\">\n\t\t\t\t\t\t<div class=\"elementor-container elementor-column-gap-extended\">\n\t\t\t\t\t<div class=\"elementor-column elementor-col-100 elementor-top-column elementor-element elementor-element-c1f86b6 sc_content_align_inherit sc_layouts_column_icons_position_left sc_fly_static\" data-id=\"c1f86b6\" data-element_type=\"column\" data-e-type=\"column\">\n\t\t\t<div class=\"elementor-widget-wrap elementor-element-populated\">\n\t\t\t\t\t\t<div class=\"elementor-element elementor-element-a81e319 sc_fly_static elementor-widget elementor-widget-text-editor\" data-id=\"a81e319\" data-element_type=\"widget\" data-e-type=\"widget\" data-widget_type=\"text-editor.default\">\n\t\t\t\t<div class=\"elementor-widget-container\">\n\t\t\t\t\t\t\t\t\t<h3>Socio de servicio calificado<\/h3><p><strong>Encuentre un socio de servicio t\u00e9cnico calificado de Studer<\/strong><br>Nuestra red de centros de servicio t\u00e9cnico y socios ofrece diferentes ubicaciones para reparar sus dispositivos Studer de forma m\u00e1s c\u00f3moda.<br><a href=\"https:\/\/studer-innotec.com\/es\/asociados\/\">Socios (QSP, centro de servicio t\u00e9cnico)<\/a><\/p>\t\t\t\t\t\t\t\t<\/div>\n\t\t\t\t<\/div>\n\t\t\t\t\t<\/div>\n\t\t<\/div>\n\t\t\t\t\t<\/div>\n\t\t<\/section>\n\t\t\t\t<section class=\"elementor-section elementor-top-section elementor-element elementor-element-3ffb5c3 elementor-section-boxed elementor-section-height-default elementor-section-height-default sc_fly_static\" data-id=\"3ffb5c3\" data-element_type=\"section\" data-e-type=\"section\">\n\t\t\t\t\t\t<div class=\"elementor-container elementor-column-gap-extended\">\n\t\t\t\t\t<div class=\"elementor-column elementor-col-100 elementor-top-column elementor-element elementor-element-a197ae8 sc_content_align_inherit sc_layouts_column_icons_position_left sc_fly_static\" data-id=\"a197ae8\" data-element_type=\"column\" data-e-type=\"column\">\n\t\t\t<div class=\"elementor-widget-wrap elementor-element-populated\">\n\t\t\t\t\t\t<div class=\"elementor-element elementor-element-464ca1e sc_fly_static elementor-widget elementor-widget-spacer\" data-id=\"464ca1e\" data-element_type=\"widget\" data-e-type=\"widget\" data-widget_type=\"spacer.default\">\n\t\t\t\t<div class=\"elementor-widget-container\">\n\t\t\t\t\t\t\t<div class=\"elementor-spacer\">\n\t\t\t<div class=\"elementor-spacer-inner\"><\/div>\n\t\t<\/div>\n\t\t\t\t\t\t<\/div>\n\t\t\t\t<\/div>\n\t\t\t\t<section class=\"elementor-section elementor-inner-section elementor-element elementor-element-597cebc elementor-section-boxed elementor-section-height-default elementor-section-height-default sc_fly_static\" data-id=\"597cebc\" data-element_type=\"section\" data-e-type=\"section\">\n\t\t\t\t\t\t<div class=\"elementor-container elementor-column-gap-extended\">\n\t\t\t\t\t<div class=\"elementor-column elementor-col-100 elementor-inner-column elementor-element elementor-element-2173867 sc_content_align_inherit sc_layouts_column_icons_position_left sc_fly_static\" data-id=\"2173867\" data-element_type=\"column\" data-e-type=\"column\" data-settings=\"{&quot;background_background&quot;:&quot;classic&quot;}\">\n\t\t\t<div class=\"elementor-widget-wrap elementor-element-populated\">\n\t\t\t\t\t\t<div class=\"elementor-element elementor-element-aaf675a sc_fly_static elementor-widget elementor-widget-heading\" data-id=\"aaf675a\" data-element_type=\"widget\" data-e-type=\"widget\" data-widget_type=\"heading.default\">\n\t\t\t\t<div class=\"elementor-widget-container\">\n\t\t\t\t\t<h3 class=\"elementor-heading-title elementor-size-default\">Env\u00ede su dispositivo a la f\u00e1brica de Studer para su reparaci\u00f3n o para realizar un servicio de mantenimiento<\/h3>\t\t\t\t<\/div>\n\t\t\t\t<\/div>\n\t\t\t\t<div class=\"elementor-element elementor-element-be9af27 sc_fly_static elementor-widget elementor-widget-text-editor\" data-id=\"be9af27\" data-element_type=\"widget\" data-e-type=\"widget\" data-widget_type=\"text-editor.default\">\n\t\t\t\t<div class=\"elementor-widget-container\">\n\t\t\t\t\t\t\t\t\t<p>Puede enviar el dispositivo a nuestra f\u00e1brica en Suiza. Analizaremos el dispositivo y le proporcionaremos una propuesta de reparaci\u00f3n. <\/p><h5><strong>C\u00f3mo enviar su dispositivo a Studer Innotec SA:<\/strong><\/h5><ol><li><h6>Rellene el documento \u00abFormulario de devoluci\u00f3n por servicio\u00bb.<\/h6><p>(Un formulario por cada producto devuelto)<br>Descargue el formulario aqu\u00ed: versi\u00f3n en <a style=\"color: #d9c16c;\" href=\"https:\/\/studer-innotec.com\/wp-content\/uploads\/2025\/07\/SAV_form_EN.pdf\" target=\"_blank\" rel=\"noopener\">ingl\u00e9s<\/a>, versi\u00f3n en <a style=\"color: #d9c16c;\" href=\"https:\/\/studer-innotec.com\/wp-content\/uploads\/2025\/07\/SAV_form_FR.pdf\" target=\"_blank\" rel=\"noopener\">franc\u00e9s<\/a> y versi\u00f3n en <a style=\"color: #d9c16c;\" href=\"https:\/\/studer-innotec.com\/wp-content\/uploads\/2025\/07\/SAV_form_DE.pdf\" target=\"_blank\" rel=\"noopener\">alem\u00e1n<\/a>.<\/p><p><strong>Aseg\u00farese de incluir la siguiente informaci\u00f3n:<\/strong><\/p><ul><li>Datos de contacto:<br>Su nombre completo, la persona de contacto, su direcci\u00f3n completa (direcci\u00f3n f\u00edsica, n\u00famero de tel\u00e9fono, direcci\u00f3n de correo electr\u00f3nico&#8230;)<\/li><li>Informaci\u00f3n completa del dispositivo:<ul><li>Nombre del dispositivo (por ejemplo: next3, next1, xth 8000-48, vt65-175&#8230;)<\/li><li>N\u00famero de serie, por ejemplo: ZHBG55432<\/li><li>N\u00famero de ticket (si se ha contactado con nuestro equipo de soporte t\u00e9cnico)<\/li><\/ul><\/li><li>N\u00fameros de IVA y EORI (solo para empresas)<\/li><li>Descripci\u00f3n del problema<\/li><\/ul><\/li><li><h6><strong>Embalaje del producto y env\u00edo: <\/strong><\/h6><ul><li>Utilice una caja adaptada al producto, compruebe que el embalaje sea \u00f3ptimo y proteja bien el producto para evitar cualquier da\u00f1o durante el transporte. <br><strong>Importante: Si recibe un dispositivo da\u00f1ado durante el transporte debido a un embalaje inadecuado, la garant\u00eda del producto quedar\u00e1 anulada.<br><\/strong><\/li><li>P\u00f3ngase en contacto con una empresa de transporte, facil\u00edteles su informaci\u00f3n de contacto completa, su direcci\u00f3n completa y la direcci\u00f3n de recogida si es diferente de su direcci\u00f3n.<\/li><li>Si env\u00eda este paquete desde un pa\u00eds distinto a Suiza, adjunte una factura al env\u00edo para evitar inconvenientes con la aduana suiza. La factura debe mencionar el valor del dispositivo que contiene el paquete; la aduana suiza no acepta paquetes sin factura o facturas con un importe de 0 CHF\/EUR\/USD, con un valor m\u00ednimo de 50 CHF para nuestros productos. Si es una empresa, debe mencionar su n\u00famero de IVA o EORI en la factura. Los c\u00f3digos HS de sus dispositivos (por ejemplo, 8504.90) deben aparecer en la factura. El destinatario de la factura debe ser Studer Innotec SA.    <\/li><li><strong>Env\u00ede su paquete a:<\/strong><br><strong>Studer Innotec SA<br>Rue des Casernes 57<br>1950 Sion<br>Switzerland<\/strong><\/li><\/ul><\/li><\/ol><p><strong>Importante:<\/strong><br>Si es posible, env\u00ede el dispositivo completo.<br>Los accesorios deben enviarse en su totalidad, incluidos los cables.<br>Si solo necesita enviar las tarjetas PCB de un dispositivo, env\u00ede todas las tarjetas del dispositivo.<\/p><p> <\/p>\t\t\t\t\t\t\t\t<\/div>\n\t\t\t\t<\/div>\n\t\t\t\t<div class=\"elementor-element elementor-element-b17afa7 sc_fly_static elementor-widget elementor-widget-spacer\" data-id=\"b17afa7\" data-element_type=\"widget\" data-e-type=\"widget\" data-widget_type=\"spacer.default\">\n\t\t\t\t<div class=\"elementor-widget-container\">\n\t\t\t\t\t\t\t<div class=\"elementor-spacer\">\n\t\t\t<div class=\"elementor-spacer-inner\"><\/div>\n\t\t<\/div>\n\t\t\t\t\t\t<\/div>\n\t\t\t\t<\/div>\n\t\t\t\t\t<\/div>\n\t\t<\/div>\n\t\t\t\t\t<\/div>\n\t\t<\/section>\n\t\t\t\t\t<\/div>\n\t\t<\/div>\n\t\t\t\t\t<\/div>\n\t\t<\/section>\n\t\t\t\t<section class=\"elementor-section elementor-top-section elementor-element elementor-element-4d6a611 elementor-section-boxed elementor-section-height-default elementor-section-height-default sc_fly_static\" data-id=\"4d6a611\" data-element_type=\"section\" data-e-type=\"section\">\n\t\t\t\t\t\t<div class=\"elementor-container elementor-column-gap-extended\">\n\t\t\t\t\t<div class=\"elementor-column elementor-col-100 elementor-top-column elementor-element elementor-element-c6b7ac0 sc_content_align_inherit sc_layouts_column_icons_position_left sc_fly_static\" data-id=\"c6b7ac0\" data-element_type=\"column\" data-e-type=\"column\">\n\t\t\t<div class=\"elementor-widget-wrap elementor-element-populated\">\n\t\t\t\t\t\t<div class=\"elementor-element elementor-element-b00fac2 sc_fly_static elementor-widget elementor-widget-spacer\" data-id=\"b00fac2\" data-element_type=\"widget\" data-e-type=\"widget\" data-widget_type=\"spacer.default\">\n\t\t\t\t<div class=\"elementor-widget-container\">\n\t\t\t\t\t\t\t<div class=\"elementor-spacer\">\n\t\t\t<div class=\"elementor-spacer-inner\"><\/div>\n\t\t<\/div>\n\t\t\t\t\t\t<\/div>\n\t\t\t\t<\/div>\n\t\t\t\t<div class=\"elementor-element elementor-element-14ec340 sc_fly_static elementor-widget elementor-widget-text-editor\" data-id=\"14ec340\" data-element_type=\"widget\" data-e-type=\"widget\" data-widget_type=\"text-editor.default\">\n\t\t\t\t<div class=\"elementor-widget-container\">\n\t\t\t\t\t\t\t\t\t<h3>Condiciones de garant\u00eda<\/h3><p>M\u00e1s informaci\u00f3n sobre <a href=\"https:\/\/studer-innotec.com\/es\/descargas\/\">las condiciones de la garant\u00eda limitada de Studer<\/a>.<\/p>\t\t\t\t\t\t\t\t<\/div>\n\t\t\t\t<\/div>\n\t\t\t\t\t<\/div>\n\t\t<\/div>\n\t\t\t\t\t<\/div>\n\t\t<\/section>\n\t\t\t\t<section class=\"elementor-section elementor-top-section elementor-element elementor-element-2438e46 elementor-section-boxed elementor-section-height-default elementor-section-height-default sc_fly_static\" data-id=\"2438e46\" data-element_type=\"section\" data-e-type=\"section\">\n\t\t\t\t\t\t<div class=\"elementor-container elementor-column-gap-extended\">\n\t\t\t\t\t<div class=\"elementor-column elementor-col-100 elementor-top-column elementor-element elementor-element-70b4a3c sc_content_align_inherit sc_layouts_column_icons_position_left sc_fly_static\" data-id=\"70b4a3c\" data-element_type=\"column\" data-e-type=\"column\">\n\t\t\t<div class=\"elementor-widget-wrap elementor-element-populated\">\n\t\t\t\t\t\t<div class=\"elementor-element elementor-element-8b8453c sc_fly_static elementor-widget elementor-widget-spacer\" data-id=\"8b8453c\" data-element_type=\"widget\" data-e-type=\"widget\" data-widget_type=\"spacer.default\">\n\t\t\t\t<div class=\"elementor-widget-container\">\n\t\t\t\t\t\t\t<div class=\"elementor-spacer\">\n\t\t\t<div class=\"elementor-spacer-inner\"><\/div>\n\t\t<\/div>\n\t\t\t\t\t\t<\/div>\n\t\t\t\t<\/div>\n\t\t\t\t\t<\/div>\n\t\t<\/div>\n\t\t\t\t\t<\/div>\n\t\t<\/section>\n\t\t\t\t<\/div>\n\t\t","protected":false},"excerpt":{"rendered":"<p>Servicio posventa Socio de servicio calificado Encuentre un socio de servicio t\u00e9cnico calificado de StuderNuestra red de centros de servicio t\u00e9cnico y socios ofrece diferentes ubicaciones para reparar sus dispositivos&hellip;<\/p>\n","protected":false},"author":3,"featured_media":0,"parent":0,"menu_order":0,"comment_status":"closed","ping_status":"closed","template":"","meta":{"footnotes":""},"class_list":["post-40981","page","type-page","status-publish","hentry"],"yoast_head":"<!-- This site is optimized with the Yoast SEO plugin v27.3 - https:\/\/yoast.com\/product\/yoast-seo-wordpress\/ -->\n<title>Servicio posventa y garant\u00eda - Studer Innotec<\/title>\n<meta name=\"description\" content=\"Servicio posventa para sus equipos a trav\u00e9s de socios calificados o mediante mantenimiento directo en nuestras instalaciones en Suiza.\" \/>\n<meta name=\"robots\" content=\"index, follow, max-snippet:-1, max-image-preview:large, max-video-preview:-1\" \/>\n<link rel=\"canonical\" href=\"https:\/\/studer-innotec.com\/es\/servicio-posventa\/\" \/>\n<meta property=\"og:locale\" content=\"es_ES\" \/>\n<meta property=\"og:type\" content=\"article\" \/>\n<meta property=\"og:title\" content=\"Estamos contigo a largo plazo.\" \/>\n<meta property=\"og:description\" content=\"Nuestro compromiso no termina despu\u00e9s de su compra. Obtenga m\u00e1s informaci\u00f3n sobre c\u00f3mo enviar su dispositivo a nuestra f\u00e1brica para realizar un servicio de mantenimiento.\" \/>\n<meta property=\"og:url\" content=\"https:\/\/studer-innotec.com\/es\/servicio-posventa\/\" \/>\n<meta property=\"og:site_name\" content=\"Studer Innotec\" \/>\n<meta property=\"article:publisher\" content=\"https:\/\/www.facebook.com\/StuderInnotec\" \/>\n<meta property=\"article:modified_time\" content=\"2026-02-10T09:42:07+00:00\" \/>\n<meta property=\"og:image\" content=\"https:\/\/studer-innotec.com\/wp-content\/uploads\/2026\/01\/logo-studer-SEO.png\" \/>\n\t<meta property=\"og:image:width\" content=\"1200\" \/>\n\t<meta property=\"og:image:height\" content=\"675\" \/>\n\t<meta property=\"og:image:type\" content=\"image\/png\" \/>\n<meta name=\"twitter:card\" content=\"summary_large_image\" \/>\n<meta name=\"twitter:title\" content=\"Estamos contigo a largo plazo.\" \/>\n<meta name=\"twitter:description\" content=\"Nuestro compromiso no termina despu\u00e9s de su compra. Obtenga m\u00e1s informaci\u00f3n sobre c\u00f3mo enviar su dispositivo a nuestra f\u00e1brica para realizar un servicio de mantenimiento.\" \/>\n<meta name=\"twitter:label1\" content=\"Tiempo de lectura\" \/>\n\t<meta name=\"twitter:data1\" content=\"2 minutos\" \/>\n<script type=\"application\/ld+json\" class=\"yoast-schema-graph\">{\"@context\":\"https:\\\/\\\/schema.org\",\"@graph\":[{\"@type\":\"WebPage\",\"@id\":\"https:\\\/\\\/studer-innotec.com\\\/es\\\/servicio-posventa\\\/\",\"url\":\"https:\\\/\\\/studer-innotec.com\\\/es\\\/servicio-posventa\\\/\",\"name\":\"Servicio posventa y garant\u00eda - Studer Innotec\",\"isPartOf\":{\"@id\":\"https:\\\/\\\/studer-innotec.com\\\/es\\\/#website\"},\"datePublished\":\"2025-09-25T09:56:42+00:00\",\"dateModified\":\"2026-02-10T09:42:07+00:00\",\"description\":\"Servicio posventa para sus equipos a trav\u00e9s de socios calificados o mediante mantenimiento directo en nuestras instalaciones en Suiza.\",\"breadcrumb\":{\"@id\":\"https:\\\/\\\/studer-innotec.com\\\/es\\\/servicio-posventa\\\/#breadcrumb\"},\"inLanguage\":\"es\",\"potentialAction\":[{\"@type\":\"ReadAction\",\"target\":[\"https:\\\/\\\/studer-innotec.com\\\/es\\\/servicio-posventa\\\/\"]}]},{\"@type\":\"BreadcrumbList\",\"@id\":\"https:\\\/\\\/studer-innotec.com\\\/es\\\/servicio-posventa\\\/#breadcrumb\",\"itemListElement\":[{\"@type\":\"ListItem\",\"position\":1,\"name\":\"Home\",\"item\":\"https:\\\/\\\/studer-innotec.com\\\/es\\\/\"},{\"@type\":\"ListItem\",\"position\":2,\"name\":\"Servicio posventa\"}]},{\"@type\":\"WebSite\",\"@id\":\"https:\\\/\\\/studer-innotec.com\\\/es\\\/#website\",\"url\":\"https:\\\/\\\/studer-innotec.com\\\/es\\\/\",\"name\":\"Studer Innotec\",\"description\":\"Leader in offgrid power management\",\"publisher\":{\"@id\":\"https:\\\/\\\/studer-innotec.com\\\/es\\\/#organization\"},\"alternateName\":\"Studer Innotec\",\"potentialAction\":[{\"@type\":\"SearchAction\",\"target\":{\"@type\":\"EntryPoint\",\"urlTemplate\":\"https:\\\/\\\/studer-innotec.com\\\/es\\\/?s={search_term_string}\"},\"query-input\":{\"@type\":\"PropertyValueSpecification\",\"valueRequired\":true,\"valueName\":\"search_term_string\"}}],\"inLanguage\":\"es\"},{\"@type\":\"Organization\",\"@id\":\"https:\\\/\\\/studer-innotec.com\\\/es\\\/#organization\",\"name\":\"Studer Innotec\",\"alternateName\":\"Studer Innotec\",\"url\":\"https:\\\/\\\/studer-innotec.com\\\/es\\\/\",\"logo\":{\"@type\":\"ImageObject\",\"inLanguage\":\"es\",\"@id\":\"https:\\\/\\\/studer-innotec.com\\\/es\\\/#\\\/schema\\\/logo\\\/image\\\/\",\"url\":\"https:\\\/\\\/studer-innotec.com\\\/wp-content\\\/uploads\\\/2024\\\/06\\\/logo-studer-noir-1.png\",\"contentUrl\":\"https:\\\/\\\/studer-innotec.com\\\/wp-content\\\/uploads\\\/2024\\\/06\\\/logo-studer-noir-1.png\",\"width\":182,\"height\":98,\"caption\":\"Studer Innotec\"},\"image\":{\"@id\":\"https:\\\/\\\/studer-innotec.com\\\/es\\\/#\\\/schema\\\/logo\\\/image\\\/\"},\"sameAs\":[\"https:\\\/\\\/www.facebook.com\\\/StuderInnotec\",\"https:\\\/\\\/www.linkedin.com\\\/company\\\/studer-innotec\\\/\",\"https:\\\/\\\/www.instagram.com\\\/studerinnotec\\\/\",\"https:\\\/\\\/www.youtube.com\\\/channel\\\/UCVV4mlwSrtnFWSbE6iIFRBg\"]}]}<\/script>\n<!-- \/ Yoast SEO plugin. -->","yoast_head_json":{"title":"Servicio posventa y garant\u00eda - Studer Innotec","description":"Servicio posventa para sus equipos a trav\u00e9s de socios calificados o mediante mantenimiento directo en nuestras instalaciones en Suiza.","robots":{"index":"index","follow":"follow","max-snippet":"max-snippet:-1","max-image-preview":"max-image-preview:large","max-video-preview":"max-video-preview:-1"},"canonical":"https:\/\/studer-innotec.com\/es\/servicio-posventa\/","og_locale":"es_ES","og_type":"article","og_title":"Estamos contigo a largo plazo.","og_description":"Nuestro compromiso no termina despu\u00e9s de su compra. Obtenga m\u00e1s informaci\u00f3n sobre c\u00f3mo enviar su dispositivo a nuestra f\u00e1brica para realizar un servicio de mantenimiento.","og_url":"https:\/\/studer-innotec.com\/es\/servicio-posventa\/","og_site_name":"Studer Innotec","article_publisher":"https:\/\/www.facebook.com\/StuderInnotec","article_modified_time":"2026-02-10T09:42:07+00:00","og_image":[{"width":1200,"height":675,"url":"https:\/\/studer-innotec.com\/wp-content\/uploads\/2026\/01\/logo-studer-SEO.png","type":"image\/png"}],"twitter_card":"summary_large_image","twitter_title":"Estamos contigo a largo plazo.","twitter_description":"Nuestro compromiso no termina despu\u00e9s de su compra. Obtenga m\u00e1s informaci\u00f3n sobre c\u00f3mo enviar su dispositivo a nuestra f\u00e1brica para realizar un servicio de mantenimiento.","twitter_misc":{"Tiempo de lectura":"2 minutos"},"schema":{"@context":"https:\/\/schema.org","@graph":[{"@type":"WebPage","@id":"https:\/\/studer-innotec.com\/es\/servicio-posventa\/","url":"https:\/\/studer-innotec.com\/es\/servicio-posventa\/","name":"Servicio posventa y garant\u00eda - Studer Innotec","isPartOf":{"@id":"https:\/\/studer-innotec.com\/es\/#website"},"datePublished":"2025-09-25T09:56:42+00:00","dateModified":"2026-02-10T09:42:07+00:00","description":"Servicio posventa para sus equipos a trav\u00e9s de socios calificados o mediante mantenimiento directo en nuestras instalaciones en Suiza.","breadcrumb":{"@id":"https:\/\/studer-innotec.com\/es\/servicio-posventa\/#breadcrumb"},"inLanguage":"es","potentialAction":[{"@type":"ReadAction","target":["https:\/\/studer-innotec.com\/es\/servicio-posventa\/"]}]},{"@type":"BreadcrumbList","@id":"https:\/\/studer-innotec.com\/es\/servicio-posventa\/#breadcrumb","itemListElement":[{"@type":"ListItem","position":1,"name":"Home","item":"https:\/\/studer-innotec.com\/es\/"},{"@type":"ListItem","position":2,"name":"Servicio posventa"}]},{"@type":"WebSite","@id":"https:\/\/studer-innotec.com\/es\/#website","url":"https:\/\/studer-innotec.com\/es\/","name":"Studer Innotec","description":"Leader in offgrid power management","publisher":{"@id":"https:\/\/studer-innotec.com\/es\/#organization"},"alternateName":"Studer Innotec","potentialAction":[{"@type":"SearchAction","target":{"@type":"EntryPoint","urlTemplate":"https:\/\/studer-innotec.com\/es\/?s={search_term_string}"},"query-input":{"@type":"PropertyValueSpecification","valueRequired":true,"valueName":"search_term_string"}}],"inLanguage":"es"},{"@type":"Organization","@id":"https:\/\/studer-innotec.com\/es\/#organization","name":"Studer Innotec","alternateName":"Studer Innotec","url":"https:\/\/studer-innotec.com\/es\/","logo":{"@type":"ImageObject","inLanguage":"es","@id":"https:\/\/studer-innotec.com\/es\/#\/schema\/logo\/image\/","url":"https:\/\/studer-innotec.com\/wp-content\/uploads\/2024\/06\/logo-studer-noir-1.png","contentUrl":"https:\/\/studer-innotec.com\/wp-content\/uploads\/2024\/06\/logo-studer-noir-1.png","width":182,"height":98,"caption":"Studer Innotec"},"image":{"@id":"https:\/\/studer-innotec.com\/es\/#\/schema\/logo\/image\/"},"sameAs":["https:\/\/www.facebook.com\/StuderInnotec","https:\/\/www.linkedin.com\/company\/studer-innotec\/","https:\/\/www.instagram.com\/studerinnotec\/","https:\/\/www.youtube.com\/channel\/UCVV4mlwSrtnFWSbE6iIFRBg"]}]}},"_links":{"self":[{"href":"https:\/\/studer-innotec.com\/es\/wp-json\/wp\/v2\/pages\/40981","targetHints":{"allow":["GET"]}}],"collection":[{"href":"https:\/\/studer-innotec.com\/es\/wp-json\/wp\/v2\/pages"}],"about":[{"href":"https:\/\/studer-innotec.com\/es\/wp-json\/wp\/v2\/types\/page"}],"author":[{"embeddable":true,"href":"https:\/\/studer-innotec.com\/es\/wp-json\/wp\/v2\/users\/3"}],"replies":[{"embeddable":true,"href":"https:\/\/studer-innotec.com\/es\/wp-json\/wp\/v2\/comments?post=40981"}],"version-history":[{"count":8,"href":"https:\/\/studer-innotec.com\/es\/wp-json\/wp\/v2\/pages\/40981\/revisions"}],"predecessor-version":[{"id":43574,"href":"https:\/\/studer-innotec.com\/es\/wp-json\/wp\/v2\/pages\/40981\/revisions\/43574"}],"wp:attachment":[{"href":"https:\/\/studer-innotec.com\/es\/wp-json\/wp\/v2\/media?parent=40981"}],"curies":[{"name":"wp","href":"https:\/\/api.w.org\/{rel}","templated":true}]}}