{"id":33260,"date":"2024-10-17T10:15:30","date_gmt":"2024-10-17T08:15:30","guid":{"rendered":"https:\/\/studer-innotec.com\/evenements\/"},"modified":"2026-01-15T14:05:37","modified_gmt":"2026-01-15T13:05:37","slug":"evenements","status":"publish","type":"page","link":"https:\/\/studer-innotec.com\/fr\/evenements\/","title":{"rendered":"Expositions et formations"},"content":{"rendered":"\t\t<div data-elementor-type=\"wp-page\" data-elementor-id=\"33260\" class=\"elementor elementor-33260 elementor-24008\">\n\t\t\t\t\t\t<section class=\"elementor-section elementor-top-section elementor-element elementor-element-03ba33b elementor-section-boxed elementor-section-height-default elementor-section-height-default sc_fly_static\" data-id=\"03ba33b\" data-element_type=\"section\" data-e-type=\"section\" id=\"exhibitions\">\n\t\t\t\t\t\t<div class=\"elementor-container elementor-column-gap-default\">\n\t\t\t\t\t<div class=\"elementor-column elementor-col-100 elementor-top-column elementor-element elementor-element-bb034a2 sc_content_align_inherit sc_layouts_column_icons_position_left sc_fly_static\" data-id=\"bb034a2\" data-element_type=\"column\" data-e-type=\"column\">\n\t\t\t<div class=\"elementor-widget-wrap elementor-element-populated\">\n\t\t\t\t\t\t<div class=\"elementor-element elementor-element-1ef51ba sc_fly_static elementor-widget elementor-widget-text-editor\" data-id=\"1ef51ba\" data-element_type=\"widget\" data-e-type=\"widget\" data-widget_type=\"text-editor.default\">\n\t\t\t\t<div class=\"elementor-widget-container\">\n\t\t\t\t\t\t\t\t\t<h3><span style=\"color: #2e5675;\">Expositions<\/span><\/h3>\t\t\t\t\t\t\t\t<\/div>\n\t\t\t\t<\/div>\n\t\t\t\t<div class=\"elementor-element elementor-element-b939874 sc_fly_static elementor-widget elementor-widget-text-editor\" data-id=\"b939874\" data-element_type=\"widget\" data-e-type=\"widget\" data-widget_type=\"text-editor.default\">\n\t\t\t\t<div class=\"elementor-widget-container\">\n\t\t\t\t\t\t\t\t\t<p>Aucune exposition n\u2019est pr\u00e9vue pour le moment.<\/p>\t\t\t\t\t\t\t\t<\/div>\n\t\t\t\t<\/div>\n\t\t\t\t<section class=\"elementor-section elementor-inner-section elementor-element elementor-element-eccb280 sc_layouts_hide_on_wide sc_layouts_hide_on_desktop sc_layouts_hide_on_notebook sc_layouts_hide_on_tablet sc_layouts_hide_on_mobile elementor-section-boxed elementor-section-height-default elementor-section-height-default sc_fly_static\" data-id=\"eccb280\" data-element_type=\"section\" data-e-type=\"section\">\n\t\t\t\t\t\t<div class=\"elementor-container elementor-column-gap-extended\">\n\t\t\t\t\t<div class=\"elementor-column elementor-col-33 elementor-inner-column elementor-element elementor-element-81a20d2 sc_content_align_inherit sc_layouts_column_icons_position_left sc_fly_static\" data-id=\"81a20d2\" data-element_type=\"column\" data-e-type=\"column\">\n\t\t\t<div class=\"elementor-widget-wrap elementor-element-populated\">\n\t\t\t\t\t\t<div class=\"elementor-element elementor-element-9d766f5 elementor-position-top sc_fly_static elementor-widget elementor-widget-image-box\" data-id=\"9d766f5\" data-element_type=\"widget\" data-e-type=\"widget\" data-widget_type=\"image-box.default\">\n\t\t\t\t<div class=\"elementor-widget-container\">\n\t\t\t\t\t<div class=\"elementor-image-box-wrapper\"><figure class=\"elementor-image-box-img\"><a href=\"https:\/\/www.intersolar.de\/home\" target=\"_blank\" tabindex=\"-1\"><img decoding=\"async\" width=\"300\" height=\"133\" src=\"https:\/\/studer-innotec.com\/wp-content\/uploads\/2025\/02\/ISGlobal_from50mm_white_RGB_jpg-300x133-1.jpg\" class=\"attachment-full size-full wp-image-33259\" alt=\"Intersolar Europe logo\" \/><\/a><\/figure><div class=\"elementor-image-box-content\"><h3 class=\"elementor-image-box-title\"><a href=\"https:\/\/www.intersolar.de\/home\" target=\"_blank\">Intersolar Europe<\/a><\/h3><p class=\"elementor-image-box-description\">7 May 2025 \u2013 9 May 2025\nAll-day event<br>Location: Messe M\u00fcnchen, Germany<\/br><br><a href=\"https:\/\/www.intersolar.de\/home\" target=\"blank\">More infos<\/a><\/p><\/div><\/div>\t\t\t\t<\/div>\n\t\t\t\t<\/div>\n\t\t\t\t\t<\/div>\n\t\t<\/div>\n\t\t\t\t<div class=\"elementor-column elementor-col-33 elementor-inner-column elementor-element elementor-element-b319340 sc_content_align_inherit sc_layouts_column_icons_position_left sc_fly_static\" data-id=\"b319340\" data-element_type=\"column\" data-e-type=\"column\">\n\t\t\t<div class=\"elementor-widget-wrap elementor-element-populated\">\n\t\t\t\t\t\t<div class=\"elementor-element elementor-element-0504ef6 elementor-position-top sc_fly_static elementor-widget elementor-widget-image-box\" data-id=\"0504ef6\" data-element_type=\"widget\" data-e-type=\"widget\" data-widget_type=\"image-box.default\">\n\t\t\t\t<div class=\"elementor-widget-container\">\n\t\t\t\t\t<div class=\"elementor-image-box-wrapper\"><figure class=\"elementor-image-box-img\"><a href=\"https:\/\/renewableenergyindiaexpo.com\/\" target=\"_blank\" tabindex=\"-1\"><img fetchpriority=\"high\" decoding=\"async\" width=\"482\" height=\"334\" src=\"https:\/\/studer-innotec.com\/wp-content\/uploads\/2024\/08\/Renewable-Energy-India-Expo.png\" class=\"attachment-full size-full wp-image-33252\" alt=\"Renewable-Energy-India-Expo logo\" srcset=\"https:\/\/studer-innotec.com\/wp-content\/uploads\/2024\/08\/Renewable-Energy-India-Expo.png 482w, https:\/\/studer-innotec.com\/wp-content\/uploads\/2024\/08\/Renewable-Energy-India-Expo-300x208.png 300w, https:\/\/studer-innotec.com\/wp-content\/uploads\/2024\/08\/Renewable-Energy-India-Expo-370x256.png 370w, https:\/\/studer-innotec.com\/wp-content\/uploads\/2024\/08\/Renewable-Energy-India-Expo-410x284.png 410w\" sizes=\"(max-width: 600px) 100vw, 482px\" \/><\/a><\/figure><div class=\"elementor-image-box-content\"><h3 class=\"elementor-image-box-title\"><a href=\"https:\/\/renewableenergyindiaexpo.com\/\" target=\"_blank\">REI \u2013 Renewable Energy Expo<\/a><\/h3><p class=\"elementor-image-box-description\">30 October 2025 \u2013 1st November 2025\nAll-day event<br>Location: Greater Noida, expo center<\/br><br><a href=\"https:\/\/renewableenergyindiaexpo.com\/\" target=\"blank\">More infos<\/a><\/p><\/div><\/div>\t\t\t\t<\/div>\n\t\t\t\t<\/div>\n\t\t\t\t\t<\/div>\n\t\t<\/div>\n\t\t\t\t<div class=\"elementor-column elementor-col-33 elementor-inner-column elementor-element elementor-element-2ed795d sc_content_align_inherit sc_layouts_column_icons_position_left sc_fly_static\" data-id=\"2ed795d\" data-element_type=\"column\" data-e-type=\"column\">\n\t\t\t<div class=\"elementor-widget-wrap\">\n\t\t\t\t\t\t\t<\/div>\n\t\t<\/div>\n\t\t\t\t\t<\/div>\n\t\t<\/section>\n\t\t\t\t\t<\/div>\n\t\t<\/div>\n\t\t\t\t\t<\/div>\n\t\t<\/section>\n\t\t\t\t<section class=\"elementor-section elementor-top-section elementor-element elementor-element-dfa2498 elementor-section-content-middle elementor-section-stretched elementor-section-boxed elementor-section-height-default elementor-section-height-default sc_fly_static\" data-id=\"dfa2498\" data-element_type=\"section\" data-e-type=\"section\" id=\"webinars\" data-settings=\"{&quot;stretch_section&quot;:&quot;section-stretched&quot;,&quot;background_background&quot;:&quot;classic&quot;}\">\n\t\t\t\t\t\t<div class=\"elementor-container elementor-column-gap-default\">\n\t\t\t\t\t<div class=\"elementor-column elementor-col-100 elementor-top-column elementor-element elementor-element-25a67e6 sc_content_align_inherit sc_layouts_column_icons_position_left sc_fly_static\" data-id=\"25a67e6\" data-element_type=\"column\" data-e-type=\"column\">\n\t\t\t<div class=\"elementor-widget-wrap elementor-element-populated\">\n\t\t\t\t\t\t<div class=\"elementor-element elementor-element-437f9d7 sc_fly_static elementor-widget elementor-widget-text-editor\" data-id=\"437f9d7\" data-element_type=\"widget\" data-e-type=\"widget\" data-widget_type=\"text-editor.default\">\n\t\t\t\t<div class=\"elementor-widget-container\">\n\t\t\t\t\t\t\t\t\t<h3><span style=\"color: #2e5675;\">Formations et webinaires<\/span><\/h3>\t\t\t\t\t\t\t\t<\/div>\n\t\t\t\t<\/div>\n\t\t\t\t<div class=\"elementor-element elementor-element-0d4745e sc_fly_static elementor-widget elementor-widget-text-editor\" data-id=\"0d4745e\" data-element_type=\"widget\" data-e-type=\"widget\" data-widget_type=\"text-editor.default\">\n\t\t\t\t<div class=\"elementor-widget-container\">\n\t\t\t\t\t\t\t\t\t<p>Aucune formation ni aucun webinaire n&rsquo;est pr\u00e9vu pour le moment.<br>Contactez notre \u00e9quipe \u00e0 l&rsquo;adresse <a href=\"mailto:info@studer-innotec.com\">info@studer-innotec.com<\/a> si vous souhaitez b\u00e9n\u00e9ficier d&rsquo;une formation personnalis\u00e9e pour votre entreprise.<\/p>\t\t\t\t\t\t\t\t<\/div>\n\t\t\t\t<\/div>\n\t\t\t\t\t<\/div>\n\t\t<\/div>\n\t\t\t\t\t<\/div>\n\t\t<\/section>\n\t\t\t\t<\/div>\n\t\t","protected":false},"excerpt":{"rendered":"<p>Expositions Aucune exposition n\u2019est pr\u00e9vue pour le moment. Intersolar Europe 7 May 2025 \u2013 9 May 2025 All-day event Location: Messe M\u00fcnchen, Germany More infos REI \u2013 Renewable Energy Expo&hellip;<\/p>\n","protected":false},"author":3,"featured_media":34234,"parent":0,"menu_order":0,"comment_status":"closed","ping_status":"closed","template":"","meta":{"footnotes":""},"class_list":["post-33260","page","type-page","status-publish","has-post-thumbnail","hentry"],"yoast_head":"<!-- This site is optimized with the Yoast SEO plugin v27.3 - https:\/\/yoast.com\/product\/yoast-seo-wordpress\/ -->\n<title>Expositions et formations - Studer Innotec<\/title>\n<meta name=\"description\" content=\"D\u00e9couvrez o\u00f9 rencontrer l\u2019\u00e9quipe Studer et trouver nos prochaines expositions, salons professionnels et \u00e9v\u00e9nements \u00e0 travers le monde.\" \/>\n<meta name=\"robots\" content=\"index, follow, max-snippet:-1, max-image-preview:large, max-video-preview:-1\" \/>\n<link rel=\"canonical\" href=\"https:\/\/studer-innotec.com\/fr\/evenements\/\" \/>\n<meta property=\"og:locale\" content=\"fr_FR\" \/>\n<meta property=\"og:type\" content=\"article\" \/>\n<meta property=\"og:title\" content=\"Venez nous rencontrer ! \u00c9v\u00e9nements \u00e0 venir\" \/>\n<meta property=\"og:description\" content=\"Nous participons \u00e0 des \u00e9v\u00e9nements partout dans le monde. Consultez notre calendrier et d\u00e9couvrez o\u00f9 vous pouvez rencontrer l&#039;\u00e9quipe Studer et voir nos produits en direct.\" \/>\n<meta property=\"og:url\" content=\"https:\/\/studer-innotec.com\/fr\/evenements\/\" \/>\n<meta property=\"og:site_name\" content=\"Studer Innotec\" \/>\n<meta property=\"article:publisher\" content=\"https:\/\/www.facebook.com\/StuderInnotec\" \/>\n<meta property=\"article:modified_time\" content=\"2026-01-15T13:05:37+00:00\" \/>\n<meta property=\"og:image\" content=\"https:\/\/studer-innotec.com\/wp-content\/uploads\/2026\/01\/logo-studer-SEO.png\" \/>\n\t<meta property=\"og:image:width\" content=\"1200\" \/>\n\t<meta property=\"og:image:height\" content=\"675\" \/>\n\t<meta property=\"og:image:type\" content=\"image\/png\" \/>\n<meta name=\"twitter:card\" content=\"summary_large_image\" \/>\n<meta name=\"twitter:title\" content=\"Venez nous rencontrer ! \u00c9v\u00e9nements \u00e0 venir\" \/>\n<meta name=\"twitter:description\" content=\"Nous participons \u00e0 des \u00e9v\u00e9nements partout dans le monde. Consultez notre calendrier et d\u00e9couvrez o\u00f9 vous pouvez rencontrer l&#039;\u00e9quipe Studer et voir nos produits en direct.\" \/>\n<meta name=\"twitter:label1\" content=\"Dur\u00e9e de lecture estim\u00e9e\" \/>\n\t<meta name=\"twitter:data1\" content=\"1 minute\" \/>\n<script type=\"application\/ld+json\" class=\"yoast-schema-graph\">{\"@context\":\"https:\\\/\\\/schema.org\",\"@graph\":[{\"@type\":\"WebPage\",\"@id\":\"https:\\\/\\\/studer-innotec.com\\\/fr\\\/evenements\\\/\",\"url\":\"https:\\\/\\\/studer-innotec.com\\\/fr\\\/evenements\\\/\",\"name\":\"Expositions et formations - Studer Innotec\",\"isPartOf\":{\"@id\":\"https:\\\/\\\/studer-innotec.com\\\/fr\\\/#website\"},\"primaryImageOfPage\":{\"@id\":\"https:\\\/\\\/studer-innotec.com\\\/fr\\\/evenements\\\/#primaryimage\"},\"image\":{\"@id\":\"https:\\\/\\\/studer-innotec.com\\\/fr\\\/evenements\\\/#primaryimage\"},\"thumbnailUrl\":\"https:\\\/\\\/studer-innotec.com\\\/wp-content\\\/uploads\\\/2025\\\/10\\\/earth.svg\",\"datePublished\":\"2024-10-17T08:15:30+00:00\",\"dateModified\":\"2026-01-15T13:05:37+00:00\",\"description\":\"D\u00e9couvrez o\u00f9 rencontrer l\u2019\u00e9quipe Studer et trouver nos prochaines expositions, salons professionnels et \u00e9v\u00e9nements \u00e0 travers le monde.\",\"breadcrumb\":{\"@id\":\"https:\\\/\\\/studer-innotec.com\\\/fr\\\/evenements\\\/#breadcrumb\"},\"inLanguage\":\"fr-FR\",\"potentialAction\":[{\"@type\":\"ReadAction\",\"target\":[\"https:\\\/\\\/studer-innotec.com\\\/fr\\\/evenements\\\/\"]}]},{\"@type\":\"ImageObject\",\"inLanguage\":\"fr-FR\",\"@id\":\"https:\\\/\\\/studer-innotec.com\\\/fr\\\/evenements\\\/#primaryimage\",\"url\":\"https:\\\/\\\/studer-innotec.com\\\/wp-content\\\/uploads\\\/2025\\\/10\\\/earth.svg\",\"contentUrl\":\"https:\\\/\\\/studer-innotec.com\\\/wp-content\\\/uploads\\\/2025\\\/10\\\/earth.svg\",\"width\":1200,\"height\":1200,\"caption\":\"earth picto\"},{\"@type\":\"BreadcrumbList\",\"@id\":\"https:\\\/\\\/studer-innotec.com\\\/fr\\\/evenements\\\/#breadcrumb\",\"itemListElement\":[{\"@type\":\"ListItem\",\"position\":1,\"name\":\"Home\",\"item\":\"https:\\\/\\\/studer-innotec.com\\\/fr\\\/page-daccueil\\\/\"},{\"@type\":\"ListItem\",\"position\":2,\"name\":\"Expositions et formations\"}]},{\"@type\":\"WebSite\",\"@id\":\"https:\\\/\\\/studer-innotec.com\\\/fr\\\/#website\",\"url\":\"https:\\\/\\\/studer-innotec.com\\\/fr\\\/\",\"name\":\"Studer Innotec\",\"description\":\"Leader in offgrid power management\",\"publisher\":{\"@id\":\"https:\\\/\\\/studer-innotec.com\\\/fr\\\/#organization\"},\"alternateName\":\"Studer Innotec\",\"potentialAction\":[{\"@type\":\"SearchAction\",\"target\":{\"@type\":\"EntryPoint\",\"urlTemplate\":\"https:\\\/\\\/studer-innotec.com\\\/fr\\\/?s={search_term_string}\"},\"query-input\":{\"@type\":\"PropertyValueSpecification\",\"valueRequired\":true,\"valueName\":\"search_term_string\"}}],\"inLanguage\":\"fr-FR\"},{\"@type\":\"Organization\",\"@id\":\"https:\\\/\\\/studer-innotec.com\\\/fr\\\/#organization\",\"name\":\"Studer Innotec\",\"alternateName\":\"Studer Innotec\",\"url\":\"https:\\\/\\\/studer-innotec.com\\\/fr\\\/\",\"logo\":{\"@type\":\"ImageObject\",\"inLanguage\":\"fr-FR\",\"@id\":\"https:\\\/\\\/studer-innotec.com\\\/fr\\\/#\\\/schema\\\/logo\\\/image\\\/\",\"url\":\"https:\\\/\\\/studer-innotec.com\\\/wp-content\\\/uploads\\\/2024\\\/06\\\/logo-studer-noir-1.png\",\"contentUrl\":\"https:\\\/\\\/studer-innotec.com\\\/wp-content\\\/uploads\\\/2024\\\/06\\\/logo-studer-noir-1.png\",\"width\":182,\"height\":98,\"caption\":\"Studer Innotec\"},\"image\":{\"@id\":\"https:\\\/\\\/studer-innotec.com\\\/fr\\\/#\\\/schema\\\/logo\\\/image\\\/\"},\"sameAs\":[\"https:\\\/\\\/www.facebook.com\\\/StuderInnotec\",\"https:\\\/\\\/www.linkedin.com\\\/company\\\/studer-innotec\\\/\",\"https:\\\/\\\/www.instagram.com\\\/studerinnotec\\\/\",\"https:\\\/\\\/www.youtube.com\\\/channel\\\/UCVV4mlwSrtnFWSbE6iIFRBg\"]}]}<\/script>\n<!-- \/ Yoast SEO plugin. -->","yoast_head_json":{"title":"Expositions et formations - Studer Innotec","description":"D\u00e9couvrez o\u00f9 rencontrer l\u2019\u00e9quipe Studer et trouver nos prochaines expositions, salons professionnels et \u00e9v\u00e9nements \u00e0 travers le monde.","robots":{"index":"index","follow":"follow","max-snippet":"max-snippet:-1","max-image-preview":"max-image-preview:large","max-video-preview":"max-video-preview:-1"},"canonical":"https:\/\/studer-innotec.com\/fr\/evenements\/","og_locale":"fr_FR","og_type":"article","og_title":"Venez nous rencontrer ! \u00c9v\u00e9nements \u00e0 venir","og_description":"Nous participons \u00e0 des \u00e9v\u00e9nements partout dans le monde. Consultez notre calendrier et d\u00e9couvrez o\u00f9 vous pouvez rencontrer l'\u00e9quipe Studer et voir nos produits en direct.","og_url":"https:\/\/studer-innotec.com\/fr\/evenements\/","og_site_name":"Studer Innotec","article_publisher":"https:\/\/www.facebook.com\/StuderInnotec","article_modified_time":"2026-01-15T13:05:37+00:00","og_image":[{"width":1200,"height":675,"url":"https:\/\/studer-innotec.com\/wp-content\/uploads\/2026\/01\/logo-studer-SEO.png","type":"image\/png"}],"twitter_card":"summary_large_image","twitter_title":"Venez nous rencontrer ! \u00c9v\u00e9nements \u00e0 venir","twitter_description":"Nous participons \u00e0 des \u00e9v\u00e9nements partout dans le monde. Consultez notre calendrier et d\u00e9couvrez o\u00f9 vous pouvez rencontrer l'\u00e9quipe Studer et voir nos produits en direct.","twitter_misc":{"Dur\u00e9e de lecture estim\u00e9e":"1 minute"},"schema":{"@context":"https:\/\/schema.org","@graph":[{"@type":"WebPage","@id":"https:\/\/studer-innotec.com\/fr\/evenements\/","url":"https:\/\/studer-innotec.com\/fr\/evenements\/","name":"Expositions et formations - Studer Innotec","isPartOf":{"@id":"https:\/\/studer-innotec.com\/fr\/#website"},"primaryImageOfPage":{"@id":"https:\/\/studer-innotec.com\/fr\/evenements\/#primaryimage"},"image":{"@id":"https:\/\/studer-innotec.com\/fr\/evenements\/#primaryimage"},"thumbnailUrl":"https:\/\/studer-innotec.com\/wp-content\/uploads\/2025\/10\/earth.svg","datePublished":"2024-10-17T08:15:30+00:00","dateModified":"2026-01-15T13:05:37+00:00","description":"D\u00e9couvrez o\u00f9 rencontrer l\u2019\u00e9quipe Studer et trouver nos prochaines expositions, salons professionnels et \u00e9v\u00e9nements \u00e0 travers le monde.","breadcrumb":{"@id":"https:\/\/studer-innotec.com\/fr\/evenements\/#breadcrumb"},"inLanguage":"fr-FR","potentialAction":[{"@type":"ReadAction","target":["https:\/\/studer-innotec.com\/fr\/evenements\/"]}]},{"@type":"ImageObject","inLanguage":"fr-FR","@id":"https:\/\/studer-innotec.com\/fr\/evenements\/#primaryimage","url":"https:\/\/studer-innotec.com\/wp-content\/uploads\/2025\/10\/earth.svg","contentUrl":"https:\/\/studer-innotec.com\/wp-content\/uploads\/2025\/10\/earth.svg","width":1200,"height":1200,"caption":"earth picto"},{"@type":"BreadcrumbList","@id":"https:\/\/studer-innotec.com\/fr\/evenements\/#breadcrumb","itemListElement":[{"@type":"ListItem","position":1,"name":"Home","item":"https:\/\/studer-innotec.com\/fr\/page-daccueil\/"},{"@type":"ListItem","position":2,"name":"Expositions et formations"}]},{"@type":"WebSite","@id":"https:\/\/studer-innotec.com\/fr\/#website","url":"https:\/\/studer-innotec.com\/fr\/","name":"Studer Innotec","description":"Leader in offgrid power management","publisher":{"@id":"https:\/\/studer-innotec.com\/fr\/#organization"},"alternateName":"Studer Innotec","potentialAction":[{"@type":"SearchAction","target":{"@type":"EntryPoint","urlTemplate":"https:\/\/studer-innotec.com\/fr\/?s={search_term_string}"},"query-input":{"@type":"PropertyValueSpecification","valueRequired":true,"valueName":"search_term_string"}}],"inLanguage":"fr-FR"},{"@type":"Organization","@id":"https:\/\/studer-innotec.com\/fr\/#organization","name":"Studer Innotec","alternateName":"Studer Innotec","url":"https:\/\/studer-innotec.com\/fr\/","logo":{"@type":"ImageObject","inLanguage":"fr-FR","@id":"https:\/\/studer-innotec.com\/fr\/#\/schema\/logo\/image\/","url":"https:\/\/studer-innotec.com\/wp-content\/uploads\/2024\/06\/logo-studer-noir-1.png","contentUrl":"https:\/\/studer-innotec.com\/wp-content\/uploads\/2024\/06\/logo-studer-noir-1.png","width":182,"height":98,"caption":"Studer Innotec"},"image":{"@id":"https:\/\/studer-innotec.com\/fr\/#\/schema\/logo\/image\/"},"sameAs":["https:\/\/www.facebook.com\/StuderInnotec","https:\/\/www.linkedin.com\/company\/studer-innotec\/","https:\/\/www.instagram.com\/studerinnotec\/","https:\/\/www.youtube.com\/channel\/UCVV4mlwSrtnFWSbE6iIFRBg"]}]}},"_links":{"self":[{"href":"https:\/\/studer-innotec.com\/fr\/wp-json\/wp\/v2\/pages\/33260","targetHints":{"allow":["GET"]}}],"collection":[{"href":"https:\/\/studer-innotec.com\/fr\/wp-json\/wp\/v2\/pages"}],"about":[{"href":"https:\/\/studer-innotec.com\/fr\/wp-json\/wp\/v2\/types\/page"}],"author":[{"embeddable":true,"href":"https:\/\/studer-innotec.com\/fr\/wp-json\/wp\/v2\/users\/3"}],"replies":[{"embeddable":true,"href":"https:\/\/studer-innotec.com\/fr\/wp-json\/wp\/v2\/comments?post=33260"}],"version-history":[{"count":6,"href":"https:\/\/studer-innotec.com\/fr\/wp-json\/wp\/v2\/pages\/33260\/revisions"}],"predecessor-version":[{"id":41905,"href":"https:\/\/studer-innotec.com\/fr\/wp-json\/wp\/v2\/pages\/33260\/revisions\/41905"}],"wp:featuredmedia":[{"embeddable":true,"href":"https:\/\/studer-innotec.com\/fr\/wp-json\/wp\/v2\/media\/34234"}],"wp:attachment":[{"href":"https:\/\/studer-innotec.com\/fr\/wp-json\/wp\/v2\/media?parent=33260"}],"curies":[{"name":"wp","href":"https:\/\/api.w.org\/{rel}","templated":true}]}}