{"id":33262,"date":"2025-09-25T11:56:42","date_gmt":"2025-09-25T09:56:42","guid":{"rendered":"https:\/\/studer-innotec.com\/service-apres-vente\/"},"modified":"2026-02-10T10:41:37","modified_gmt":"2026-02-10T09:41:37","slug":"service-apres-vente","status":"publish","type":"page","link":"https:\/\/studer-innotec.com\/fr\/service-apres-vente\/","title":{"rendered":"Service apr\u00e8s-vente"},"content":{"rendered":"\t\t<div data-elementor-type=\"wp-page\" data-elementor-id=\"33262\" class=\"elementor elementor-33262 elementor-30952\">\n\t\t\t\t\t\t<section class=\"elementor-section elementor-top-section elementor-element elementor-element-562be09 elementor-section-boxed elementor-section-height-default elementor-section-height-default sc_fly_static\" data-id=\"562be09\" data-element_type=\"section\" data-e-type=\"section\">\n\t\t\t\t\t\t<div class=\"elementor-container elementor-column-gap-extended\">\n\t\t\t\t\t<div class=\"elementor-column elementor-col-100 elementor-top-column elementor-element elementor-element-a43e879 sc_content_align_inherit sc_layouts_column_icons_position_left sc_fly_static\" data-id=\"a43e879\" data-element_type=\"column\" data-e-type=\"column\">\n\t\t\t<div class=\"elementor-widget-wrap elementor-element-populated\">\n\t\t\t\t\t\t<div class=\"elementor-element elementor-element-d3f4f7e sc_fly_static elementor-widget elementor-widget-spacer\" data-id=\"d3f4f7e\" data-element_type=\"widget\" data-e-type=\"widget\" data-widget_type=\"spacer.default\">\n\t\t\t\t<div class=\"elementor-widget-container\">\n\t\t\t\t\t\t\t<div class=\"elementor-spacer\">\n\t\t\t<div class=\"elementor-spacer-inner\"><\/div>\n\t\t<\/div>\n\t\t\t\t\t\t<\/div>\n\t\t\t\t<\/div>\n\t\t\t\t\t<\/div>\n\t\t<\/div>\n\t\t\t\t\t<\/div>\n\t\t<\/section>\n\t\t\t\t<section class=\"elementor-section elementor-top-section elementor-element elementor-element-663105c elementor-section-boxed elementor-section-height-default elementor-section-height-default sc_fly_static\" data-id=\"663105c\" data-element_type=\"section\" data-e-type=\"section\">\n\t\t\t\t\t\t<div class=\"elementor-container elementor-column-gap-extended\">\n\t\t\t\t\t<div class=\"elementor-column elementor-col-100 elementor-top-column elementor-element elementor-element-100460e sc_content_align_inherit sc_layouts_column_icons_position_left sc_fly_static\" data-id=\"100460e\" data-element_type=\"column\" data-e-type=\"column\" data-settings=\"{&quot;background_background&quot;:&quot;classic&quot;}\">\n\t\t\t<div class=\"elementor-widget-wrap elementor-element-populated\">\n\t\t\t\t\t\t<div class=\"elementor-element elementor-element-a118ec4 sc_fly_static elementor-widget elementor-widget-heading\" data-id=\"a118ec4\" data-element_type=\"widget\" data-e-type=\"widget\" data-widget_type=\"heading.default\">\n\t\t\t\t<div class=\"elementor-widget-container\">\n\t\t\t\t\t<h2 class=\"elementor-heading-title elementor-size-default\">Service apr\u00e8s-vente<\/h2>\t\t\t\t<\/div>\n\t\t\t\t<\/div>\n\t\t\t\t\t<\/div>\n\t\t<\/div>\n\t\t\t\t\t<\/div>\n\t\t<\/section>\n\t\t\t\t<section class=\"elementor-section elementor-top-section elementor-element elementor-element-08477cd elementor-section-boxed elementor-section-height-default elementor-section-height-default sc_fly_static\" data-id=\"08477cd\" data-element_type=\"section\" data-e-type=\"section\">\n\t\t\t\t\t\t<div class=\"elementor-container elementor-column-gap-extended\">\n\t\t\t\t\t<div class=\"elementor-column elementor-col-100 elementor-top-column elementor-element elementor-element-2ab4c75 sc_content_align_inherit sc_layouts_column_icons_position_left sc_fly_static\" data-id=\"2ab4c75\" data-element_type=\"column\" data-e-type=\"column\">\n\t\t\t<div class=\"elementor-widget-wrap elementor-element-populated\">\n\t\t\t\t\t\t<div class=\"elementor-element elementor-element-ba3ca04 sc_height_large sc_fly_static elementor-widget elementor-widget-spacer\" data-id=\"ba3ca04\" data-element_type=\"widget\" data-e-type=\"widget\" data-widget_type=\"spacer.default\">\n\t\t\t\t<div class=\"elementor-widget-container\">\n\t\t\t\t\t\t\t<div class=\"elementor-spacer\">\n\t\t\t<div class=\"elementor-spacer-inner\"><\/div>\n\t\t<\/div>\n\t\t\t\t\t\t<\/div>\n\t\t\t\t<\/div>\n\t\t\t\t\t<\/div>\n\t\t<\/div>\n\t\t\t\t\t<\/div>\n\t\t<\/section>\n\t\t\t\t<section class=\"elementor-section elementor-top-section elementor-element elementor-element-59598c7 elementor-section-boxed elementor-section-height-default elementor-section-height-default sc_fly_static\" data-id=\"59598c7\" data-element_type=\"section\" data-e-type=\"section\" data-settings=\"{&quot;background_background&quot;:&quot;classic&quot;}\">\n\t\t\t\t\t\t<div class=\"elementor-container elementor-column-gap-extended\">\n\t\t\t\t\t<div class=\"elementor-column elementor-col-100 elementor-top-column elementor-element elementor-element-c1f86b6 sc_content_align_inherit sc_layouts_column_icons_position_left sc_fly_static\" data-id=\"c1f86b6\" data-element_type=\"column\" data-e-type=\"column\">\n\t\t\t<div class=\"elementor-widget-wrap elementor-element-populated\">\n\t\t\t\t\t\t<div class=\"elementor-element elementor-element-a81e319 sc_fly_static elementor-widget elementor-widget-text-editor\" data-id=\"a81e319\" data-element_type=\"widget\" data-e-type=\"widget\" data-widget_type=\"text-editor.default\">\n\t\t\t\t<div class=\"elementor-widget-container\">\n\t\t\t\t\t\t\t\t\t<h3>Partenaire de service qualifi\u00e9<\/h3><p><strong>Trouvez un partenaire de service qualifi\u00e9 Studer<\/strong><br>Notre r\u00e9seau de centres de service et de partenaires propose plusieurs emplacements pour r\u00e9parer vos appareils Studer en toute commodit\u00e9.<br><a href=\"https:\/\/studer-innotec.com\/fr\/partenaires\/\">Partenaires (QSP, centre de service)<\/a><\/p>\t\t\t\t\t\t\t\t<\/div>\n\t\t\t\t<\/div>\n\t\t\t\t\t<\/div>\n\t\t<\/div>\n\t\t\t\t\t<\/div>\n\t\t<\/section>\n\t\t\t\t<section class=\"elementor-section elementor-top-section elementor-element elementor-element-3ffb5c3 elementor-section-boxed elementor-section-height-default elementor-section-height-default sc_fly_static\" data-id=\"3ffb5c3\" data-element_type=\"section\" data-e-type=\"section\">\n\t\t\t\t\t\t<div class=\"elementor-container elementor-column-gap-extended\">\n\t\t\t\t\t<div class=\"elementor-column elementor-col-100 elementor-top-column elementor-element elementor-element-a197ae8 sc_content_align_inherit sc_layouts_column_icons_position_left sc_fly_static\" data-id=\"a197ae8\" data-element_type=\"column\" data-e-type=\"column\">\n\t\t\t<div class=\"elementor-widget-wrap elementor-element-populated\">\n\t\t\t\t\t\t<div class=\"elementor-element elementor-element-464ca1e sc_fly_static elementor-widget elementor-widget-spacer\" data-id=\"464ca1e\" data-element_type=\"widget\" data-e-type=\"widget\" data-widget_type=\"spacer.default\">\n\t\t\t\t<div class=\"elementor-widget-container\">\n\t\t\t\t\t\t\t<div class=\"elementor-spacer\">\n\t\t\t<div class=\"elementor-spacer-inner\"><\/div>\n\t\t<\/div>\n\t\t\t\t\t\t<\/div>\n\t\t\t\t<\/div>\n\t\t\t\t<section class=\"elementor-section elementor-inner-section elementor-element elementor-element-597cebc elementor-section-boxed elementor-section-height-default elementor-section-height-default sc_fly_static\" data-id=\"597cebc\" data-element_type=\"section\" data-e-type=\"section\">\n\t\t\t\t\t\t<div class=\"elementor-container elementor-column-gap-extended\">\n\t\t\t\t\t<div class=\"elementor-column elementor-col-100 elementor-inner-column elementor-element elementor-element-2173867 sc_content_align_inherit sc_layouts_column_icons_position_left sc_fly_static\" data-id=\"2173867\" data-element_type=\"column\" data-e-type=\"column\" data-settings=\"{&quot;background_background&quot;:&quot;classic&quot;}\">\n\t\t\t<div class=\"elementor-widget-wrap elementor-element-populated\">\n\t\t\t\t\t\t<div class=\"elementor-element elementor-element-aaf675a sc_fly_static elementor-widget elementor-widget-heading\" data-id=\"aaf675a\" data-element_type=\"widget\" data-e-type=\"widget\" data-widget_type=\"heading.default\">\n\t\t\t\t<div class=\"elementor-widget-container\">\n\t\t\t\t\t<h3 class=\"elementor-heading-title elementor-size-default\">Envoyez votre appareil \u00e0 l\u2019usine Studer pour r\u00e9paration ou pour effectuer un service de maintenance<\/h3>\t\t\t\t<\/div>\n\t\t\t\t<\/div>\n\t\t\t\t<div class=\"elementor-element elementor-element-be9af27 sc_fly_static elementor-widget elementor-widget-text-editor\" data-id=\"be9af27\" data-element_type=\"widget\" data-e-type=\"widget\" data-widget_type=\"text-editor.default\">\n\t\t\t\t<div class=\"elementor-widget-container\">\n\t\t\t\t\t\t\t\t\t<p>Vous pouvez envoyer l\u2019appareil \u00e0 notre usine en Suisse. Nous l&rsquo;analyserons et nous vous proposerons une offre de r\u00e9paration. <\/p><h5><strong>Comment envoyer votre appareil \u00e0 Studer Innotec SA :<\/strong><\/h5><ol><li><h6><strong>Remplissez le document<\/strong> <strong>\u00ab Formulaire de retour pour service \u00bb<\/strong><\/h6><p>(Un formulaire par produit retourn\u00e9)<br>T\u00e9l\u00e9chargez le formulaire ici : <a style=\"color: #d9c16c;\" href=\"https:\/\/studer-innotec.com\/wp-content\/uploads\/2025\/07\/SAV_form_EN.pdf\" target=\"_blank\" rel=\"noopener\">version anglaise<\/a>, <a style=\"color: #d9c16c;\" href=\"https:\/\/studer-innotec.com\/wp-content\/uploads\/2025\/07\/SAV_form_FR.pdf\" target=\"_blank\" rel=\"noopener\">version fran\u00e7aise<\/a> et <a style=\"color: #d9c16c;\" href=\"https:\/\/studer-innotec.com\/wp-content\/uploads\/2025\/07\/SAV_form_DE.pdf\" target=\"_blank\" rel=\"noopener\">version allemande<\/a>.<\/p><p><strong>Assurez-vous d\u2019inclure les informations suivantes :<\/strong><\/p><ul><li>Coordonn\u00e9es :<br>Votre nom complet, la personne de contact, votre adresse compl\u00e8te (adresse postale, num\u00e9ro de t\u00e9l\u00e9phone, adresse e-mail, etc.)<\/li><li>Informations compl\u00e8tes sur l\u2019appareil :<ul><li>Nom de l\u2019appareil (par exemple : next3, next1, xth 8000-48, vt65-175\u2026)<\/li><li>Num\u00e9ro de s\u00e9rie, par exemple : ZHBG55432<\/li><li>Num\u00e9ro de ticket (s\u2019il y a d\u00e9j\u00e0 eu un contact avec notre \u00e9quipe de support technique)<\/li><\/ul><\/li><li>Num\u00e9ros de TVA et EORI (pour les entreprises uniquement)<\/li><li>Description du probl\u00e8me<\/li><\/ul><\/li><li><h6><strong>Emballage du produit et exp\u00e9dition : <\/strong><\/h6><ul><li>Utilisez une bo\u00eete adapt\u00e9e au produit, v\u00e9rifiez que l\u2019emballage est optimal et prot\u00e9gez bien le produit afin d\u2019\u00e9viter tout dommage pendant le transport. <br><strong>Important : la r\u00e9ception d\u2019un appareil endommag\u00e9 pendant le transport en raison d\u2019un emballage inad\u00e9quat annulera la garantie du produit.<br><\/strong><\/li><li>Contactez une soci\u00e9t\u00e9 de transport et fournissez-lui vos coordonn\u00e9es compl\u00e8tes, votre adresse compl\u00e8te ainsi que l\u2019adresse de collecte si elle est diff\u00e9rente de la v\u00f4tre.<\/li><li>Si vous exp\u00e9diez ce colis depuis un pays autre que la Suisse, joignez une facture \u00e0 l\u2019envoi afin d\u2019\u00e9viter tout d\u00e9sagr\u00e9ment avec la douane suisse. La facture doit mentionner la valeur de l\u2019appareil contenu dans le colis ; la douane suisse n\u2019accepte pas les envois sans facture ni les factures avec un montant de 0.- CHF\/EUR\/USD. La valeur minimale \u00e0 indiquer pour nos produits est de 50.-. Si vous \u00eates une entreprise, vous devez indiquer votre num\u00e9ro de TVA ou votre num\u00e9ro EORI sur la facture. Les codes SH de vos appareils (par exemple 8504.90) doivent appara\u00eetre sur la facture. Le destinataire de la facture doit \u00eatre Studer Innotec SA.    <\/li><li><strong>Envoyez votre colis \u00e0 :<\/strong><br><strong>Studer Innotec SA<br>Rue des Casernes 57<br>1950 Sion<br>Suisse<\/strong><\/li><\/ul><\/li><\/ol><p><strong>Important :<\/strong><br>Si possible, envoyez l\u2019appareil complet.<br>Les accessoires doivent \u00eatre envoy\u00e9s dans leur int\u00e9gralit\u00e9, y compris les c\u00e2bles.<br>Si vous devez uniquement envoyer les cartes \u00e9lectroniques (PCB) d\u2019un appareil, veuillez envoyer toutes les cartes de l\u2019appareil.<\/p><p> <\/p>\t\t\t\t\t\t\t\t<\/div>\n\t\t\t\t<\/div>\n\t\t\t\t<div class=\"elementor-element elementor-element-b17afa7 sc_fly_static elementor-widget elementor-widget-spacer\" data-id=\"b17afa7\" data-element_type=\"widget\" data-e-type=\"widget\" data-widget_type=\"spacer.default\">\n\t\t\t\t<div class=\"elementor-widget-container\">\n\t\t\t\t\t\t\t<div class=\"elementor-spacer\">\n\t\t\t<div class=\"elementor-spacer-inner\"><\/div>\n\t\t<\/div>\n\t\t\t\t\t\t<\/div>\n\t\t\t\t<\/div>\n\t\t\t\t\t<\/div>\n\t\t<\/div>\n\t\t\t\t\t<\/div>\n\t\t<\/section>\n\t\t\t\t\t<\/div>\n\t\t<\/div>\n\t\t\t\t\t<\/div>\n\t\t<\/section>\n\t\t\t\t<section class=\"elementor-section elementor-top-section elementor-element elementor-element-4d6a611 elementor-section-boxed elementor-section-height-default elementor-section-height-default sc_fly_static\" data-id=\"4d6a611\" data-element_type=\"section\" data-e-type=\"section\">\n\t\t\t\t\t\t<div class=\"elementor-container elementor-column-gap-extended\">\n\t\t\t\t\t<div class=\"elementor-column elementor-col-100 elementor-top-column elementor-element elementor-element-c6b7ac0 sc_content_align_inherit sc_layouts_column_icons_position_left sc_fly_static\" data-id=\"c6b7ac0\" data-element_type=\"column\" data-e-type=\"column\">\n\t\t\t<div class=\"elementor-widget-wrap elementor-element-populated\">\n\t\t\t\t\t\t<div class=\"elementor-element elementor-element-b00fac2 sc_fly_static elementor-widget elementor-widget-spacer\" data-id=\"b00fac2\" data-element_type=\"widget\" data-e-type=\"widget\" data-widget_type=\"spacer.default\">\n\t\t\t\t<div class=\"elementor-widget-container\">\n\t\t\t\t\t\t\t<div class=\"elementor-spacer\">\n\t\t\t<div class=\"elementor-spacer-inner\"><\/div>\n\t\t<\/div>\n\t\t\t\t\t\t<\/div>\n\t\t\t\t<\/div>\n\t\t\t\t<div class=\"elementor-element elementor-element-14ec340 sc_fly_static elementor-widget elementor-widget-text-editor\" data-id=\"14ec340\" data-element_type=\"widget\" data-e-type=\"widget\" data-widget_type=\"text-editor.default\">\n\t\t\t\t<div class=\"elementor-widget-container\">\n\t\t\t\t\t\t\t\t\t<h3>Conditions de garantie<\/h3><p><a href=\"https:\/\/studer-innotec.com\/fr\/telechargements\/\">En savoir plus sur les conditions de garantie Studer.<\/a><\/p>\t\t\t\t\t\t\t\t<\/div>\n\t\t\t\t<\/div>\n\t\t\t\t\t<\/div>\n\t\t<\/div>\n\t\t\t\t\t<\/div>\n\t\t<\/section>\n\t\t\t\t<section class=\"elementor-section elementor-top-section elementor-element elementor-element-2438e46 elementor-section-boxed elementor-section-height-default elementor-section-height-default sc_fly_static\" data-id=\"2438e46\" data-element_type=\"section\" data-e-type=\"section\">\n\t\t\t\t\t\t<div class=\"elementor-container elementor-column-gap-extended\">\n\t\t\t\t\t<div class=\"elementor-column elementor-col-100 elementor-top-column elementor-element elementor-element-70b4a3c sc_content_align_inherit sc_layouts_column_icons_position_left sc_fly_static\" data-id=\"70b4a3c\" data-element_type=\"column\" data-e-type=\"column\">\n\t\t\t<div class=\"elementor-widget-wrap elementor-element-populated\">\n\t\t\t\t\t\t<div class=\"elementor-element elementor-element-8b8453c sc_fly_static elementor-widget elementor-widget-spacer\" data-id=\"8b8453c\" data-element_type=\"widget\" data-e-type=\"widget\" data-widget_type=\"spacer.default\">\n\t\t\t\t<div class=\"elementor-widget-container\">\n\t\t\t\t\t\t\t<div class=\"elementor-spacer\">\n\t\t\t<div class=\"elementor-spacer-inner\"><\/div>\n\t\t<\/div>\n\t\t\t\t\t\t<\/div>\n\t\t\t\t<\/div>\n\t\t\t\t\t<\/div>\n\t\t<\/div>\n\t\t\t\t\t<\/div>\n\t\t<\/section>\n\t\t\t\t<\/div>\n\t\t","protected":false},"excerpt":{"rendered":"<p>Service apr\u00e8s-vente Partenaire de service qualifi\u00e9 Trouvez un partenaire de service qualifi\u00e9 Studer Notre r\u00e9seau de centres de service et de partenaires propose plusieurs emplacements pour r\u00e9parer vos appareils Studer&hellip;<\/p>\n","protected":false},"author":3,"featured_media":0,"parent":0,"menu_order":0,"comment_status":"closed","ping_status":"closed","template":"","meta":{"footnotes":""},"class_list":["post-33262","page","type-page","status-publish","hentry"],"yoast_head":"<!-- This site is optimized with the Yoast SEO plugin v27.3 - https:\/\/yoast.com\/product\/yoast-seo-wordpress\/ -->\n<title>Service apr\u00e8s-vente &amp; garantie - Studer Innotec<\/title>\n<meta name=\"description\" content=\"Service apr\u00e8s-vente pour vos appareils via des partenaires qualifi\u00e9s ou un service de maintenance direct dans notre usine en Suisse.\" \/>\n<meta name=\"robots\" content=\"index, follow, max-snippet:-1, max-image-preview:large, max-video-preview:-1\" \/>\n<link rel=\"canonical\" href=\"https:\/\/studer-innotec.com\/fr\/service-apres-vente\/\" \/>\n<meta property=\"og:locale\" content=\"fr_FR\" \/>\n<meta property=\"og:type\" content=\"article\" \/>\n<meta property=\"og:title\" content=\"Nous sommes \u00e0 vos c\u00f4t\u00e9s pour le long terme\" \/>\n<meta property=\"og:description\" content=\"Notre engagement ne s\u2019arr\u00eate pas apr\u00e8s votre achat. D\u00e9couvrez comment envoyer votre appareil \u00e0 notre usine pour effectuer un service de maintenance.\" \/>\n<meta property=\"og:url\" content=\"https:\/\/studer-innotec.com\/fr\/service-apres-vente\/\" \/>\n<meta property=\"og:site_name\" content=\"Studer Innotec\" \/>\n<meta property=\"article:publisher\" content=\"https:\/\/www.facebook.com\/StuderInnotec\" \/>\n<meta property=\"article:modified_time\" content=\"2026-02-10T09:41:37+00:00\" \/>\n<meta property=\"og:image\" content=\"https:\/\/studer-innotec.com\/wp-content\/uploads\/2026\/01\/logo-studer-SEO.png\" \/>\n\t<meta property=\"og:image:width\" content=\"1200\" \/>\n\t<meta property=\"og:image:height\" content=\"675\" \/>\n\t<meta property=\"og:image:type\" content=\"image\/png\" \/>\n<meta name=\"twitter:card\" content=\"summary_large_image\" \/>\n<meta name=\"twitter:title\" content=\"Nous sommes \u00e0 vos c\u00f4t\u00e9s pour le long terme\" \/>\n<meta name=\"twitter:description\" content=\"Notre engagement ne s\u2019arr\u00eate pas apr\u00e8s votre achat. D\u00e9couvrez comment envoyer votre appareil \u00e0 notre usine pour effectuer un service de maintenance.\" \/>\n<meta name=\"twitter:label1\" content=\"Dur\u00e9e de lecture estim\u00e9e\" \/>\n\t<meta name=\"twitter:data1\" content=\"2 minutes\" \/>\n<script type=\"application\/ld+json\" class=\"yoast-schema-graph\">{\"@context\":\"https:\\\/\\\/schema.org\",\"@graph\":[{\"@type\":\"WebPage\",\"@id\":\"https:\\\/\\\/studer-innotec.com\\\/fr\\\/service-apres-vente\\\/\",\"url\":\"https:\\\/\\\/studer-innotec.com\\\/fr\\\/service-apres-vente\\\/\",\"name\":\"Service apr\u00e8s-vente & garantie - Studer Innotec\",\"isPartOf\":{\"@id\":\"https:\\\/\\\/studer-innotec.com\\\/fr\\\/#website\"},\"datePublished\":\"2025-09-25T09:56:42+00:00\",\"dateModified\":\"2026-02-10T09:41:37+00:00\",\"description\":\"Service apr\u00e8s-vente pour vos appareils via des partenaires qualifi\u00e9s ou un service de maintenance direct dans notre usine en Suisse.\",\"breadcrumb\":{\"@id\":\"https:\\\/\\\/studer-innotec.com\\\/fr\\\/service-apres-vente\\\/#breadcrumb\"},\"inLanguage\":\"fr-FR\",\"potentialAction\":[{\"@type\":\"ReadAction\",\"target\":[\"https:\\\/\\\/studer-innotec.com\\\/fr\\\/service-apres-vente\\\/\"]}]},{\"@type\":\"BreadcrumbList\",\"@id\":\"https:\\\/\\\/studer-innotec.com\\\/fr\\\/service-apres-vente\\\/#breadcrumb\",\"itemListElement\":[{\"@type\":\"ListItem\",\"position\":1,\"name\":\"Home\",\"item\":\"https:\\\/\\\/studer-innotec.com\\\/fr\\\/page-daccueil\\\/\"},{\"@type\":\"ListItem\",\"position\":2,\"name\":\"Service apr\u00e8s-vente\"}]},{\"@type\":\"WebSite\",\"@id\":\"https:\\\/\\\/studer-innotec.com\\\/fr\\\/#website\",\"url\":\"https:\\\/\\\/studer-innotec.com\\\/fr\\\/\",\"name\":\"Studer Innotec\",\"description\":\"Leader in offgrid power management\",\"publisher\":{\"@id\":\"https:\\\/\\\/studer-innotec.com\\\/fr\\\/#organization\"},\"alternateName\":\"Studer Innotec\",\"potentialAction\":[{\"@type\":\"SearchAction\",\"target\":{\"@type\":\"EntryPoint\",\"urlTemplate\":\"https:\\\/\\\/studer-innotec.com\\\/fr\\\/?s={search_term_string}\"},\"query-input\":{\"@type\":\"PropertyValueSpecification\",\"valueRequired\":true,\"valueName\":\"search_term_string\"}}],\"inLanguage\":\"fr-FR\"},{\"@type\":\"Organization\",\"@id\":\"https:\\\/\\\/studer-innotec.com\\\/fr\\\/#organization\",\"name\":\"Studer Innotec\",\"alternateName\":\"Studer Innotec\",\"url\":\"https:\\\/\\\/studer-innotec.com\\\/fr\\\/\",\"logo\":{\"@type\":\"ImageObject\",\"inLanguage\":\"fr-FR\",\"@id\":\"https:\\\/\\\/studer-innotec.com\\\/fr\\\/#\\\/schema\\\/logo\\\/image\\\/\",\"url\":\"https:\\\/\\\/studer-innotec.com\\\/wp-content\\\/uploads\\\/2024\\\/06\\\/logo-studer-noir-1.png\",\"contentUrl\":\"https:\\\/\\\/studer-innotec.com\\\/wp-content\\\/uploads\\\/2024\\\/06\\\/logo-studer-noir-1.png\",\"width\":182,\"height\":98,\"caption\":\"Studer Innotec\"},\"image\":{\"@id\":\"https:\\\/\\\/studer-innotec.com\\\/fr\\\/#\\\/schema\\\/logo\\\/image\\\/\"},\"sameAs\":[\"https:\\\/\\\/www.facebook.com\\\/StuderInnotec\",\"https:\\\/\\\/www.linkedin.com\\\/company\\\/studer-innotec\\\/\",\"https:\\\/\\\/www.instagram.com\\\/studerinnotec\\\/\",\"https:\\\/\\\/www.youtube.com\\\/channel\\\/UCVV4mlwSrtnFWSbE6iIFRBg\"]}]}<\/script>\n<!-- \/ Yoast SEO plugin. -->","yoast_head_json":{"title":"Service apr\u00e8s-vente & garantie - Studer Innotec","description":"Service apr\u00e8s-vente pour vos appareils via des partenaires qualifi\u00e9s ou un service de maintenance direct dans notre usine en Suisse.","robots":{"index":"index","follow":"follow","max-snippet":"max-snippet:-1","max-image-preview":"max-image-preview:large","max-video-preview":"max-video-preview:-1"},"canonical":"https:\/\/studer-innotec.com\/fr\/service-apres-vente\/","og_locale":"fr_FR","og_type":"article","og_title":"Nous sommes \u00e0 vos c\u00f4t\u00e9s pour le long terme","og_description":"Notre engagement ne s\u2019arr\u00eate pas apr\u00e8s votre achat. D\u00e9couvrez comment envoyer votre appareil \u00e0 notre usine pour effectuer un service de maintenance.","og_url":"https:\/\/studer-innotec.com\/fr\/service-apres-vente\/","og_site_name":"Studer Innotec","article_publisher":"https:\/\/www.facebook.com\/StuderInnotec","article_modified_time":"2026-02-10T09:41:37+00:00","og_image":[{"width":1200,"height":675,"url":"https:\/\/studer-innotec.com\/wp-content\/uploads\/2026\/01\/logo-studer-SEO.png","type":"image\/png"}],"twitter_card":"summary_large_image","twitter_title":"Nous sommes \u00e0 vos c\u00f4t\u00e9s pour le long terme","twitter_description":"Notre engagement ne s\u2019arr\u00eate pas apr\u00e8s votre achat. D\u00e9couvrez comment envoyer votre appareil \u00e0 notre usine pour effectuer un service de maintenance.","twitter_misc":{"Dur\u00e9e de lecture estim\u00e9e":"2 minutes"},"schema":{"@context":"https:\/\/schema.org","@graph":[{"@type":"WebPage","@id":"https:\/\/studer-innotec.com\/fr\/service-apres-vente\/","url":"https:\/\/studer-innotec.com\/fr\/service-apres-vente\/","name":"Service apr\u00e8s-vente & garantie - Studer Innotec","isPartOf":{"@id":"https:\/\/studer-innotec.com\/fr\/#website"},"datePublished":"2025-09-25T09:56:42+00:00","dateModified":"2026-02-10T09:41:37+00:00","description":"Service apr\u00e8s-vente pour vos appareils via des partenaires qualifi\u00e9s ou un service de maintenance direct dans notre usine en Suisse.","breadcrumb":{"@id":"https:\/\/studer-innotec.com\/fr\/service-apres-vente\/#breadcrumb"},"inLanguage":"fr-FR","potentialAction":[{"@type":"ReadAction","target":["https:\/\/studer-innotec.com\/fr\/service-apres-vente\/"]}]},{"@type":"BreadcrumbList","@id":"https:\/\/studer-innotec.com\/fr\/service-apres-vente\/#breadcrumb","itemListElement":[{"@type":"ListItem","position":1,"name":"Home","item":"https:\/\/studer-innotec.com\/fr\/page-daccueil\/"},{"@type":"ListItem","position":2,"name":"Service apr\u00e8s-vente"}]},{"@type":"WebSite","@id":"https:\/\/studer-innotec.com\/fr\/#website","url":"https:\/\/studer-innotec.com\/fr\/","name":"Studer Innotec","description":"Leader in offgrid power management","publisher":{"@id":"https:\/\/studer-innotec.com\/fr\/#organization"},"alternateName":"Studer Innotec","potentialAction":[{"@type":"SearchAction","target":{"@type":"EntryPoint","urlTemplate":"https:\/\/studer-innotec.com\/fr\/?s={search_term_string}"},"query-input":{"@type":"PropertyValueSpecification","valueRequired":true,"valueName":"search_term_string"}}],"inLanguage":"fr-FR"},{"@type":"Organization","@id":"https:\/\/studer-innotec.com\/fr\/#organization","name":"Studer Innotec","alternateName":"Studer Innotec","url":"https:\/\/studer-innotec.com\/fr\/","logo":{"@type":"ImageObject","inLanguage":"fr-FR","@id":"https:\/\/studer-innotec.com\/fr\/#\/schema\/logo\/image\/","url":"https:\/\/studer-innotec.com\/wp-content\/uploads\/2024\/06\/logo-studer-noir-1.png","contentUrl":"https:\/\/studer-innotec.com\/wp-content\/uploads\/2024\/06\/logo-studer-noir-1.png","width":182,"height":98,"caption":"Studer Innotec"},"image":{"@id":"https:\/\/studer-innotec.com\/fr\/#\/schema\/logo\/image\/"},"sameAs":["https:\/\/www.facebook.com\/StuderInnotec","https:\/\/www.linkedin.com\/company\/studer-innotec\/","https:\/\/www.instagram.com\/studerinnotec\/","https:\/\/www.youtube.com\/channel\/UCVV4mlwSrtnFWSbE6iIFRBg"]}]}},"_links":{"self":[{"href":"https:\/\/studer-innotec.com\/fr\/wp-json\/wp\/v2\/pages\/33262","targetHints":{"allow":["GET"]}}],"collection":[{"href":"https:\/\/studer-innotec.com\/fr\/wp-json\/wp\/v2\/pages"}],"about":[{"href":"https:\/\/studer-innotec.com\/fr\/wp-json\/wp\/v2\/types\/page"}],"author":[{"embeddable":true,"href":"https:\/\/studer-innotec.com\/fr\/wp-json\/wp\/v2\/users\/3"}],"replies":[{"embeddable":true,"href":"https:\/\/studer-innotec.com\/fr\/wp-json\/wp\/v2\/comments?post=33262"}],"version-history":[{"count":8,"href":"https:\/\/studer-innotec.com\/fr\/wp-json\/wp\/v2\/pages\/33262\/revisions"}],"predecessor-version":[{"id":41856,"href":"https:\/\/studer-innotec.com\/fr\/wp-json\/wp\/v2\/pages\/33262\/revisions\/41856"}],"wp:attachment":[{"href":"https:\/\/studer-innotec.com\/fr\/wp-json\/wp\/v2\/media?parent=33262"}],"curies":[{"name":"wp","href":"https:\/\/api.w.org\/{rel}","templated":true}]}}