{"id":33656,"date":"2024-08-05T11:43:40","date_gmt":"2024-08-05T09:43:40","guid":{"rendered":"https:\/\/studer-innotec.com\/studer-care\/"},"modified":"2026-01-15T14:42:53","modified_gmt":"2026-01-15T13:42:53","slug":"studer-care","status":"publish","type":"page","link":"https:\/\/studer-innotec.com\/fr\/studer-care\/","title":{"rendered":"Studer Care"},"content":{"rendered":"\t\t<div data-elementor-type=\"wp-page\" data-elementor-id=\"33656\" class=\"elementor elementor-33656 elementor-20842\">\n\t\t\t\t\t\t<section class=\"elementor-section elementor-top-section elementor-element elementor-element-a810b11 elementor-section-stretched elementor-section-boxed elementor-section-height-default elementor-section-height-default sc_fly_static\" data-id=\"a810b11\" data-element_type=\"section\" data-e-type=\"section\" data-settings=\"{&quot;stretch_section&quot;:&quot;section-stretched&quot;}\">\n\t\t\t\t\t\t<div class=\"elementor-container elementor-column-gap-extended\">\n\t\t\t\t\t<div class=\"elementor-column elementor-col-100 elementor-top-column elementor-element elementor-element-e897643 sc_content_align_inherit sc_layouts_column_icons_position_left sc_fly_static\" data-id=\"e897643\" data-element_type=\"column\" data-e-type=\"column\">\n\t\t\t<div class=\"elementor-widget-wrap elementor-element-populated\">\n\t\t\t\t\t\t<div class=\"elementor-element elementor-element-39c9bd8 sc_fly_static elementor-widget elementor-widget-heading\" data-id=\"39c9bd8\" data-element_type=\"widget\" data-e-type=\"widget\" data-widget_type=\"heading.default\">\n\t\t\t\t<div class=\"elementor-widget-container\">\n\t\t\t\t\t<h1 class=\"elementor-heading-title elementor-size-default\">Studer Innotec : une qualit\u00e9 intemporelle<\/h1>\t\t\t\t<\/div>\n\t\t\t\t<\/div>\n\t\t\t\t<div class=\"elementor-element elementor-element-f2f5823 sc_fly_static elementor-widget elementor-widget-spacer\" data-id=\"f2f5823\" data-element_type=\"widget\" data-e-type=\"widget\" data-widget_type=\"spacer.default\">\n\t\t\t\t<div class=\"elementor-widget-container\">\n\t\t\t\t\t\t\t<div class=\"elementor-spacer\">\n\t\t\t<div class=\"elementor-spacer-inner\"><\/div>\n\t\t<\/div>\n\t\t\t\t\t\t<\/div>\n\t\t\t\t<\/div>\n\t\t\t\t<section class=\"elementor-section elementor-inner-section elementor-element elementor-element-17d995b elementor-section-boxed elementor-section-height-default elementor-section-height-default sc_fly_static\" data-id=\"17d995b\" data-element_type=\"section\" data-e-type=\"section\">\n\t\t\t\t\t\t<div class=\"elementor-container elementor-column-gap-extended\">\n\t\t\t\t\t<div class=\"elementor-column elementor-col-50 elementor-inner-column elementor-element elementor-element-12b36a9 sc_content_align_inherit sc_layouts_column_icons_position_left sc_fly_static\" data-id=\"12b36a9\" data-element_type=\"column\" data-e-type=\"column\">\n\t\t\t<div class=\"elementor-widget-wrap elementor-element-populated\">\n\t\t\t\t\t\t<div class=\"elementor-element elementor-element-6cfc0d2 sc_fly_static elementor-widget elementor-widget-text-editor\" data-id=\"6cfc0d2\" data-element_type=\"widget\" data-e-type=\"widget\" data-widget_type=\"text-editor.default\">\n\t\t\t\t<div class=\"elementor-widget-container\">\n\t\t\t\t\t\t\t\t\t<h3 style=\"color: white;\">Une garantie de 10 ans<\/h3><p>Tous nos produits et accessoires des s\u00e9ries aj, vario, xtender et next b\u00e9n\u00e9ficient de l&rsquo;une des plus longues p\u00e9riodes de garantie du secteur pour les composants \u00e9lectroniques aliment\u00e9s par batterie, \u00e0 savoir une garantie de 10 ans, sans aucune autre formalit\u00e9 requise. <a href=\"https:\/\/studer-innotec.com\/downloads\/#various\">En savoir plus sur les conditions de garantie Studer.<\/a> <\/p>\t\t\t\t\t\t\t\t<\/div>\n\t\t\t\t<\/div>\n\t\t\t\t<div class=\"elementor-element elementor-element-ad77c9a sc_fly_static elementor-widget elementor-widget-text-editor\" data-id=\"ad77c9a\" data-element_type=\"widget\" data-e-type=\"widget\" data-widget_type=\"text-editor.default\">\n\t\t\t\t<div class=\"elementor-widget-container\">\n\t\t\t\t\t\t\t\t\t<h3>Support<\/h3><p>De plus, nous disposons d&rsquo;une \u00e9quipe d\u00e9di\u00e9e au support technique qui assiste nos partenaires professionnels dans tous les aspects li\u00e9s \u00e0 l&rsquo;avant-vente et \u00e0 l&rsquo;apr\u00e8s-vente. <a href=\"https:\/\/studer-innotec.com\/fr\/support\/\">Visitez notre section support<\/a>, nos techniciens se feront un plaisir de vous aider. <\/p>\t\t\t\t\t\t\t\t<\/div>\n\t\t\t\t<\/div>\n\t\t\t\t\t<\/div>\n\t\t<\/div>\n\t\t\t\t<div class=\"elementor-column elementor-col-50 elementor-inner-column elementor-element elementor-element-473a3b4 sc_content_align_inherit sc_layouts_column_icons_position_left sc_fly_static\" data-id=\"473a3b4\" data-element_type=\"column\" data-e-type=\"column\" data-settings=\"{&quot;background_background&quot;:&quot;classic&quot;}\">\n\t\t\t<div class=\"elementor-widget-wrap elementor-element-populated\">\n\t\t\t\t\t\t<div class=\"elementor-element elementor-element-0e3a650 sc_fly_static elementor-widget elementor-widget-image\" data-id=\"0e3a650\" data-element_type=\"widget\" data-e-type=\"widget\" data-widget_type=\"image.default\">\n\t\t\t\t<div class=\"elementor-widget-container\">\n\t\t\t\t\t\t\t\t\t\t\t\t\t\t\t<img fetchpriority=\"high\" decoding=\"async\" width=\"600\" height=\"377\" src=\"https:\/\/studer-innotec.com\/wp-content\/uploads\/2025\/06\/care-warranty.svg\" class=\"attachment-large size-large wp-image-33654\" alt=\"warranty picto\" \/>\t\t\t\t\t\t\t\t\t\t\t\t\t\t\t<\/div>\n\t\t\t\t<\/div>\n\t\t\t\t\t<\/div>\n\t\t<\/div>\n\t\t\t\t\t<\/div>\n\t\t<\/section>\n\t\t\t\t\t<\/div>\n\t\t<\/div>\n\t\t\t\t\t<\/div>\n\t\t<\/section>\n\t\t\t\t<section class=\"elementor-section elementor-top-section elementor-element elementor-element-aad136b elementor-section-boxed elementor-section-height-default elementor-section-height-default sc_fly_static\" data-id=\"aad136b\" data-element_type=\"section\" data-e-type=\"section\">\n\t\t\t\t\t\t<div class=\"elementor-container elementor-column-gap-extended\">\n\t\t\t\t\t<div class=\"elementor-column elementor-col-100 elementor-top-column elementor-element elementor-element-3dadfd0 sc_content_align_inherit sc_layouts_column_icons_position_left sc_fly_static\" data-id=\"3dadfd0\" data-element_type=\"column\" data-e-type=\"column\">\n\t\t\t<div class=\"elementor-widget-wrap elementor-element-populated\">\n\t\t\t\t\t\t<div class=\"elementor-element elementor-element-aea121b sc_fly_static elementor-widget elementor-widget-spacer\" data-id=\"aea121b\" data-element_type=\"widget\" data-e-type=\"widget\" data-widget_type=\"spacer.default\">\n\t\t\t\t<div class=\"elementor-widget-container\">\n\t\t\t\t\t\t\t<div class=\"elementor-spacer\">\n\t\t\t<div class=\"elementor-spacer-inner\"><\/div>\n\t\t<\/div>\n\t\t\t\t\t\t<\/div>\n\t\t\t\t<\/div>\n\t\t\t\t\t<\/div>\n\t\t<\/div>\n\t\t\t\t\t<\/div>\n\t\t<\/section>\n\t\t\t\t<section class=\"elementor-section elementor-top-section elementor-element elementor-element-2cdfc47 elementor-section-stretched elementor-section-boxed elementor-section-height-default elementor-section-height-default sc_fly_static\" data-id=\"2cdfc47\" data-element_type=\"section\" data-e-type=\"section\" data-settings=\"{&quot;stretch_section&quot;:&quot;section-stretched&quot;}\">\n\t\t\t\t\t\t<div class=\"elementor-container elementor-column-gap-extended\">\n\t\t\t\t\t<div class=\"elementor-column elementor-col-100 elementor-top-column elementor-element elementor-element-0954298 sc_content_align_inherit sc_layouts_column_icons_position_left sc_fly_static\" data-id=\"0954298\" data-element_type=\"column\" data-e-type=\"column\" data-settings=\"{&quot;background_background&quot;:&quot;classic&quot;}\">\n\t\t\t<div class=\"elementor-widget-wrap elementor-element-populated\">\n\t\t\t\t\t\t<section class=\"elementor-section elementor-inner-section elementor-element elementor-element-35daa82 elementor-reverse-mobile elementor-section-boxed elementor-section-height-default elementor-section-height-default sc_fly_static\" data-id=\"35daa82\" data-element_type=\"section\" data-e-type=\"section\">\n\t\t\t\t\t\t<div class=\"elementor-container elementor-column-gap-extended\">\n\t\t\t\t\t<div class=\"elementor-column elementor-col-50 elementor-inner-column elementor-element elementor-element-5f4ca32 sc_content_align_inherit sc_layouts_column_icons_position_left sc_fly_static\" data-id=\"5f4ca32\" data-element_type=\"column\" data-e-type=\"column\">\n\t\t\t<div class=\"elementor-widget-wrap elementor-element-populated\">\n\t\t\t\t\t\t<div class=\"elementor-element elementor-element-b99b2a4 sc_fly_static elementor-widget elementor-widget-image\" data-id=\"b99b2a4\" data-element_type=\"widget\" data-e-type=\"widget\" data-widget_type=\"image.default\">\n\t\t\t\t<div class=\"elementor-widget-container\">\n\t\t\t\t\t\t\t\t\t\t\t\t\t\t\t<img decoding=\"async\" width=\"800\" height=\"600\" src=\"https:\/\/studer-innotec.com\/wp-content\/uploads\/2025\/09\/factory-sion-black.svg\" class=\"attachment-large size-large wp-image-33655\" alt=\"factory-sion - black\" \/>\t\t\t\t\t\t\t\t\t\t\t\t\t\t\t<\/div>\n\t\t\t\t<\/div>\n\t\t\t\t\t<\/div>\n\t\t<\/div>\n\t\t\t\t<div class=\"elementor-column elementor-col-50 elementor-inner-column elementor-element elementor-element-35618e1 sc_content_align_inherit sc_layouts_column_icons_position_left sc_fly_static\" data-id=\"35618e1\" data-element_type=\"column\" data-e-type=\"column\">\n\t\t\t<div class=\"elementor-widget-wrap elementor-element-populated\">\n\t\t\t\t\t\t<div class=\"elementor-element elementor-element-d2aac9a sc_fly_static elementor-widget elementor-widget-heading\" data-id=\"d2aac9a\" data-element_type=\"widget\" data-e-type=\"widget\" data-widget_type=\"heading.default\">\n\t\t\t\t<div class=\"elementor-widget-container\">\n\t\t\t\t\t<h3 class=\"elementor-heading-title elementor-size-default\">Halte \u00e0 l\u2019obsolescence<\/h3>\t\t\t\t<\/div>\n\t\t\t\t<\/div>\n\t\t\t\t<div class=\"elementor-element elementor-element-8b788ad sc_fly_static elementor-widget elementor-widget-spacer\" data-id=\"8b788ad\" data-element_type=\"widget\" data-e-type=\"widget\" data-widget_type=\"spacer.default\">\n\t\t\t\t<div class=\"elementor-widget-container\">\n\t\t\t\t\t\t\t<div class=\"elementor-spacer\">\n\t\t\t<div class=\"elementor-spacer-inner\"><\/div>\n\t\t<\/div>\n\t\t\t\t\t\t<\/div>\n\t\t\t\t<\/div>\n\t\t\t\t<div class=\"elementor-element elementor-element-46a6c23 sc_fly_static elementor-widget elementor-widget-text-editor\" data-id=\"46a6c23\" data-element_type=\"widget\" data-e-type=\"widget\" data-widget_type=\"text-editor.default\">\n\t\t\t\t<div class=\"elementor-widget-container\">\n\t\t\t\t\t\t\t\t\t<p>Chez Studer, nous essayons \u00e0 tout prix de lutter contre l\u2019obsolescence programm\u00e9e, par respect pour nos clients et pour notre plan\u00e8te. Nos produits haut de gamme sont con\u00e7us pour durer. Ils peuvent \u00eatre r\u00e9par\u00e9s et vous accompagneront pendant plus d\u2019une g\u00e9n\u00e9ration. Nos produits ont une longue dur\u00e9e de vie commerciale (par exemple, l\u2019<a href=\"https:\/\/studer-innotec.com\/fr\/xtender-xth\/\">xtender xth<\/a> est sorti en 2007 et l&rsquo;<a href=\"https:\/\/studer-innotec.com\/fr\/aj2100-2400\/\">aj<\/a> en 1998), ce qui garantit des extensions du syst\u00e8me pendant longtemps.   <\/p>\t\t\t\t\t\t\t\t<\/div>\n\t\t\t\t<\/div>\n\t\t\t\t\t<\/div>\n\t\t<\/div>\n\t\t\t\t\t<\/div>\n\t\t<\/section>\n\t\t\t\t\t<\/div>\n\t\t<\/div>\n\t\t\t\t\t<\/div>\n\t\t<\/section>\n\t\t\t\t<\/div>\n\t\t","protected":false},"excerpt":{"rendered":"<p>Studer Innotec : une qualit\u00e9 intemporelle Une garantie de 10 ans Tous nos produits et accessoires des s\u00e9ries aj, vario, xtender et next b\u00e9n\u00e9ficient de l&rsquo;une des plus longues p\u00e9riodes&hellip;<\/p>\n","protected":false},"author":3,"featured_media":0,"parent":0,"menu_order":0,"comment_status":"closed","ping_status":"closed","template":"","meta":{"footnotes":""},"class_list":["post-33656","page","type-page","status-publish","hentry"],"yoast_head":"<!-- This site is optimized with the Yoast SEO plugin v27.3 - https:\/\/yoast.com\/product\/yoast-seo-wordpress\/ -->\n<title>Studer care : garantie et service | Support durable et qualit\u00e9 - Studer Innotec<\/title>\n<meta name=\"description\" content=\"Studer care : garantie et service avec une garantie de 10 ans, un support professionnel d\u00e9di\u00e9 et un service longue dur\u00e9e pour vos \u00e9quipements Studer.\" \/>\n<meta name=\"robots\" content=\"index, follow, max-snippet:-1, max-image-preview:large, max-video-preview:-1\" \/>\n<link rel=\"canonical\" href=\"https:\/\/studer-innotec.com\/fr\/studer-care\/\" \/>\n<meta property=\"og:locale\" content=\"fr_FR\" \/>\n<meta property=\"og:type\" content=\"article\" \/>\n<meta property=\"og:title\" content=\"Studer care : garantie et service apr\u00e8s-vente\" \/>\n<meta property=\"og:description\" content=\"Studer care : garantie et service avec une garantie de 10 ans, un support professionnel d\u00e9di\u00e9 et un service longue dur\u00e9e pour vos \u00e9quipements Studer.\" \/>\n<meta property=\"og:url\" content=\"https:\/\/studer-innotec.com\/fr\/studer-care\/\" \/>\n<meta property=\"og:site_name\" content=\"Studer Innotec\" \/>\n<meta property=\"article:publisher\" content=\"https:\/\/www.facebook.com\/StuderInnotec\" \/>\n<meta property=\"article:modified_time\" content=\"2026-01-15T13:42:53+00:00\" \/>\n<meta property=\"og:image\" content=\"https:\/\/studer-innotec.com\/wp-content\/uploads\/2025\/06\/care-warranty.svg\" \/>\n<meta name=\"twitter:card\" content=\"summary_large_image\" \/>\n<meta name=\"twitter:title\" content=\"Studer care : garantie et service apr\u00e8s-vente\" \/>\n<meta name=\"twitter:description\" content=\"Studer care : garantie et service avec une garantie de 10 ans, un support professionnel d\u00e9di\u00e9 et un service longue dur\u00e9e pour vos \u00e9quipements Studer.\" \/>\n<meta name=\"twitter:label1\" content=\"Dur\u00e9e de lecture estim\u00e9e\" \/>\n\t<meta name=\"twitter:data1\" content=\"2 minutes\" \/>\n<script type=\"application\/ld+json\" class=\"yoast-schema-graph\">{\"@context\":\"https:\\\/\\\/schema.org\",\"@graph\":[{\"@type\":\"WebPage\",\"@id\":\"https:\\\/\\\/studer-innotec.com\\\/fr\\\/studer-care\\\/\",\"url\":\"https:\\\/\\\/studer-innotec.com\\\/fr\\\/studer-care\\\/\",\"name\":\"Studer care : garantie et service | Support durable et qualit\u00e9 - Studer Innotec\",\"isPartOf\":{\"@id\":\"https:\\\/\\\/studer-innotec.com\\\/fr\\\/#website\"},\"primaryImageOfPage\":{\"@id\":\"https:\\\/\\\/studer-innotec.com\\\/fr\\\/studer-care\\\/#primaryimage\"},\"image\":{\"@id\":\"https:\\\/\\\/studer-innotec.com\\\/fr\\\/studer-care\\\/#primaryimage\"},\"thumbnailUrl\":\"https:\\\/\\\/studer-innotec.com\\\/wp-content\\\/uploads\\\/2025\\\/06\\\/care-warranty.svg\",\"datePublished\":\"2024-08-05T09:43:40+00:00\",\"dateModified\":\"2026-01-15T13:42:53+00:00\",\"description\":\"Studer care : garantie et service avec une garantie de 10 ans, un support professionnel d\u00e9di\u00e9 et un service longue dur\u00e9e pour vos \u00e9quipements Studer.\",\"breadcrumb\":{\"@id\":\"https:\\\/\\\/studer-innotec.com\\\/fr\\\/studer-care\\\/#breadcrumb\"},\"inLanguage\":\"fr-FR\",\"potentialAction\":[{\"@type\":\"ReadAction\",\"target\":[\"https:\\\/\\\/studer-innotec.com\\\/fr\\\/studer-care\\\/\"]}]},{\"@type\":\"ImageObject\",\"inLanguage\":\"fr-FR\",\"@id\":\"https:\\\/\\\/studer-innotec.com\\\/fr\\\/studer-care\\\/#primaryimage\",\"url\":\"https:\\\/\\\/studer-innotec.com\\\/wp-content\\\/uploads\\\/2025\\\/06\\\/care-warranty.svg\",\"contentUrl\":\"https:\\\/\\\/studer-innotec.com\\\/wp-content\\\/uploads\\\/2025\\\/06\\\/care-warranty.svg\"},{\"@type\":\"BreadcrumbList\",\"@id\":\"https:\\\/\\\/studer-innotec.com\\\/fr\\\/studer-care\\\/#breadcrumb\",\"itemListElement\":[{\"@type\":\"ListItem\",\"position\":1,\"name\":\"Home\",\"item\":\"https:\\\/\\\/studer-innotec.com\\\/fr\\\/page-daccueil\\\/\"},{\"@type\":\"ListItem\",\"position\":2,\"name\":\"Studer Care\"}]},{\"@type\":\"WebSite\",\"@id\":\"https:\\\/\\\/studer-innotec.com\\\/fr\\\/#website\",\"url\":\"https:\\\/\\\/studer-innotec.com\\\/fr\\\/\",\"name\":\"Studer Innotec\",\"description\":\"Leader in offgrid power management\",\"publisher\":{\"@id\":\"https:\\\/\\\/studer-innotec.com\\\/fr\\\/#organization\"},\"alternateName\":\"Studer Innotec\",\"potentialAction\":[{\"@type\":\"SearchAction\",\"target\":{\"@type\":\"EntryPoint\",\"urlTemplate\":\"https:\\\/\\\/studer-innotec.com\\\/fr\\\/?s={search_term_string}\"},\"query-input\":{\"@type\":\"PropertyValueSpecification\",\"valueRequired\":true,\"valueName\":\"search_term_string\"}}],\"inLanguage\":\"fr-FR\"},{\"@type\":\"Organization\",\"@id\":\"https:\\\/\\\/studer-innotec.com\\\/fr\\\/#organization\",\"name\":\"Studer Innotec\",\"alternateName\":\"Studer Innotec\",\"url\":\"https:\\\/\\\/studer-innotec.com\\\/fr\\\/\",\"logo\":{\"@type\":\"ImageObject\",\"inLanguage\":\"fr-FR\",\"@id\":\"https:\\\/\\\/studer-innotec.com\\\/fr\\\/#\\\/schema\\\/logo\\\/image\\\/\",\"url\":\"https:\\\/\\\/studer-innotec.com\\\/wp-content\\\/uploads\\\/2024\\\/06\\\/logo-studer-noir-1.png\",\"contentUrl\":\"https:\\\/\\\/studer-innotec.com\\\/wp-content\\\/uploads\\\/2024\\\/06\\\/logo-studer-noir-1.png\",\"width\":182,\"height\":98,\"caption\":\"Studer Innotec\"},\"image\":{\"@id\":\"https:\\\/\\\/studer-innotec.com\\\/fr\\\/#\\\/schema\\\/logo\\\/image\\\/\"},\"sameAs\":[\"https:\\\/\\\/www.facebook.com\\\/StuderInnotec\",\"https:\\\/\\\/www.linkedin.com\\\/company\\\/studer-innotec\\\/\",\"https:\\\/\\\/www.instagram.com\\\/studerinnotec\\\/\",\"https:\\\/\\\/www.youtube.com\\\/channel\\\/UCVV4mlwSrtnFWSbE6iIFRBg\"]}]}<\/script>\n<!-- \/ Yoast SEO plugin. -->","yoast_head_json":{"title":"Studer care : garantie et service | Support durable et qualit\u00e9 - Studer Innotec","description":"Studer care : garantie et service avec une garantie de 10 ans, un support professionnel d\u00e9di\u00e9 et un service longue dur\u00e9e pour vos \u00e9quipements Studer.","robots":{"index":"index","follow":"follow","max-snippet":"max-snippet:-1","max-image-preview":"max-image-preview:large","max-video-preview":"max-video-preview:-1"},"canonical":"https:\/\/studer-innotec.com\/fr\/studer-care\/","og_locale":"fr_FR","og_type":"article","og_title":"Studer care : garantie et service apr\u00e8s-vente","og_description":"Studer care : garantie et service avec une garantie de 10 ans, un support professionnel d\u00e9di\u00e9 et un service longue dur\u00e9e pour vos \u00e9quipements Studer.","og_url":"https:\/\/studer-innotec.com\/fr\/studer-care\/","og_site_name":"Studer Innotec","article_publisher":"https:\/\/www.facebook.com\/StuderInnotec","article_modified_time":"2026-01-15T13:42:53+00:00","og_image":[{"url":"https:\/\/studer-innotec.com\/wp-content\/uploads\/2025\/06\/care-warranty.svg","type":"","width":"","height":""}],"twitter_card":"summary_large_image","twitter_title":"Studer care : garantie et service apr\u00e8s-vente","twitter_description":"Studer care : garantie et service avec une garantie de 10 ans, un support professionnel d\u00e9di\u00e9 et un service longue dur\u00e9e pour vos \u00e9quipements Studer.","twitter_misc":{"Dur\u00e9e de lecture estim\u00e9e":"2 minutes"},"schema":{"@context":"https:\/\/schema.org","@graph":[{"@type":"WebPage","@id":"https:\/\/studer-innotec.com\/fr\/studer-care\/","url":"https:\/\/studer-innotec.com\/fr\/studer-care\/","name":"Studer care : garantie et service | Support durable et qualit\u00e9 - Studer Innotec","isPartOf":{"@id":"https:\/\/studer-innotec.com\/fr\/#website"},"primaryImageOfPage":{"@id":"https:\/\/studer-innotec.com\/fr\/studer-care\/#primaryimage"},"image":{"@id":"https:\/\/studer-innotec.com\/fr\/studer-care\/#primaryimage"},"thumbnailUrl":"https:\/\/studer-innotec.com\/wp-content\/uploads\/2025\/06\/care-warranty.svg","datePublished":"2024-08-05T09:43:40+00:00","dateModified":"2026-01-15T13:42:53+00:00","description":"Studer care : garantie et service avec une garantie de 10 ans, un support professionnel d\u00e9di\u00e9 et un service longue dur\u00e9e pour vos \u00e9quipements Studer.","breadcrumb":{"@id":"https:\/\/studer-innotec.com\/fr\/studer-care\/#breadcrumb"},"inLanguage":"fr-FR","potentialAction":[{"@type":"ReadAction","target":["https:\/\/studer-innotec.com\/fr\/studer-care\/"]}]},{"@type":"ImageObject","inLanguage":"fr-FR","@id":"https:\/\/studer-innotec.com\/fr\/studer-care\/#primaryimage","url":"https:\/\/studer-innotec.com\/wp-content\/uploads\/2025\/06\/care-warranty.svg","contentUrl":"https:\/\/studer-innotec.com\/wp-content\/uploads\/2025\/06\/care-warranty.svg"},{"@type":"BreadcrumbList","@id":"https:\/\/studer-innotec.com\/fr\/studer-care\/#breadcrumb","itemListElement":[{"@type":"ListItem","position":1,"name":"Home","item":"https:\/\/studer-innotec.com\/fr\/page-daccueil\/"},{"@type":"ListItem","position":2,"name":"Studer Care"}]},{"@type":"WebSite","@id":"https:\/\/studer-innotec.com\/fr\/#website","url":"https:\/\/studer-innotec.com\/fr\/","name":"Studer Innotec","description":"Leader in offgrid power management","publisher":{"@id":"https:\/\/studer-innotec.com\/fr\/#organization"},"alternateName":"Studer Innotec","potentialAction":[{"@type":"SearchAction","target":{"@type":"EntryPoint","urlTemplate":"https:\/\/studer-innotec.com\/fr\/?s={search_term_string}"},"query-input":{"@type":"PropertyValueSpecification","valueRequired":true,"valueName":"search_term_string"}}],"inLanguage":"fr-FR"},{"@type":"Organization","@id":"https:\/\/studer-innotec.com\/fr\/#organization","name":"Studer Innotec","alternateName":"Studer Innotec","url":"https:\/\/studer-innotec.com\/fr\/","logo":{"@type":"ImageObject","inLanguage":"fr-FR","@id":"https:\/\/studer-innotec.com\/fr\/#\/schema\/logo\/image\/","url":"https:\/\/studer-innotec.com\/wp-content\/uploads\/2024\/06\/logo-studer-noir-1.png","contentUrl":"https:\/\/studer-innotec.com\/wp-content\/uploads\/2024\/06\/logo-studer-noir-1.png","width":182,"height":98,"caption":"Studer Innotec"},"image":{"@id":"https:\/\/studer-innotec.com\/fr\/#\/schema\/logo\/image\/"},"sameAs":["https:\/\/www.facebook.com\/StuderInnotec","https:\/\/www.linkedin.com\/company\/studer-innotec\/","https:\/\/www.instagram.com\/studerinnotec\/","https:\/\/www.youtube.com\/channel\/UCVV4mlwSrtnFWSbE6iIFRBg"]}]}},"_links":{"self":[{"href":"https:\/\/studer-innotec.com\/fr\/wp-json\/wp\/v2\/pages\/33656","targetHints":{"allow":["GET"]}}],"collection":[{"href":"https:\/\/studer-innotec.com\/fr\/wp-json\/wp\/v2\/pages"}],"about":[{"href":"https:\/\/studer-innotec.com\/fr\/wp-json\/wp\/v2\/types\/page"}],"author":[{"embeddable":true,"href":"https:\/\/studer-innotec.com\/fr\/wp-json\/wp\/v2\/users\/3"}],"replies":[{"embeddable":true,"href":"https:\/\/studer-innotec.com\/fr\/wp-json\/wp\/v2\/comments?post=33656"}],"version-history":[{"count":4,"href":"https:\/\/studer-innotec.com\/fr\/wp-json\/wp\/v2\/pages\/33656\/revisions"}],"predecessor-version":[{"id":41926,"href":"https:\/\/studer-innotec.com\/fr\/wp-json\/wp\/v2\/pages\/33656\/revisions\/41926"}],"wp:attachment":[{"href":"https:\/\/studer-innotec.com\/fr\/wp-json\/wp\/v2\/media?parent=33656"}],"curies":[{"name":"wp","href":"https:\/\/api.w.org\/{rel}","templated":true}]}}